{"id":1857,"date":"2013-10-22T19:40:07","date_gmt":"2013-10-22T19:40:07","guid":{"rendered":"http:\/\/royalfamily.dev\/?page_id=1857"},"modified":"2026-02-05T10:14:38","modified_gmt":"2026-02-05T09:14:38","slug":"hrh-hereditary-prince-peter-lat","status":"publish","type":"page","link":"https:\/\/royalfamily.org\/lat\/krunsko-vece\/hrh-hereditary-prince-peter-lat\/","title":{"rendered":"NJ.K.V. Princ Petar"},"content":{"rendered":"<div class=\"fusion-fullwidth fullwidth-box fusion-builder-row-1 nonhundred-percent-fullwidth non-hundred-percent-height-scrolling fusion-equal-height-columns\" style=\"--awb-border-radius-top-left:0px;--awb-border-radius-top-right:0px;--awb-border-radius-bottom-right:0px;--awb-border-radius-bottom-left:0px;--awb-padding-right:7%;--awb-padding-left:7%;--awb-flex-wrap:wrap;\" ><div class=\"fusion-builder-row fusion-row\"><div class=\"fusion-layout-column fusion_builder_column fusion-builder-column-0 fusion_builder_column_1_4 1_4 fusion-one-fourth fusion-column-first fusion-no-small-visibility fusion-no-medium-visibility\" style=\"--awb-padding-top:4%;--awb-padding-right:4%;--awb-padding-bottom:4%;--awb-padding-left:4%;--awb-bg-color:#eaeaea;--awb-bg-color-hover:#eaeaea;--awb-bg-size:cover;width:25%;width:calc(25% - ( ( 4% ) * 0.25 ) );margin-right: 4%;\"><div class=\"fusion-column-wrapper fusion-column-has-shadow fusion-flex-column-wrapper-legacy\"><div class=\"fusion-widget-area awb-widget-area-element fusion-widget-area-1 fusion-content-widget-area\" style=\"--awb-background-color:#e8e8e8;--awb-title-color:#333333;--awb-padding:4% 4% 4% 4%;\"><div id=\"text-12\" class=\"widget widget_text\" style=\"border-style: solid;border-color:transparent;border-width:0px;\">\t\t\t<div class=\"textwidget\"><p><a href=\"https:\/\/royalfamily.org\/lat\/krunsko-vece\/hrh-hereditary-prince-peter-lat\/\">NJ.K.V. Princ Petar<\/a><\/p>\n<p><a href=\"https:\/\/royalfamily.org\/lat\/krunsko-vece\/hrh-prince-philip-lat\/\">NJ.K.V. Princ Naslednik Filip<\/a><\/p>\n<p><a href=\"https:\/\/royalfamily.org\/lat\/krunsko-vece\/hrh-prince-alexander-lat\/\">NJ.K.V. Princ Aleksandar<\/a><\/p>\n<p><a href=\"https:\/\/royalfamily.org\/lat\/krunsko-vece\/branko-terzic-lat\/\">Branko Terzi\u0107<\/a><\/p>\n<p><a href=\"https:\/\/royalfamily.org\/lat\/krunsko-vece\/dragomir-acovic-lat\/\">Dragomir Acovi\u0107<\/a><\/p>\n<p><a href=\"https:\/\/royalfamily.org\/lat\/krunsko-vece\/dusan-babac-lat\/\">Du\u0161an Babac<\/a><\/p>\n<p><a href=\"https:\/\/royalfamily.org\/lat\/krunsko-vece\/djurdje-ninkovic-lat\/\">\u0110ur\u0111e Ninkovi\u0107<\/a><\/p>\n<p><a href=\"https:\/\/royalfamily.org\/lat\/krunsko-vece\/dusica-lecic-tosevski\/\">Du\u0161ica Le\u010di\u0107 To\u0161evski<\/a><\/p>\n<p><strong>Preminuli \u010dlanovi Krunskog ve\u0107a<\/strong><\/p>\n<p><a href=\"https:\/\/royalfamily.org\/lat\/%d1%92%d0%be%d1%80%d1%92%d0%b5-%d0%bd%d0%be%d0%b2%d0%b0%d0%ba%d0%be%d0%b2%d0%b8%d1%9b-cir\/\">\u0110or\u0111e Novakovic<\/a><\/p>\n<\/div>\n\t\t<\/div><div class=\"fusion-additional-widget-content\"><\/div><\/div><div class=\"fusion-clearfix\"><\/div><\/div><\/div><div class=\"fusion-layout-column fusion_builder_column fusion-builder-column-1 fusion_builder_column_3_4 3_4 fusion-three-fourth fusion-column-last\" style=\"--awb-bg-size:cover;--awb-margin-bottom:0px;width:75%;width:calc(75% - ( ( 4% ) * 0.75 ) );\"><div class=\"fusion-column-wrapper fusion-flex-column-wrapper-legacy\"><div class=\"fusion-image-element fusion-image-align-center in-legacy-container\" style=\"text-align:center;--awb-caption-title-font-family:var(--h2_typography-font-family);--awb-caption-title-font-weight:var(--h2_typography-font-weight);--awb-caption-title-font-style:var(--h2_typography-font-style);--awb-caption-title-size:var(--h2_typography-font-size);--awb-caption-title-transform:var(--h2_typography-text-transform);--awb-caption-title-line-height:var(--h2_typography-line-height);--awb-caption-title-letter-spacing:var(--h2_typography-letter-spacing);\"><div class=\"imageframe-align-center\"><span class=\" fusion-imageframe imageframe-none imageframe-1 hover-type-none\"><img decoding=\"async\" width=\"740\" height=\"350\" title=\"NJ.K.V. Princ Naslednik Petar\" src=\"https:\/\/royalfamily.org\/wp-content\/uploads\/2013\/09\/petar1.jpg\" alt class=\"img-responsive wp-image-880\" srcset=\"https:\/\/royalfamily.org\/wp-content\/uploads\/2013\/09\/petar1-300x141.jpg 300w, https:\/\/royalfamily.org\/wp-content\/uploads\/2013\/09\/petar1-500x236.jpg 500w, https:\/\/royalfamily.org\/wp-content\/uploads\/2013\/09\/petar1-700x331.jpg 700w, https:\/\/royalfamily.org\/wp-content\/uploads\/2013\/09\/petar1.jpg 740w\" sizes=\"(max-width: 740px) 100vw, 740px\" \/><\/span><\/div><\/div><div class=\"fusion-sep-clear\"><\/div><div class=\"fusion-separator fusion-full-width-sep\" style=\"margin-left: auto;margin-right: auto;margin-top:3%;width:100%;\"><\/div><div class=\"fusion-sep-clear\"><\/div><div class=\"fusion-text fusion-text-1\"><p style=\"text-align: justify;\">Nj.K.V. Princ naslednik Petar je ro\u0111en 5.februara 1980 u \u010cikagu u dr\u017eavi Ilinois. Najstariji je sin Nj.K.V. Prestolonaslednika Aleksandra i Nj.I.K.V. Princeze Marije da Glorije od Orleansa i Bragance. Princ Petar je unuk Nj.V.Kralja Petra II I Nj.V. Kraljice Aleksandre. Njegov kr\u0161teni kum je Nj.K.V. Knez Aleksandar od Jugoslavije, sin Nj.K.V. Kneza Regenta Pavla od Jugoslavije.<\/p>\n<p style=\"text-align: justify;\">Princ Petar je \u017eiveo u \u010cikagu do kraja 1981.godine,kada se preselio sa roditeljima u Vird\u017einiju gde je poha\u0111ao obdani\u0161te Tajsons Korner 1983.godine. U Londonu, kada mu je bilo osam godina poha\u0111ao jedno od najcenjenijih pripremnih \u0161kola za pred\u0161kolski uzrast.<\/p>\n<p>Princ Petar sa trinaest godina upisao je Kraljevsku \u0161kolu u Kenterberiju u Engleskoj, gde je diplomirao 1998. godine sa tri nivoa \u201eA\u201c iz umetnosti, \u0161panskog i francuskog jezika i deset ocena GCSE (Op\u0161te svedo\u010danstvo o srednjem obrazovanju).<\/p>\n<p style=\"text-align: justify;\">Princ Petar diplomirao je na Kenterberijskoj Kraljevskoj \u0161koli u Engleskoj sa najvi\u0161im ocenama iz umetnosti, francuskog i \u0161panskog jezika kao i deset GCSE sertifikata visokog obrazovanja. Poha\u0111ao je i \u00a0sa uspehom zavr\u0161io kurs Kambervel koled\u017ea za umetnost Instituta u Londonu. Princ Petar se usavr\u0161avao u Evropi na polju dizajna i ilustrovanja uglavnom u Sevilji i Barseloni. U presti\u017enoj \u0161koli dizajna na Roud Ajlendu na Isto\u010dnoj obali Sjedinjenih dr\u017eava \u00a0usavr\u0161avao se godinu dana nakon \u010dega je usledila uspe\u0161na karijera u Londonu \u00a0i Njujorku u oblasti grafi\u010dkog dizajna i umetnosti gde je imao priliku da sara\u0111uje sa brojnim poznatim brendovima i me\u0111unarodnim klijentima. Njegova pasija je razvoj vizualnih koncepata kroz saradnju sa kreativcima iz drugih oblasti interesovanja zarad postizanja raznovrsnosti ideja i medija komunikacije.<\/p>\n<\/div><div class=\"fusion-widget-area awb-widget-area-element fusion-widget-area-2 fusion-content-widget-area fusion-no-large-visibility\" style=\"--awb-background-color:#e8e8e8;--awb-title-color:#333333;--awb-padding:4% 4% 4% 4%;\"><div id=\"text-12\" class=\"widget widget_text\" style=\"border-style: solid;border-color:transparent;border-width:0px;\">\t\t\t<div class=\"textwidget\"><p><a href=\"https:\/\/royalfamily.org\/lat\/krunsko-vece\/hrh-hereditary-prince-peter-lat\/\">NJ.K.V. Princ Petar<\/a><\/p>\n<p><a href=\"https:\/\/royalfamily.org\/lat\/krunsko-vece\/hrh-prince-philip-lat\/\">NJ.K.V. Princ Naslednik Filip<\/a><\/p>\n<p><a href=\"https:\/\/royalfamily.org\/lat\/krunsko-vece\/hrh-prince-alexander-lat\/\">NJ.K.V. Princ Aleksandar<\/a><\/p>\n<p><a href=\"https:\/\/royalfamily.org\/lat\/krunsko-vece\/branko-terzic-lat\/\">Branko Terzi\u0107<\/a><\/p>\n<p><a href=\"https:\/\/royalfamily.org\/lat\/krunsko-vece\/dragomir-acovic-lat\/\">Dragomir Acovi\u0107<\/a><\/p>\n<p><a href=\"https:\/\/royalfamily.org\/lat\/krunsko-vece\/dusan-babac-lat\/\">Du\u0161an Babac<\/a><\/p>\n<p><a href=\"https:\/\/royalfamily.org\/lat\/krunsko-vece\/djurdje-ninkovic-lat\/\">\u0110ur\u0111e Ninkovi\u0107<\/a><\/p>\n<p><a href=\"https:\/\/royalfamily.org\/lat\/krunsko-vece\/dusica-lecic-tosevski\/\">Du\u0161ica Le\u010di\u0107 To\u0161evski<\/a><\/p>\n<p><strong>Preminuli \u010dlanovi Krunskog ve\u0107a<\/strong><\/p>\n<p><a href=\"https:\/\/royalfamily.org\/lat\/%d1%92%d0%be%d1%80%d1%92%d0%b5-%d0%bd%d0%be%d0%b2%d0%b0%d0%ba%d0%be%d0%b2%d0%b8%d1%9b-cir\/\">\u0110or\u0111e Novakovic<\/a><\/p>\n<\/div>\n\t\t<\/div><div class=\"fusion-additional-widget-content\"><\/div><\/div><div class=\"fusion-sep-clear\"><\/div><div class=\"fusion-separator fusion-no-large-visibility fusion-full-width-sep\" style=\"margin-left: auto;margin-right: auto;width:100%;\"><div class=\"fusion-separator-border sep-double\" style=\"--awb-height:20px;--awb-amount:20px;border-color:#e0dede;border-top-width:1px;border-bottom-width:1px;\"><\/div><\/div><div class=\"fusion-sep-clear\"><\/div><div class=\"fusion-clearfix\"><\/div><\/div><\/div><div class=\"fusion-layout-column fusion_builder_column fusion-builder-column-2 fusion_builder_column_1_1 1_1 fusion-one-full fusion-column-first fusion-column-last fusion-column-no-min-height\" style=\"--awb-bg-color:#ffffff;--awb-bg-color-hover:#ffffff;--awb-bg-size:cover;\"><div class=\"fusion-column-wrapper fusion-column-has-shadow fusion-flex-column-wrapper-legacy\"><div class=\"fusion-sharing-box fusion-sharing-box-1 has-taglines layout-floated layout-medium-floated layout-small-floated\" style=\"background-color:#f6f6f6;--awb-layout:row;--awb-alignment-small:space-between;\" data-title=\"NJ.K.V. Princ Naslednik Petar\" data-description=\"Nj.K.V. Princ naslednik Petar je ro\u0111en 5.februara 1980 u \u010cikagu u dr\u017eavi Ilinois. Najstariji je sin Nj.K.V. Prestolonaslednika Aleksandra i Nj.I.K.V. Princeze Marije da Glorije od Orleansa i Bragance. Princ Petar je unuk Nj.V.Kralja Petra II I Nj.V. Kraljice Aleksandre. Njegov kr\u0161teni kum je Nj.K.V. Knez Aleksandar od Jugoslavije, sin\" data-link=\"https:\/\/royalfamily.org\/lat\/privy-council\/hrh-hereditary-prince-peter-lat\/\"><h4 class=\"tagline\" style=\"color:#333333;\">Podelite ovaj \u010dlanak:<\/h4><div class=\"fusion-social-networks sharingbox-shortcode-icon-wrapper sharingbox-shortcode-icon-wrapper-1\"><span><a href=\"https:\/\/www.facebook.com\/sharer.php?u=https%3A%2F%2Froyalfamily.org%2Flat%2Fprivy-council%2Fhrh-hereditary-prince-peter-lat%2F&amp;t=NJ.K.V.%20Princ%20Naslednik%20Petar\" target=\"_blank\" rel=\"noreferrer nofollow\" title=\"Facebook\" aria-label=\"Facebook\" data-placement=\"top\" data-toggle=\"tooltip\" data-title=\"Facebook\"><i class=\"fusion-social-network-icon fusion-tooltip fusion-facebook awb-icon-facebook\" style=\"color:#2b59ff;\" aria-hidden=\"true\"><\/i><\/a><\/span><span><a href=\"https:\/\/x.com\/intent\/post?text=NJ.K.V.%20Princ%20Naslednik%20Petar&amp;url=https%3A%2F%2Froyalfamily.org%2Flat%2Fprivy-council%2Fhrh-hereditary-prince-peter-lat%2F\" target=\"_blank\" rel=\"noopener noreferrer nofollow\" title=\"X\" aria-label=\"X\" data-placement=\"top\" data-toggle=\"tooltip\" data-title=\"X\"><i class=\"fusion-social-network-icon fusion-tooltip fusion-twitter awb-icon-twitter\" style=\"color:#2b59ff;\" aria-hidden=\"true\"><\/i><\/a><\/span><span><a href=\"https:\/\/reddit.com\/submit?url=https%3A%2F%2Froyalfamily.org%2Flat%2Fprivy-council%2Fhrh-hereditary-prince-peter-lat%2F&amp;title=NJ.K.V.%20Princ%20Naslednik%20Petar\" target=\"_blank\" rel=\"noopener noreferrer nofollow\" title=\"Reddit\" aria-label=\"Reddit\" data-placement=\"top\" data-toggle=\"tooltip\" data-title=\"Reddit\"><i class=\"fusion-social-network-icon fusion-tooltip fusion-reddit awb-icon-reddit\" style=\"color:#2b59ff;\" aria-hidden=\"true\"><\/i><\/a><\/span><span><a href=\"https:\/\/www.linkedin.com\/shareArticle?mini=true&amp;url=https%3A%2F%2Froyalfamily.org%2Flat%2Fprivy-council%2Fhrh-hereditary-prince-peter-lat%2F&amp;title=NJ.K.V.%20Princ%20Naslednik%20Petar&amp;summary=Nj.K.V.%20Princ%20naslednik%20Petar%20je%20ro%C4%91en%205.februara%201980%20u%20%C4%8Cikagu%20u%20dr%C5%BEavi%20Ilinois.%20Najstariji%20je%20sin%20Nj.K.V.%20Prestolonaslednika%20Aleksandra%20i%20Nj.I.K.V.%20Princeze%20Marije%20da%20Glorije%20od%20Orleansa%20i%20Bragance.%20Princ%20Petar%20je%20unuk%20Nj.V.Kralja%20Petra%20II%20I%20Nj.V.%20Kraljice%20Aleksandre.%20Njegov%20kr%C5%A1teni%20kum%20je%20Nj.K.V.%20Knez%20Aleksandar%20od%20Jugoslavije%2C%20sin\" target=\"_blank\" rel=\"noopener noreferrer nofollow\" title=\"LinkedIn\" aria-label=\"LinkedIn\" data-placement=\"top\" data-toggle=\"tooltip\" data-title=\"LinkedIn\"><i class=\"fusion-social-network-icon fusion-tooltip fusion-linkedin awb-icon-linkedin\" style=\"color:#2b59ff;\" aria-hidden=\"true\"><\/i><\/a><\/span><span><a href=\"https:\/\/api.whatsapp.com\/send?text=https%3A%2F%2Froyalfamily.org%2Flat%2Fprivy-council%2Fhrh-hereditary-prince-peter-lat%2F\" target=\"_blank\" rel=\"noopener noreferrer nofollow\" title=\"WhatsApp\" aria-label=\"WhatsApp\" data-placement=\"top\" data-toggle=\"tooltip\" data-title=\"WhatsApp\"><i class=\"fusion-social-network-icon fusion-tooltip fusion-whatsapp awb-icon-whatsapp\" style=\"color:#2b59ff;\" aria-hidden=\"true\"><\/i><\/a><\/span><span><a href=\"https:\/\/www.tumblr.com\/share\/link?url=https%3A%2F%2Froyalfamily.org%2Flat%2Fprivy-council%2Fhrh-hereditary-prince-peter-lat%2F&amp;name=NJ.K.V.%20Princ%20Naslednik%20Petar&amp;description=Nj.K.V.%20Princ%20naslednik%20Petar%20je%20ro%C4%91en%205.februara%201980%20u%20%C4%8Cikagu%20u%20dr%C5%BEavi%20Ilinois.%20Najstariji%20je%20sin%20Nj.K.V.%20Prestolonaslednika%20Aleksandra%20i%20Nj.I.K.V.%20Princeze%20Marije%20da%20Glorije%20od%20Orleansa%20i%20Bragance.%20Princ%20Petar%20je%20unuk%20Nj.V.Kralja%20Petra%20II%20I%20Nj.V.%20Kraljice%20Aleksandre.%20Njegov%20kr%C5%A1teni%20kum%20je%20Nj.K.V.%20Knez%20Aleksandar%20od%20Jugoslavije%2C%20sin\" target=\"_blank\" rel=\"noopener noreferrer nofollow\" title=\"Tumblr\" aria-label=\"Tumblr\" data-placement=\"top\" data-toggle=\"tooltip\" data-title=\"Tumblr\"><i class=\"fusion-social-network-icon fusion-tooltip fusion-tumblr awb-icon-tumblr\" style=\"color:#2b59ff;\" aria-hidden=\"true\"><\/i><\/a><\/span><span><a href=\"https:\/\/pinterest.com\/pin\/create\/button\/?url=https%3A%2F%2Froyalfamily.org%2Flat%2Fprivy-council%2Fhrh-hereditary-prince-peter-lat%2F&amp;description=Nj.K.V.%20Princ%20naslednik%20Petar%20je%20ro%C4%91en%205.februara%201980%20u%20%C4%8Cikagu%20u%20dr%C5%BEavi%20Ilinois.%20Najstariji%20je%20sin%20Nj.K.V.%20Prestolonaslednika%20Aleksandra%20i%20Nj.I.K.V.%20Princeze%20Marije%20da%20Glorije%20od%20Orleansa%20i%20Bragance.%20Princ%20Petar%20je%20unuk%20Nj.V.Kralja%20Petra%20II%20I%20Nj.V.%20Kraljice%20Aleksandre.%20Njegov%20kr%C5%A1teni%20kum%20je%20Nj.K.V.%20Knez%20Aleksandar%20od%20Jugoslavije%2C%20sin&amp;media=\" target=\"_blank\" rel=\"noopener noreferrer nofollow\" title=\"Pinterest\" aria-label=\"Pinterest\" data-placement=\"top\" data-toggle=\"tooltip\" data-title=\"Pinterest\"><i class=\"fusion-social-network-icon fusion-tooltip fusion-pinterest awb-icon-pinterest\" style=\"color:#2b59ff;\" aria-hidden=\"true\"><\/i><\/a><\/span><span><a href=\"https:\/\/vkontakte.ru\/share.php?url=https%3A%2F%2Froyalfamily.org%2Flat%2Fprivy-council%2Fhrh-hereditary-prince-peter-lat%2F&amp;title=NJ.K.V.%20Princ%20Naslednik%20Petar&amp;description=Nj.K.V.%20Princ%20naslednik%20Petar%20je%20ro%C4%91en%205.februara%201980%20u%20%C4%8Cikagu%20u%20dr%C5%BEavi%20Ilinois.%20Najstariji%20je%20sin%20Nj.K.V.%20Prestolonaslednika%20Aleksandra%20i%20Nj.I.K.V.%20Princeze%20Marije%20da%20Glorije%20od%20Orleansa%20i%20Bragance.%20Princ%20Petar%20je%20unuk%20Nj.V.Kralja%20Petra%20II%20I%20Nj.V.%20Kraljice%20Aleksandre.%20Njegov%20kr%C5%A1teni%20kum%20je%20Nj.K.V.%20Knez%20Aleksandar%20od%20Jugoslavije%2C%20sin\" target=\"_blank\" rel=\"noopener noreferrer nofollow\" title=\"Vk\" aria-label=\"Vk\" data-placement=\"top\" data-toggle=\"tooltip\" data-title=\"Vk\"><i class=\"fusion-social-network-icon fusion-tooltip fusion-vk awb-icon-vk\" style=\"color:#2b59ff;\" aria-hidden=\"true\"><\/i><\/a><\/span><span><a href=\"mailto:?subject=NJ.K.V.%20Princ%20Naslednik%20Petar&amp;body=https%3A%2F%2Froyalfamily.org%2Flat%2Fprivy-council%2Fhrh-hereditary-prince-peter-lat%2F\" target=\"_self\" rel=\"nofollow\" title=\"Email\" aria-label=\"Email\" data-placement=\"top\" data-toggle=\"tooltip\" data-title=\"Email\"><i class=\"fusion-social-network-icon fusion-tooltip fusion-mail awb-icon-mail\" style=\"color:#2b59ff;\" aria-hidden=\"true\"><\/i><\/a><\/span><\/div><\/div><div class=\"fusion-clearfix\"><\/div><\/div><\/div><\/div><\/div>\n","protected":false},"excerpt":{"rendered":"","protected":false},"author":1001015,"featured_media":880,"parent":1065,"menu_order":-1,"comment_status":"closed","ping_status":"closed","template":"","meta":{"_acf_changed":false,"footnotes":""},"class_list":["post-1857","page","type-page","status-publish","has-post-thumbnail","hentry"],"acf":[],"yoast_head":"<!-- This site is optimized with the Yoast SEO Premium plugin v27.5 (Yoast SEO v27.5) - https:\/\/yoast.com\/product\/yoast-seo-premium-wordpress\/ -->\n<title>NJ.K.V. Princ Petar - The Royal Family of Serbia<\/title>\n<meta name=\"robots\" content=\"index, follow, max-snippet:-1, max-image-preview:large, max-video-preview:-1\" \/>\n<link rel=\"canonical\" href=\"https:\/\/royalfamily.org\/lat\/krunsko-vece\/hrh-hereditary-prince-peter-lat\/\" \/>\n<meta property=\"og:locale\" content=\"en_US\" \/>\n<meta property=\"og:type\" content=\"article\" \/>\n<meta property=\"og:title\" content=\"NJ.K.V. Princ Petar\" \/>\n<meta property=\"og:url\" content=\"https:\/\/royalfamily.org\/lat\/krunsko-vece\/hrh-hereditary-prince-peter-lat\/\" \/>\n<meta property=\"og:site_name\" content=\"The Royal Family of Serbia\" \/>\n<meta property=\"article:publisher\" content=\"https:\/\/www.facebook.com\/Prestolonaslednik.Aleksandar\" \/>\n<meta property=\"article:modified_time\" content=\"2026-02-05T09:14:38+00:00\" \/>\n<meta property=\"og:image\" content=\"https:\/\/royalfamily.org\/wp-content\/uploads\/2013\/09\/petar1.jpg\" \/>\n\t<meta property=\"og:image:width\" content=\"740\" \/>\n\t<meta property=\"og:image:height\" content=\"350\" \/>\n\t<meta property=\"og:image:type\" content=\"image\/jpeg\" \/>\n<meta name=\"twitter:card\" content=\"summary_large_image\" \/>\n<meta name=\"twitter:label1\" content=\"Est. reading time\" \/>\n\t<meta name=\"twitter:data1\" content=\"2 minutes\" \/>\n<script type=\"application\/ld+json\" class=\"yoast-schema-graph\">{\"@context\":\"https:\\\/\\\/schema.org\",\"@graph\":[{\"@type\":\"WebPage\",\"@id\":\"https:\\\/\\\/royalfamily.org\\\/lat\\\/krunsko-vece\\\/hrh-hereditary-prince-peter-lat\\\/\",\"url\":\"https:\\\/\\\/royalfamily.org\\\/lat\\\/krunsko-vece\\\/hrh-hereditary-prince-peter-lat\\\/\",\"name\":\"NJ.K.V. Princ Petar - The Royal Family of Serbia\",\"isPartOf\":{\"@id\":\"https:\\\/\\\/royalfamily.org\\\/#website\"},\"primaryImageOfPage\":{\"@id\":\"https:\\\/\\\/royalfamily.org\\\/lat\\\/krunsko-vece\\\/hrh-hereditary-prince-peter-lat\\\/#primaryimage\"},\"image\":{\"@id\":\"https:\\\/\\\/royalfamily.org\\\/lat\\\/krunsko-vece\\\/hrh-hereditary-prince-peter-lat\\\/#primaryimage\"},\"thumbnailUrl\":\"https:\\\/\\\/royalfamily.org\\\/wp-content\\\/uploads\\\/2013\\\/09\\\/petar1.jpg\",\"datePublished\":\"2013-10-22T19:40:07+00:00\",\"dateModified\":\"2026-02-05T09:14:38+00:00\",\"breadcrumb\":{\"@id\":\"https:\\\/\\\/royalfamily.org\\\/lat\\\/krunsko-vece\\\/hrh-hereditary-prince-peter-lat\\\/#breadcrumb\"},\"inLanguage\":\"sr-LT\",\"potentialAction\":[{\"@type\":\"ReadAction\",\"target\":[\"https:\\\/\\\/royalfamily.org\\\/lat\\\/krunsko-vece\\\/hrh-hereditary-prince-peter-lat\\\/\"]}]},{\"@type\":\"ImageObject\",\"inLanguage\":\"sr-LT\",\"@id\":\"https:\\\/\\\/royalfamily.org\\\/lat\\\/krunsko-vece\\\/hrh-hereditary-prince-peter-lat\\\/#primaryimage\",\"url\":\"https:\\\/\\\/royalfamily.org\\\/wp-content\\\/uploads\\\/2013\\\/09\\\/petar1.jpg\",\"contentUrl\":\"https:\\\/\\\/royalfamily.org\\\/wp-content\\\/uploads\\\/2013\\\/09\\\/petar1.jpg\",\"width\":740,\"height\":350},{\"@type\":\"BreadcrumbList\",\"@id\":\"https:\\\/\\\/royalfamily.org\\\/lat\\\/krunsko-vece\\\/hrh-hereditary-prince-peter-lat\\\/#breadcrumb\",\"itemListElement\":[{\"@type\":\"ListItem\",\"position\":1,\"name\":\"Home\",\"item\":\"https:\\\/\\\/royalfamily.org\\\/lat\\\/\"},{\"@type\":\"ListItem\",\"position\":2,\"name\":\"Krunsko ve\u0107e\",\"item\":\"https:\\\/\\\/royalfamily.org\\\/lat\\\/krunsko-vece\\\/\"},{\"@type\":\"ListItem\",\"position\":3,\"name\":\"NJ.K.V. Princ Petar\"}]},{\"@type\":\"WebSite\",\"@id\":\"https:\\\/\\\/royalfamily.org\\\/#website\",\"url\":\"https:\\\/\\\/royalfamily.org\\\/\",\"name\":\"The Royal Family of Serbia\",\"description\":\"From the people, for the people\",\"publisher\":{\"@id\":\"https:\\\/\\\/royalfamily.org\\\/#organization\"},\"potentialAction\":[{\"@type\":\"SearchAction\",\"target\":{\"@type\":\"EntryPoint\",\"urlTemplate\":\"https:\\\/\\\/royalfamily.org\\\/?s={search_term_string}\"},\"query-input\":{\"@type\":\"PropertyValueSpecification\",\"valueRequired\":true,\"valueName\":\"search_term_string\"}}],\"inLanguage\":\"sr-LT\"},{\"@type\":\"Organization\",\"@id\":\"https:\\\/\\\/royalfamily.org\\\/#organization\",\"name\":\"Royal Family\",\"url\":\"https:\\\/\\\/royalfamily.org\\\/\",\"logo\":{\"@type\":\"ImageObject\",\"inLanguage\":\"sr-LT\",\"@id\":\"https:\\\/\\\/royalfamily.org\\\/#\\\/schema\\\/logo\\\/image\\\/\",\"url\":\"https:\\\/\\\/royalfamily.org\\\/wp-content\\\/uploads\\\/2019\\\/04\\\/logo-vector-02-V-latinica.png\",\"contentUrl\":\"https:\\\/\\\/royalfamily.org\\\/wp-content\\\/uploads\\\/2019\\\/04\\\/logo-vector-02-V-latinica.png\",\"width\":552,\"height\":99,\"caption\":\"Royal Family\"},\"image\":{\"@id\":\"https:\\\/\\\/royalfamily.org\\\/#\\\/schema\\\/logo\\\/image\\\/\"},\"sameAs\":[\"https:\\\/\\\/www.facebook.com\\\/Prestolonaslednik.Aleksandar\"]}]}<\/script>\n<!-- \/ Yoast SEO Premium plugin. -->","yoast_head_json":{"title":"NJ.K.V. Princ Petar - The Royal Family of Serbia","robots":{"index":"index","follow":"follow","max-snippet":"max-snippet:-1","max-image-preview":"max-image-preview:large","max-video-preview":"max-video-preview:-1"},"canonical":"https:\/\/royalfamily.org\/lat\/krunsko-vece\/hrh-hereditary-prince-peter-lat\/","og_locale":"en_US","og_type":"article","og_title":"NJ.K.V. Princ Petar","og_url":"https:\/\/royalfamily.org\/lat\/krunsko-vece\/hrh-hereditary-prince-peter-lat\/","og_site_name":"The Royal Family of Serbia","article_publisher":"https:\/\/www.facebook.com\/Prestolonaslednik.Aleksandar","article_modified_time":"2026-02-05T09:14:38+00:00","og_image":[{"width":740,"height":350,"url":"https:\/\/royalfamily.org\/wp-content\/uploads\/2013\/09\/petar1.jpg","type":"image\/jpeg"}],"twitter_card":"summary_large_image","twitter_misc":{"Est. reading time":"2 minutes"},"schema":{"@context":"https:\/\/schema.org","@graph":[{"@type":"WebPage","@id":"https:\/\/royalfamily.org\/lat\/krunsko-vece\/hrh-hereditary-prince-peter-lat\/","url":"https:\/\/royalfamily.org\/lat\/krunsko-vece\/hrh-hereditary-prince-peter-lat\/","name":"NJ.K.V. Princ Petar - The Royal Family of Serbia","isPartOf":{"@id":"https:\/\/royalfamily.org\/#website"},"primaryImageOfPage":{"@id":"https:\/\/royalfamily.org\/lat\/krunsko-vece\/hrh-hereditary-prince-peter-lat\/#primaryimage"},"image":{"@id":"https:\/\/royalfamily.org\/lat\/krunsko-vece\/hrh-hereditary-prince-peter-lat\/#primaryimage"},"thumbnailUrl":"https:\/\/royalfamily.org\/wp-content\/uploads\/2013\/09\/petar1.jpg","datePublished":"2013-10-22T19:40:07+00:00","dateModified":"2026-02-05T09:14:38+00:00","breadcrumb":{"@id":"https:\/\/royalfamily.org\/lat\/krunsko-vece\/hrh-hereditary-prince-peter-lat\/#breadcrumb"},"inLanguage":"sr-LT","potentialAction":[{"@type":"ReadAction","target":["https:\/\/royalfamily.org\/lat\/krunsko-vece\/hrh-hereditary-prince-peter-lat\/"]}]},{"@type":"ImageObject","inLanguage":"sr-LT","@id":"https:\/\/royalfamily.org\/lat\/krunsko-vece\/hrh-hereditary-prince-peter-lat\/#primaryimage","url":"https:\/\/royalfamily.org\/wp-content\/uploads\/2013\/09\/petar1.jpg","contentUrl":"https:\/\/royalfamily.org\/wp-content\/uploads\/2013\/09\/petar1.jpg","width":740,"height":350},{"@type":"BreadcrumbList","@id":"https:\/\/royalfamily.org\/lat\/krunsko-vece\/hrh-hereditary-prince-peter-lat\/#breadcrumb","itemListElement":[{"@type":"ListItem","position":1,"name":"Home","item":"https:\/\/royalfamily.org\/lat\/"},{"@type":"ListItem","position":2,"name":"Krunsko ve\u0107e","item":"https:\/\/royalfamily.org\/lat\/krunsko-vece\/"},{"@type":"ListItem","position":3,"name":"NJ.K.V. Princ Petar"}]},{"@type":"WebSite","@id":"https:\/\/royalfamily.org\/#website","url":"https:\/\/royalfamily.org\/","name":"The Royal Family of Serbia","description":"From the people, for the people","publisher":{"@id":"https:\/\/royalfamily.org\/#organization"},"potentialAction":[{"@type":"SearchAction","target":{"@type":"EntryPoint","urlTemplate":"https:\/\/royalfamily.org\/?s={search_term_string}"},"query-input":{"@type":"PropertyValueSpecification","valueRequired":true,"valueName":"search_term_string"}}],"inLanguage":"sr-LT"},{"@type":"Organization","@id":"https:\/\/royalfamily.org\/#organization","name":"Royal Family","url":"https:\/\/royalfamily.org\/","logo":{"@type":"ImageObject","inLanguage":"sr-LT","@id":"https:\/\/royalfamily.org\/#\/schema\/logo\/image\/","url":"https:\/\/royalfamily.org\/wp-content\/uploads\/2019\/04\/logo-vector-02-V-latinica.png","contentUrl":"https:\/\/royalfamily.org\/wp-content\/uploads\/2019\/04\/logo-vector-02-V-latinica.png","width":552,"height":99,"caption":"Royal Family"},"image":{"@id":"https:\/\/royalfamily.org\/#\/schema\/logo\/image\/"},"sameAs":["https:\/\/www.facebook.com\/Prestolonaslednik.Aleksandar"]}]}},"_links":{"self":[{"href":"https:\/\/royalfamily.org\/lat\/wp-json\/wp\/v2\/pages\/1857","targetHints":{"allow":["GET"]}}],"collection":[{"href":"https:\/\/royalfamily.org\/lat\/wp-json\/wp\/v2\/pages"}],"about":[{"href":"https:\/\/royalfamily.org\/lat\/wp-json\/wp\/v2\/types\/page"}],"author":[{"embeddable":true,"href":"https:\/\/royalfamily.org\/lat\/wp-json\/wp\/v2\/users\/1001015"}],"replies":[{"embeddable":true,"href":"https:\/\/royalfamily.org\/lat\/wp-json\/wp\/v2\/comments?post=1857"}],"version-history":[{"count":8,"href":"https:\/\/royalfamily.org\/lat\/wp-json\/wp\/v2\/pages\/1857\/revisions"}],"predecessor-version":[{"id":98251,"href":"https:\/\/royalfamily.org\/lat\/wp-json\/wp\/v2\/pages\/1857\/revisions\/98251"}],"up":[{"embeddable":true,"href":"https:\/\/royalfamily.org\/lat\/wp-json\/wp\/v2\/pages\/1065"}],"wp:featuredmedia":[{"embeddable":true,"href":"https:\/\/royalfamily.org\/lat\/wp-json\/wp\/v2\/media\/880"}],"wp:attachment":[{"href":"https:\/\/royalfamily.org\/lat\/wp-json\/wp\/v2\/media?parent=1857"}],"curies":[{"name":"wp","href":"https:\/\/api.w.org\/{rel}","templated":true}]}}