{"id":1891,"date":"2013-10-22T23:38:41","date_gmt":"2013-10-22T23:38:41","guid":{"rendered":"http:\/\/royalfamily.dev\/?page_id=1891"},"modified":"2022-06-08T10:13:14","modified_gmt":"2022-06-08T08:13:14","slug":"dusan-t-batakovic-lat","status":"publish","type":"page","link":"https:\/\/royalfamily.org\/lat\/dusan-t-batakovic-lat\/","title":{"rendered":"Du\u0161an T. Batakovi\u0107"},"content":{"rendered":"<div class=\"fusion-fullwidth fullwidth-box fusion-builder-row-1 fusion-flex-container nonhundred-percent-fullwidth non-hundred-percent-height-scrolling\" style=\"--awb-border-radius-top-left:0px;--awb-border-radius-top-right:0px;--awb-border-radius-bottom-right:0px;--awb-border-radius-bottom-left:0px;--awb-flex-wrap:wrap;\" ><div class=\"fusion-builder-row fusion-row fusion-flex-align-items-flex-start fusion-flex-content-wrap\" style=\"max-width:1227.2px;margin-left: calc(-4% \/ 2 );margin-right: calc(-4% \/ 2 );\"><div class=\"fusion-layout-column fusion_builder_column fusion-builder-column-0 fusion_builder_column_1_4 1_4 fusion-flex-column\" style=\"--awb-bg-size:cover;--awb-width-large:25%;--awb-margin-top-large:0px;--awb-spacing-right-large:7.68%;--awb-margin-bottom-large:20px;--awb-spacing-left-large:7.68%;--awb-width-medium:100%;--awb-order-medium:0;--awb-spacing-right-medium:1.92%;--awb-spacing-left-medium:1.92%;--awb-width-small:100%;--awb-order-small:0;--awb-spacing-right-small:1.92%;--awb-spacing-left-small:1.92%;\"><div class=\"fusion-column-wrapper fusion-column-has-shadow fusion-flex-justify-content-flex-start fusion-content-layout-column\"><div class=\"fusion-widget-area awb-widget-area-element fusion-widget-area-1 fusion-content-widget-area\" style=\"--awb-background-color:#e8e8e8;--awb-title-color:#333333;--awb-padding:4% 4% 4% 4%;\"><div id=\"text-8\" class=\"widget widget_text\" style=\"border-style: solid;border-color:transparent;border-width:0px;\">\t\t\t<div class=\"textwidget\"><p><a href=\"https:\/\/royalfamily.org\/lat\/krunski-savet\/prof-dr-aleksandar-simic\/\">Aleksandar P. Simi\u0107<\/a><\/p>\n<p><a href=\"https:\/\/royalfamily.org\/lat\/krunski-savet\/bogoljub-sijakovic-lat\/\">Bogoljub \u0160ijakovi\u0107<\/a><\/p>\n<p><a href=\"https:\/\/royalfamily.org\/lat\/krunski-savet\/bojan-sudjic\/\">Bojan Su\u0111i\u0107<\/a><\/p>\n<p><a href=\"https:\/\/royalfamily.org\/lat\/krunski-savet\/cedomir-antic-lat\/\">\u010cedomir Anti\u0107<\/a><\/p>\n<p><a href=\"https:\/\/royalfamily.org\/lat\/krunski-savet\/darko-spasic\/\">Darko Spasi\u0107<\/a><\/p>\n<p><a href=\"https:\/\/royalfamily.org\/lat\/krunski-savet\/dusan-kovacevic-lat\/\">Du\u0161an Kova\u010devi\u0107<\/a><\/p>\n<p><a href=\"https:\/\/royalfamily.org\/lat\/krunski-savet\/emir-kusturica-lat\/\">Emir Kusturica<\/a><\/p>\n<p><a href=\"https:\/\/royalfamily.org\/lat\/krunski-savet\/kosta-cavoski-lat\/\">Kosta \u010cavo\u0161ki<\/a><\/p>\n<p><a href=\"https:\/\/royalfamily.org\/lat\/krunski-savet\/matija-beckovic-lat\/\">Matija Be\u0107kovi\u0107<\/a><\/p>\n<p><a href=\"https:\/\/royalfamily.org\/lat\/krunski-savet\/marko-bumbasirevic\/\">Marko Bumba\u0161irevi\u0107<\/a><\/p>\n<p><a href=\"https:\/\/royalfamily.org\/lat\/krunski-savet\/milan-parivodic-lat\/\">Milan Parivodi\u0107<\/a><\/p>\n<p><a href=\"https:\/\/royalfamily.org\/lat\/krunski-savet\/milosav-tesic\/\">Milosav Te\u0161i\u0107<\/a><\/p>\n<p><a href=\"https:\/\/royalfamily.org\/lat\/krunski-savet\/nikola-moravcevic-lat\/\">Nikola Morav\u010devi\u0107<\/a><\/p>\n<p><a href=\"https:\/\/royalfamily.org\/lat\/krunski-savet\/predrag-markovic-lat\/\">Predrag Markovi\u0107<\/a><\/p>\n<p><a href=\"https:\/\/royalfamily.org\/lat\/krunski-savet\/slobodan-g-markovich-lat\/\">Slobodan G. Markovi\u0107<\/a><\/p>\n<p><a href=\"https:\/\/royalfamily.org\/lat\/krunski-savet\/vladan-vukosavljevic-lat\/\">Vladan Vukosavljevi\u0107<\/a><\/p>\n<p><a href=\"https:\/\/royalfamily.org\/lat\/krunski-savet\/vladan-zivulovic-lat\/\">Vladan \u017divulovi\u0107<\/a><\/p>\n<p><a href=\"https:\/\/royalfamily.org\/lat\/krunski-savet\/zoran-zivanovic\/\">Zoran \u017divanovi\u0107<\/a><\/p>\n<p><strong>Preminuli \u010dlanovi Krunskog saveta<\/strong><\/p>\n<p><a href=\"https:\/\/royalfamily.org\/lat\/krunski-savet\/prof-ivan-antic\/\">Prof. Ivan Anti\u0107<\/a><\/p>\n<p><a href=\"https:\/\/royalfamily.org\/dusan-t-batakovic\/\">Prof. dr Du\u0161an Batakovi\u0107<\/a><\/p>\n<p><a href=\"https:\/\/royalfamily.org\/lat\/krunski-savet\/prof-dr-zivojin-bumbasirevic\/\">Prof. dr \u017divojin Bumba\u0161irevi\u0107<\/a><\/p>\n<p><a href=\"https:\/\/royalfamily.org\/svetlana-velmar-jankovic\">Svetlana Velmar-Jankovi\u0107<\/a><\/p>\n<p><a href=\"https:\/\/royalfamily.org\/lat\/krunski-savet\/prof-dr-slobodan-vitanovic\/\">Prof. dr Slobodan Vitanovi\u0107<\/a><\/p>\n<p><a href=\"https:\/\/royalfamily.org\/lat\/krunski-savet\/dragomir-vitorovic\/\">Prof. dr Dragomir Vitorovi\u0107<\/a><\/p>\n<p><a href=\"https:\/\/royalfamily.org\/lat\/krunski-savet\/miroslav-gasic-lat\/\">Prof. dr Miroslav Ga\u0161i\u0107<\/a><\/p>\n<p><a href=\"https:\/\/royalfamily.org\/lat\/krunski-savet\/milovan-danojlic\/\">Milovan Danojli\u0107<\/a><\/p>\n<p><a href=\"https:\/\/royalfamily.org\/lat\/krunski-savet\/prof-dr-aleks-dragnic\/\">Prof. dr Aleks Dragni\u0107<\/a><\/p>\n<p><a href=\"https:\/\/royalfamily.org\/wp-content\/uploads\/2022\/05\/cover-Stepan-Dragojlovic.jpg\">Stepan Dragojlovi\u0107<\/a><\/p>\n<p><a href=\"https:\/\/royalfamily.org\/lat\/krunski-savet\/dorde-durisic\/\">\u0110or\u0111e \u0110uri\u0161i\u0107<\/a><\/p>\n<p><a href=\"https:\/\/royalfamily.org\/wp-content\/uploads\/2022\/05\/Cover-Milorad-Ilic-blank.jpg\">Milorad Ili\u0107<\/a><\/p>\n<p><a href=\"https:\/\/royalfamily.org\/crown-council\/dragoljub-kavran\">Prof. dr Dragoljub Kavran<\/a><\/p>\n<p><a href=\"https:\/\/royalfamily.org\/lat\/krunski-savet\/borislav-mihajlovic-mihiz\/\">Borislav Mihajlovi\u0107-Mihiz<\/a><\/p>\n<p><a href=\"https:\/\/royalfamily.org\/crown-council\/pavle-nikolic\/\">Prof. dr Pavle Nikoli\u0107<\/a><\/p>\n<p><a href=\"https:\/\/royalfamily.org\/lat\/krunski-savet\/prof-dr-milorad-pavic\/\">Prof. dr Milorad Pavi\u0107<\/a><\/p>\n<p><a href=\"https:\/\/royalfamily.org\/lat\/predrag-palavestra\/\">Prof. dr Predrag Palavestra<\/a><\/p>\n<p><a href=\"https:\/\/royalfamily.org\/lat\/krunski-savet\/borislav-pekic\/\">Borislav Peki\u0107<\/a><\/p>\n<p><a href=\"https:\/\/royalfamily.org\/lat\/slobodan-perovic-lat\/\">Prof. dr Slobodan Perovi\u0107<\/a><\/p>\n<p><a href=\"https:\/\/royalfamily.org\/lat\/krunski-savet\/prof-branko-pesic\/\">Prof. Branko Pe\u0161i\u0107<\/a><\/p>\n<p><a href=\"https:\/\/royalfamily.org\/lat\/krunski-savet\/prof-dr-branko-popovic\/\">Prof. dr Branko Popovi\u0107<\/a><\/p>\n<p><a href=\"https:\/\/royalfamily.org\/lat\/krunski-savet\/miodrag-mica-popovic\/\">Miodrag-Mi\u0107a Popovi\u0107<\/a><\/p>\n<p><a href=\"https:\/\/royalfamily.org\/milorad-savicevic\">Milorad Savi\u0107evi\u0107<\/a><\/p>\n<p><a href=\"https:\/\/royalfamily.org\/lat\/krunski-savet\/prof-dr-mladen-srbinovic\/\">Mladen Srbinovi\u0107<\/a><\/p>\n<p><a href=\"https:\/\/royalfamily.org\/lat\/krunski-savet\/prof-dr-dorde-vid-tomasevic\/\">Prof. dr \u0110or\u0111e-Vid Toma\u0161evi\u0107<\/a><\/p>\n<\/div>\n\t\t<\/div><div class=\"fusion-additional-widget-content\"><\/div><\/div><\/div><\/div><div class=\"fusion-layout-column fusion_builder_column fusion-builder-column-1 fusion_builder_column_3_4 3_4 fusion-flex-column\" style=\"--awb-bg-size:cover;--awb-width-large:75%;--awb-margin-top-large:0px;--awb-spacing-right-large:2.56%;--awb-margin-bottom-large:20px;--awb-spacing-left-large:2.56%;--awb-width-medium:100%;--awb-order-medium:0;--awb-spacing-right-medium:1.92%;--awb-spacing-left-medium:1.92%;--awb-width-small:100%;--awb-order-small:0;--awb-spacing-right-small:1.92%;--awb-spacing-left-small:1.92%;\"><div class=\"fusion-column-wrapper fusion-column-has-shadow fusion-flex-justify-content-flex-start fusion-content-layout-column\"><div class=\"fusion-image-element \" style=\"--awb-caption-title-font-family:var(--h2_typography-font-family);--awb-caption-title-font-weight:var(--h2_typography-font-weight);--awb-caption-title-font-style:var(--h2_typography-font-style);--awb-caption-title-size:var(--h2_typography-font-size);--awb-caption-title-transform:var(--h2_typography-text-transform);--awb-caption-title-line-height:var(--h2_typography-line-height);--awb-caption-title-letter-spacing:var(--h2_typography-letter-spacing);\"><span class=\" fusion-imageframe imageframe-none imageframe-1 hover-type-none\"><img decoding=\"async\" width=\"740\" height=\"350\" alt=\"Batakovic\" title=\"Batakovic\" src=\"https:\/\/royalfamily.org\/wp-content\/uploads\/2017\/06\/batakovic.jpg\" class=\"img-responsive wp-image-32374\" srcset=\"https:\/\/royalfamily.org\/wp-content\/uploads\/2017\/06\/batakovic-300x141.jpg 300w, https:\/\/royalfamily.org\/wp-content\/uploads\/2017\/06\/batakovic-500x236.jpg 500w, https:\/\/royalfamily.org\/wp-content\/uploads\/2017\/06\/batakovic-700x331.jpg 700w, https:\/\/royalfamily.org\/wp-content\/uploads\/2017\/06\/batakovic.jpg 740w\" sizes=\"(max-width: 740px) 100vw, 740px\" \/><\/span><\/div><div class=\"fusion-separator fusion-full-width-sep\" style=\"align-self: center;margin-left: auto;margin-right: auto;margin-top:10px;margin-bottom:10px;width:100%;\"><\/div><div class=\"fusion-text fusion-text-1\"><p>Dusan T. Batakovic, KV, istoricar, docent na Odseku za istoriju Filozofskog fakulteta u Beogradu, Naucni saradnik Instituta za balkanoloske studije Srpske akademije nauka i umetnosti u Beogradu. Oblast naucnog istrazivanja: Balkanska tranzicija 1990-1996. \u010clan Malog veca Srpskog demokratskog kluba \u00ab Odbrana \u00bb, Predsednik Veca za demokratske promene u Matici Rodjen u Beogradu 1957. Studirao u \u00a0Beogradu, na Filozofskom fakultetu, Katedra za istoriju. Magistrirao u Beogradu, doktorirao na Sorboni, Pariski univerzitet, sa temom \u201cFrancuska i stvaranje parlamentarne demokratije u Srbiji 1830-1914\u201d. Udovac, otac dvoje dece.<\/p>\n<p>Objavljene knjige: Decansko pitanje (Beograd, 1989), Francuska revolucija 1789-1989 (Beograd, 1989), Kosovo i Metohija u srpskoj istoriji (koautor, Beograd, 1989), Savremenici o Kosovu i Metohiji 1850-1912 (Beograd, 1989), Kolubarska bitka (Beograd, 1989), Le Kosovo-Metohija dans l\u2019histoire serbe (Kosovo i Metohija u srpskoj istoriji; Lausanne, 1990), Kosovo i Metohija u srpsko-arbanaskim odnosima (Pristina, 1991), Nacertanije Ilije Garasanina (Beograd, 1991), The Kosovo Chronicles (Kosovska hronika; Belgrade, 1992), Kosovo, la spirale de la haine (Kosovo, spirala mrznje; Lausanne, 1993), La Yougoslavie: nations, religions, ideologies (Jugoslavija: narodi, vere, ideologije; Lausanne, 1994), The Serbs of Bosnia and Herzegovina, History and politics (Bosansko-hercegovacki Srbi, istorija i politika; Paris, 1996), The Serbs and Their National Interest (Srbi i njihov nacionalni interes; San Francisco, 1997), Kosovo i Metohija; istorija i ideologija (Beograd-Valjevo-Srbinje, 1998), Cronica de la Kosovo (Kosovska hronika; Bucuresti, 1999), itd.<\/p>\n<\/div><\/div><\/div><\/div><\/div>\n","protected":false},"excerpt":{"rendered":"","protected":false},"author":1001015,"featured_media":0,"parent":0,"menu_order":6,"comment_status":"closed","ping_status":"closed","template":"","meta":{"_acf_changed":false,"footnotes":""},"class_list":["post-1891","page","type-page","status-publish","hentry"],"acf":[],"yoast_head":"<!-- This site is optimized with the Yoast SEO Premium plugin v27.4 (Yoast SEO v27.4) - https:\/\/yoast.com\/product\/yoast-seo-premium-wordpress\/ -->\n<title>Du\u0161an T. Batakovi\u0107 - The Royal Family of Serbia<\/title>\n<meta name=\"robots\" content=\"index, follow, max-snippet:-1, max-image-preview:large, max-video-preview:-1\" \/>\n<link rel=\"canonical\" href=\"https:\/\/royalfamily.org\/lat\/dusan-t-batakovic-lat\/\" \/>\n<meta property=\"og:locale\" content=\"en_US\" \/>\n<meta property=\"og:type\" content=\"article\" \/>\n<meta property=\"og:title\" content=\"Du\u0161an T. Batakovi\u0107\" \/>\n<meta property=\"og:url\" content=\"https:\/\/royalfamily.org\/lat\/dusan-t-batakovic-lat\/\" \/>\n<meta property=\"og:site_name\" content=\"The Royal Family of Serbia\" \/>\n<meta property=\"article:publisher\" content=\"https:\/\/www.facebook.com\/Prestolonaslednik.Aleksandar\" \/>\n<meta property=\"article:modified_time\" content=\"2022-06-08T08:13:14+00:00\" \/>\n<meta property=\"og:image\" content=\"https:\/\/royalfamily.org\/wp-content\/uploads\/2013\/10\/batakovic.jpg\" \/>\n\t<meta property=\"og:image:width\" content=\"740\" \/>\n\t<meta property=\"og:image:height\" content=\"350\" \/>\n\t<meta property=\"og:image:type\" content=\"image\/jpeg\" \/>\n<meta name=\"twitter:card\" content=\"summary_large_image\" \/>\n<meta name=\"twitter:label1\" content=\"Est. reading time\" \/>\n\t<meta name=\"twitter:data1\" content=\"7 minutes\" \/>\n<script type=\"application\/ld+json\" class=\"yoast-schema-graph\">{\"@context\":\"https:\\\/\\\/schema.org\",\"@graph\":[{\"@type\":\"WebPage\",\"@id\":\"https:\\\/\\\/royalfamily.org\\\/lat\\\/dusan-t-batakovic-lat\\\/\",\"url\":\"https:\\\/\\\/royalfamily.org\\\/lat\\\/dusan-t-batakovic-lat\\\/\",\"name\":\"Du\u0161an T. Batakovi\u0107 - The Royal Family of Serbia\",\"isPartOf\":{\"@id\":\"https:\\\/\\\/royalfamily.org\\\/#website\"},\"datePublished\":\"2013-10-22T23:38:41+00:00\",\"dateModified\":\"2022-06-08T08:13:14+00:00\",\"breadcrumb\":{\"@id\":\"https:\\\/\\\/royalfamily.org\\\/lat\\\/dusan-t-batakovic-lat\\\/#breadcrumb\"},\"inLanguage\":\"sr-LT\",\"potentialAction\":[{\"@type\":\"ReadAction\",\"target\":[\"https:\\\/\\\/royalfamily.org\\\/lat\\\/dusan-t-batakovic-lat\\\/\"]}]},{\"@type\":\"BreadcrumbList\",\"@id\":\"https:\\\/\\\/royalfamily.org\\\/lat\\\/dusan-t-batakovic-lat\\\/#breadcrumb\",\"itemListElement\":[{\"@type\":\"ListItem\",\"position\":1,\"name\":\"Home\",\"item\":\"https:\\\/\\\/royalfamily.org\\\/lat\\\/\"},{\"@type\":\"ListItem\",\"position\":2,\"name\":\"Du\u0161an T. Batakovi\u0107\"}]},{\"@type\":\"WebSite\",\"@id\":\"https:\\\/\\\/royalfamily.org\\\/#website\",\"url\":\"https:\\\/\\\/royalfamily.org\\\/\",\"name\":\"The Royal Family of Serbia\",\"description\":\"From the people, for the people\",\"publisher\":{\"@id\":\"https:\\\/\\\/royalfamily.org\\\/#organization\"},\"potentialAction\":[{\"@type\":\"SearchAction\",\"target\":{\"@type\":\"EntryPoint\",\"urlTemplate\":\"https:\\\/\\\/royalfamily.org\\\/?s={search_term_string}\"},\"query-input\":{\"@type\":\"PropertyValueSpecification\",\"valueRequired\":true,\"valueName\":\"search_term_string\"}}],\"inLanguage\":\"sr-LT\"},{\"@type\":\"Organization\",\"@id\":\"https:\\\/\\\/royalfamily.org\\\/#organization\",\"name\":\"Royal Family\",\"url\":\"https:\\\/\\\/royalfamily.org\\\/\",\"logo\":{\"@type\":\"ImageObject\",\"inLanguage\":\"sr-LT\",\"@id\":\"https:\\\/\\\/royalfamily.org\\\/#\\\/schema\\\/logo\\\/image\\\/\",\"url\":\"https:\\\/\\\/royalfamily.org\\\/wp-content\\\/uploads\\\/2019\\\/04\\\/logo-vector-02-V-latinica.png\",\"contentUrl\":\"https:\\\/\\\/royalfamily.org\\\/wp-content\\\/uploads\\\/2019\\\/04\\\/logo-vector-02-V-latinica.png\",\"width\":552,\"height\":99,\"caption\":\"Royal Family\"},\"image\":{\"@id\":\"https:\\\/\\\/royalfamily.org\\\/#\\\/schema\\\/logo\\\/image\\\/\"},\"sameAs\":[\"https:\\\/\\\/www.facebook.com\\\/Prestolonaslednik.Aleksandar\"]}]}<\/script>\n<!-- \/ Yoast SEO Premium plugin. -->","yoast_head_json":{"title":"Du\u0161an T. Batakovi\u0107 - The Royal Family of Serbia","robots":{"index":"index","follow":"follow","max-snippet":"max-snippet:-1","max-image-preview":"max-image-preview:large","max-video-preview":"max-video-preview:-1"},"canonical":"https:\/\/royalfamily.org\/lat\/dusan-t-batakovic-lat\/","og_locale":"en_US","og_type":"article","og_title":"Du\u0161an T. Batakovi\u0107","og_url":"https:\/\/royalfamily.org\/lat\/dusan-t-batakovic-lat\/","og_site_name":"The Royal Family of Serbia","article_publisher":"https:\/\/www.facebook.com\/Prestolonaslednik.Aleksandar","article_modified_time":"2022-06-08T08:13:14+00:00","og_image":[{"width":740,"height":350,"url":"https:\/\/royalfamily.org\/wp-content\/uploads\/2013\/10\/batakovic.jpg","type":"image\/jpeg"}],"twitter_card":"summary_large_image","twitter_misc":{"Est. reading time":"7 minutes"},"schema":{"@context":"https:\/\/schema.org","@graph":[{"@type":"WebPage","@id":"https:\/\/royalfamily.org\/lat\/dusan-t-batakovic-lat\/","url":"https:\/\/royalfamily.org\/lat\/dusan-t-batakovic-lat\/","name":"Du\u0161an T. Batakovi\u0107 - The Royal Family of Serbia","isPartOf":{"@id":"https:\/\/royalfamily.org\/#website"},"datePublished":"2013-10-22T23:38:41+00:00","dateModified":"2022-06-08T08:13:14+00:00","breadcrumb":{"@id":"https:\/\/royalfamily.org\/lat\/dusan-t-batakovic-lat\/#breadcrumb"},"inLanguage":"sr-LT","potentialAction":[{"@type":"ReadAction","target":["https:\/\/royalfamily.org\/lat\/dusan-t-batakovic-lat\/"]}]},{"@type":"BreadcrumbList","@id":"https:\/\/royalfamily.org\/lat\/dusan-t-batakovic-lat\/#breadcrumb","itemListElement":[{"@type":"ListItem","position":1,"name":"Home","item":"https:\/\/royalfamily.org\/lat\/"},{"@type":"ListItem","position":2,"name":"Du\u0161an T. Batakovi\u0107"}]},{"@type":"WebSite","@id":"https:\/\/royalfamily.org\/#website","url":"https:\/\/royalfamily.org\/","name":"The Royal Family of Serbia","description":"From the people, for the people","publisher":{"@id":"https:\/\/royalfamily.org\/#organization"},"potentialAction":[{"@type":"SearchAction","target":{"@type":"EntryPoint","urlTemplate":"https:\/\/royalfamily.org\/?s={search_term_string}"},"query-input":{"@type":"PropertyValueSpecification","valueRequired":true,"valueName":"search_term_string"}}],"inLanguage":"sr-LT"},{"@type":"Organization","@id":"https:\/\/royalfamily.org\/#organization","name":"Royal Family","url":"https:\/\/royalfamily.org\/","logo":{"@type":"ImageObject","inLanguage":"sr-LT","@id":"https:\/\/royalfamily.org\/#\/schema\/logo\/image\/","url":"https:\/\/royalfamily.org\/wp-content\/uploads\/2019\/04\/logo-vector-02-V-latinica.png","contentUrl":"https:\/\/royalfamily.org\/wp-content\/uploads\/2019\/04\/logo-vector-02-V-latinica.png","width":552,"height":99,"caption":"Royal Family"},"image":{"@id":"https:\/\/royalfamily.org\/#\/schema\/logo\/image\/"},"sameAs":["https:\/\/www.facebook.com\/Prestolonaslednik.Aleksandar"]}]}},"_links":{"self":[{"href":"https:\/\/royalfamily.org\/lat\/wp-json\/wp\/v2\/pages\/1891","targetHints":{"allow":["GET"]}}],"collection":[{"href":"https:\/\/royalfamily.org\/lat\/wp-json\/wp\/v2\/pages"}],"about":[{"href":"https:\/\/royalfamily.org\/lat\/wp-json\/wp\/v2\/types\/page"}],"author":[{"embeddable":true,"href":"https:\/\/royalfamily.org\/lat\/wp-json\/wp\/v2\/users\/1001015"}],"replies":[{"embeddable":true,"href":"https:\/\/royalfamily.org\/lat\/wp-json\/wp\/v2\/comments?post=1891"}],"version-history":[{"count":2,"href":"https:\/\/royalfamily.org\/lat\/wp-json\/wp\/v2\/pages\/1891\/revisions"}],"predecessor-version":[{"id":82726,"href":"https:\/\/royalfamily.org\/lat\/wp-json\/wp\/v2\/pages\/1891\/revisions\/82726"}],"wp:attachment":[{"href":"https:\/\/royalfamily.org\/lat\/wp-json\/wp\/v2\/media?parent=1891"}],"curies":[{"name":"wp","href":"https:\/\/api.w.org\/{rel}","templated":true}]}}