{"id":2296,"date":"2013-11-07T20:29:07","date_gmt":"2013-11-07T20:29:07","guid":{"rendered":"http:\/\/royalfamily.dev\/?page_id=2296"},"modified":"2022-06-08T10:18:58","modified_gmt":"2022-06-08T08:18:58","slug":"svetlana-velmar-jankovic-lat","status":"publish","type":"page","link":"https:\/\/royalfamily.org\/lat\/svetlana-velmar-jankovic-lat\/","title":{"rendered":"Svetlana Velmar-Jankovi\u0107"},"content":{"rendered":"<div class=\"fusion-fullwidth fullwidth-box fusion-builder-row-1 nonhundred-percent-fullwidth non-hundred-percent-height-scrolling fusion-equal-height-columns\" style=\"--awb-border-radius-top-left:0px;--awb-border-radius-top-right:0px;--awb-border-radius-bottom-right:0px;--awb-border-radius-bottom-left:0px;--awb-padding-right:7%;--awb-padding-left:7%;--awb-flex-wrap:wrap;\" ><div class=\"fusion-builder-row fusion-row\"><div class=\"fusion-layout-column fusion_builder_column fusion-builder-column-0 fusion_builder_column_1_4 1_4 fusion-one-fourth fusion-column-first fusion-no-small-visibility fusion-no-medium-visibility\" style=\"--awb-padding-top:4%;--awb-padding-right:4%;--awb-padding-bottom:4%;--awb-padding-left:4%;--awb-bg-color:#eaeaea;--awb-bg-color-hover:#eaeaea;--awb-bg-size:cover;width:25%;width:calc(25% - ( ( 4% ) * 0.25 ) );margin-right: 4%;\"><div class=\"fusion-column-wrapper fusion-flex-column-wrapper-legacy\"><div class=\"fusion-widget-area awb-widget-area-element fusion-widget-area-1 fusion-content-widget-area fusion-no-small-visibility fusion-no-medium-visibility\" style=\"--awb-background-color:#e8e8e8;--awb-title-color:#333333;--awb-padding:4% 4% 4% 4%;\"><div id=\"text-8\" class=\"widget widget_text\" style=\"border-style: solid;border-color:transparent;border-width:0px;\">\t\t\t<div class=\"textwidget\"><p><a href=\"https:\/\/royalfamily.org\/lat\/krunski-savet\/prof-dr-aleksandar-simic\/\">Aleksandar P. Simi\u0107<\/a><\/p>\n<p><a href=\"https:\/\/royalfamily.org\/lat\/krunski-savet\/bogoljub-sijakovic-lat\/\">Bogoljub \u0160ijakovi\u0107<\/a><\/p>\n<p><a href=\"https:\/\/royalfamily.org\/lat\/krunski-savet\/bojan-sudjic\/\">Bojan Su\u0111i\u0107<\/a><\/p>\n<p><a href=\"https:\/\/royalfamily.org\/lat\/krunski-savet\/cedomir-antic-lat\/\">\u010cedomir Anti\u0107<\/a><\/p>\n<p><a href=\"https:\/\/royalfamily.org\/lat\/krunski-savet\/darko-spasic\/\">Darko Spasi\u0107<\/a><\/p>\n<p><a href=\"https:\/\/royalfamily.org\/lat\/krunski-savet\/dusan-kovacevic-lat\/\">Du\u0161an Kova\u010devi\u0107<\/a><\/p>\n<p><a href=\"https:\/\/royalfamily.org\/lat\/krunski-savet\/emir-kusturica-lat\/\">Emir Kusturica<\/a><\/p>\n<p><a href=\"https:\/\/royalfamily.org\/lat\/krunski-savet\/kosta-cavoski-lat\/\">Kosta \u010cavo\u0161ki<\/a><\/p>\n<p><a href=\"https:\/\/royalfamily.org\/lat\/krunski-savet\/matija-beckovic-lat\/\">Matija Be\u0107kovi\u0107<\/a><\/p>\n<p><a href=\"https:\/\/royalfamily.org\/lat\/krunski-savet\/marko-bumbasirevic\/\">Marko Bumba\u0161irevi\u0107<\/a><\/p>\n<p><a href=\"https:\/\/royalfamily.org\/lat\/krunski-savet\/milan-parivodic-lat\/\">Milan Parivodi\u0107<\/a><\/p>\n<p><a href=\"https:\/\/royalfamily.org\/lat\/krunski-savet\/milosav-tesic\/\">Milosav Te\u0161i\u0107<\/a><\/p>\n<p><a href=\"https:\/\/royalfamily.org\/lat\/krunski-savet\/nikola-moravcevic-lat\/\">Nikola Morav\u010devi\u0107<\/a><\/p>\n<p><a href=\"https:\/\/royalfamily.org\/lat\/krunski-savet\/predrag-markovic-lat\/\">Predrag Markovi\u0107<\/a><\/p>\n<p><a href=\"https:\/\/royalfamily.org\/lat\/krunski-savet\/slobodan-g-markovich-lat\/\">Slobodan G. Markovi\u0107<\/a><\/p>\n<p><a href=\"https:\/\/royalfamily.org\/lat\/krunski-savet\/vladan-vukosavljevic-lat\/\">Vladan Vukosavljevi\u0107<\/a><\/p>\n<p><a href=\"https:\/\/royalfamily.org\/lat\/krunski-savet\/vladan-zivulovic-lat\/\">Vladan \u017divulovi\u0107<\/a><\/p>\n<p><a href=\"https:\/\/royalfamily.org\/lat\/krunski-savet\/zoran-zivanovic\/\">Zoran \u017divanovi\u0107<\/a><\/p>\n<p><strong>Preminuli \u010dlanovi Krunskog saveta<\/strong><\/p>\n<p><a href=\"https:\/\/royalfamily.org\/lat\/krunski-savet\/prof-ivan-antic\/\">Prof. Ivan Anti\u0107<\/a><\/p>\n<p><a href=\"https:\/\/royalfamily.org\/dusan-t-batakovic\/\">Prof. dr Du\u0161an Batakovi\u0107<\/a><\/p>\n<p><a href=\"https:\/\/royalfamily.org\/lat\/krunski-savet\/prof-dr-zivojin-bumbasirevic\/\">Prof. dr \u017divojin Bumba\u0161irevi\u0107<\/a><\/p>\n<p><a href=\"https:\/\/royalfamily.org\/svetlana-velmar-jankovic\">Svetlana Velmar-Jankovi\u0107<\/a><\/p>\n<p><a href=\"https:\/\/royalfamily.org\/lat\/krunski-savet\/prof-dr-slobodan-vitanovic\/\">Prof. dr Slobodan Vitanovi\u0107<\/a><\/p>\n<p><a href=\"https:\/\/royalfamily.org\/lat\/krunski-savet\/dragomir-vitorovic\/\">Prof. dr Dragomir Vitorovi\u0107<\/a><\/p>\n<p><a href=\"https:\/\/royalfamily.org\/lat\/krunski-savet\/miroslav-gasic-lat\/\">Prof. dr Miroslav Ga\u0161i\u0107<\/a><\/p>\n<p><a href=\"https:\/\/royalfamily.org\/lat\/krunski-savet\/milovan-danojlic\/\">Milovan Danojli\u0107<\/a><\/p>\n<p><a href=\"https:\/\/royalfamily.org\/lat\/krunski-savet\/prof-dr-aleks-dragnic\/\">Prof. dr Aleks Dragni\u0107<\/a><\/p>\n<p><a href=\"https:\/\/royalfamily.org\/wp-content\/uploads\/2022\/05\/cover-Stepan-Dragojlovic.jpg\">Stepan Dragojlovi\u0107<\/a><\/p>\n<p><a href=\"https:\/\/royalfamily.org\/lat\/krunski-savet\/dorde-durisic\/\">\u0110or\u0111e \u0110uri\u0161i\u0107<\/a><\/p>\n<p><a href=\"https:\/\/royalfamily.org\/wp-content\/uploads\/2022\/05\/Cover-Milorad-Ilic-blank.jpg\">Milorad Ili\u0107<\/a><\/p>\n<p><a href=\"https:\/\/royalfamily.org\/crown-council\/dragoljub-kavran\">Prof. dr Dragoljub Kavran<\/a><\/p>\n<p><a href=\"https:\/\/royalfamily.org\/lat\/krunski-savet\/borislav-mihajlovic-mihiz\/\">Borislav Mihajlovi\u0107-Mihiz<\/a><\/p>\n<p><a href=\"https:\/\/royalfamily.org\/crown-council\/pavle-nikolic\/\">Prof. dr Pavle Nikoli\u0107<\/a><\/p>\n<p><a href=\"https:\/\/royalfamily.org\/lat\/krunski-savet\/prof-dr-milorad-pavic\/\">Prof. dr Milorad Pavi\u0107<\/a><\/p>\n<p><a href=\"https:\/\/royalfamily.org\/lat\/predrag-palavestra\/\">Prof. dr Predrag Palavestra<\/a><\/p>\n<p><a href=\"https:\/\/royalfamily.org\/lat\/krunski-savet\/borislav-pekic\/\">Borislav Peki\u0107<\/a><\/p>\n<p><a href=\"https:\/\/royalfamily.org\/lat\/slobodan-perovic-lat\/\">Prof. dr Slobodan Perovi\u0107<\/a><\/p>\n<p><a href=\"https:\/\/royalfamily.org\/lat\/krunski-savet\/prof-branko-pesic\/\">Prof. Branko Pe\u0161i\u0107<\/a><\/p>\n<p><a href=\"https:\/\/royalfamily.org\/lat\/krunski-savet\/prof-dr-branko-popovic\/\">Prof. dr Branko Popovi\u0107<\/a><\/p>\n<p><a href=\"https:\/\/royalfamily.org\/lat\/krunski-savet\/miodrag-mica-popovic\/\">Miodrag-Mi\u0107a Popovi\u0107<\/a><\/p>\n<p><a href=\"https:\/\/royalfamily.org\/milorad-savicevic\">Milorad Savi\u0107evi\u0107<\/a><\/p>\n<p><a href=\"https:\/\/royalfamily.org\/lat\/krunski-savet\/prof-dr-mladen-srbinovic\/\">Mladen Srbinovi\u0107<\/a><\/p>\n<p><a href=\"https:\/\/royalfamily.org\/lat\/krunski-savet\/prof-dr-dorde-vid-tomasevic\/\">Prof. dr \u0110or\u0111e-Vid Toma\u0161evi\u0107<\/a><\/p>\n<\/div>\n\t\t<\/div><div class=\"fusion-additional-widget-content\"><\/div><\/div><div class=\"fusion-clearfix\"><\/div><\/div><\/div><div class=\"fusion-layout-column fusion_builder_column fusion-builder-column-1 fusion_builder_column_3_4 3_4 fusion-three-fourth fusion-column-last\" style=\"--awb-bg-size:cover;--awb-margin-bottom:0px;width:75%;width:calc(75% - ( ( 4% ) * 0.75 ) );\"><div class=\"fusion-column-wrapper fusion-flex-column-wrapper-legacy\"><div class=\"fusion-image-element fusion-image-align-center in-legacy-container\" style=\"text-align:center;--awb-caption-title-font-family:var(--h2_typography-font-family);--awb-caption-title-font-weight:var(--h2_typography-font-weight);--awb-caption-title-font-style:var(--h2_typography-font-style);--awb-caption-title-size:var(--h2_typography-font-size);--awb-caption-title-transform:var(--h2_typography-text-transform);--awb-caption-title-line-height:var(--h2_typography-line-height);--awb-caption-title-letter-spacing:var(--h2_typography-letter-spacing);\"><div class=\"imageframe-align-center\"><span class=\" fusion-imageframe imageframe-none imageframe-1 hover-type-none\"><img decoding=\"async\" width=\"740\" height=\"350\" alt=\"Svetlana Velmar Jankovic\" title=\"Svetlana Velmar Jankovic\" src=\"https:\/\/royalfamily.org\/wp-content\/uploads\/2014\/04\/svetlana1.jpg\" class=\"img-responsive wp-image-8807\" srcset=\"https:\/\/royalfamily.org\/wp-content\/uploads\/2014\/04\/svetlana1-300x141.jpg 300w, https:\/\/royalfamily.org\/wp-content\/uploads\/2014\/04\/svetlana1-500x236.jpg 500w, https:\/\/royalfamily.org\/wp-content\/uploads\/2014\/04\/svetlana1-700x331.jpg 700w, https:\/\/royalfamily.org\/wp-content\/uploads\/2014\/04\/svetlana1.jpg 740w\" sizes=\"(max-width: 740px) 100vw, 740px\" \/><\/span><\/div><\/div><div class=\"fusion-sep-clear\"><\/div><div class=\"fusion-separator fusion-full-width-sep\" style=\"margin-left: auto;margin-right: auto;margin-top:3%;width:100%;\"><\/div><div class=\"fusion-sep-clear\"><\/div><div class=\"fusion-text fusion-text-1\"><p>Gospodja Svetlana Velmar-Jankovic, KS, knjizevne nagrade: Nagrada Isidora Sekulic (1969), Nagrada Ivo Andric (1982), Nagrada Mesa Selimovic (1991), Nagrada Narodne biblioteke za najcitaniju knjigu (1992), Nagrada Djordje Jovanovic (1994), Nagrada Bora Stankovic (1995), NIN-ova nagrada za najbolji roman (1996) itd. Diplomirala francuski i latinski jezik i francusku knjizevnost. Bila je urednik Izdavacke kuce Prosveta. Rodjena 1933. u Beogradu. Udata je i ima sina (takodje pisac).<\/p>\n<p>Autor je vise objavljenih dela medju kojima romani: Oziljak (1956), Lagum (1990), Bezdno (1995), Dorcolske price (1981) i Vracar (1994), eseji Savremenici (1968) i Ukletnici (1993) itd.<\/p>\n<\/div><div class=\"fusion-clearfix\"><\/div><\/div><\/div><div class=\"fusion-layout-column fusion_builder_column fusion-builder-column-2 fusion_builder_column_1_1 1_1 fusion-one-full fusion-column-first fusion-column-last fusion-no-large-visibility\" style=\"--awb-padding-top:4%;--awb-padding-right:4%;--awb-padding-bottom:4%;--awb-padding-left:4%;--awb-bg-color:#eaeaea;--awb-bg-color-hover:#eaeaea;--awb-bg-size:cover;\"><div class=\"fusion-column-wrapper fusion-flex-column-wrapper-legacy\"><div class=\"fusion-clearfix\"><\/div><\/div><\/div><\/div><\/div>\n","protected":false},"excerpt":{"rendered":"","protected":false},"author":1001015,"featured_media":0,"parent":0,"menu_order":4,"comment_status":"closed","ping_status":"closed","template":"","meta":{"_acf_changed":false,"footnotes":""},"class_list":["post-2296","page","type-page","status-publish","hentry"],"acf":[],"yoast_head":"<!-- This site is optimized with the Yoast SEO Premium plugin v27.5 (Yoast SEO v27.5) - https:\/\/yoast.com\/product\/yoast-seo-premium-wordpress\/ -->\n<title>Svetlana Velmar-Jankovi\u0107 - The Royal Family of Serbia<\/title>\n<meta name=\"robots\" content=\"index, follow, max-snippet:-1, max-image-preview:large, max-video-preview:-1\" \/>\n<link rel=\"canonical\" href=\"https:\/\/royalfamily.org\/lat\/svetlana-velmar-jankovic-lat\/\" \/>\n<meta property=\"og:locale\" content=\"en_US\" \/>\n<meta property=\"og:type\" content=\"article\" \/>\n<meta property=\"og:title\" content=\"Svetlana Velmar-Jankovi\u0107\" \/>\n<meta property=\"og:url\" content=\"https:\/\/royalfamily.org\/lat\/svetlana-velmar-jankovic-lat\/\" \/>\n<meta property=\"og:site_name\" content=\"The Royal Family of Serbia\" \/>\n<meta property=\"article:publisher\" content=\"https:\/\/www.facebook.com\/Prestolonaslednik.Aleksandar\" \/>\n<meta property=\"article:modified_time\" content=\"2022-06-08T08:18:58+00:00\" \/>\n<meta name=\"twitter:card\" content=\"summary_large_image\" \/>\n<meta name=\"twitter:label1\" content=\"Est. reading time\" \/>\n\t<meta name=\"twitter:data1\" content=\"4 minutes\" \/>\n<script type=\"application\/ld+json\" class=\"yoast-schema-graph\">{\"@context\":\"https:\\\/\\\/schema.org\",\"@graph\":[{\"@type\":\"WebPage\",\"@id\":\"https:\\\/\\\/royalfamily.org\\\/lat\\\/svetlana-velmar-jankovic-lat\\\/\",\"url\":\"https:\\\/\\\/royalfamily.org\\\/lat\\\/svetlana-velmar-jankovic-lat\\\/\",\"name\":\"Svetlana Velmar-Jankovi\u0107 - The Royal Family of Serbia\",\"isPartOf\":{\"@id\":\"https:\\\/\\\/royalfamily.org\\\/#website\"},\"datePublished\":\"2013-11-07T20:29:07+00:00\",\"dateModified\":\"2022-06-08T08:18:58+00:00\",\"breadcrumb\":{\"@id\":\"https:\\\/\\\/royalfamily.org\\\/lat\\\/svetlana-velmar-jankovic-lat\\\/#breadcrumb\"},\"inLanguage\":\"sr-LT\",\"potentialAction\":[{\"@type\":\"ReadAction\",\"target\":[\"https:\\\/\\\/royalfamily.org\\\/lat\\\/svetlana-velmar-jankovic-lat\\\/\"]}]},{\"@type\":\"BreadcrumbList\",\"@id\":\"https:\\\/\\\/royalfamily.org\\\/lat\\\/svetlana-velmar-jankovic-lat\\\/#breadcrumb\",\"itemListElement\":[{\"@type\":\"ListItem\",\"position\":1,\"name\":\"Home\",\"item\":\"https:\\\/\\\/royalfamily.org\\\/lat\\\/\"},{\"@type\":\"ListItem\",\"position\":2,\"name\":\"Svetlana Velmar-Jankovi\u0107\"}]},{\"@type\":\"WebSite\",\"@id\":\"https:\\\/\\\/royalfamily.org\\\/#website\",\"url\":\"https:\\\/\\\/royalfamily.org\\\/\",\"name\":\"The Royal Family of Serbia\",\"description\":\"From the people, for the people\",\"publisher\":{\"@id\":\"https:\\\/\\\/royalfamily.org\\\/#organization\"},\"potentialAction\":[{\"@type\":\"SearchAction\",\"target\":{\"@type\":\"EntryPoint\",\"urlTemplate\":\"https:\\\/\\\/royalfamily.org\\\/?s={search_term_string}\"},\"query-input\":{\"@type\":\"PropertyValueSpecification\",\"valueRequired\":true,\"valueName\":\"search_term_string\"}}],\"inLanguage\":\"sr-LT\"},{\"@type\":\"Organization\",\"@id\":\"https:\\\/\\\/royalfamily.org\\\/#organization\",\"name\":\"Royal Family\",\"url\":\"https:\\\/\\\/royalfamily.org\\\/\",\"logo\":{\"@type\":\"ImageObject\",\"inLanguage\":\"sr-LT\",\"@id\":\"https:\\\/\\\/royalfamily.org\\\/#\\\/schema\\\/logo\\\/image\\\/\",\"url\":\"https:\\\/\\\/royalfamily.org\\\/wp-content\\\/uploads\\\/2019\\\/04\\\/logo-vector-02-V-latinica.png\",\"contentUrl\":\"https:\\\/\\\/royalfamily.org\\\/wp-content\\\/uploads\\\/2019\\\/04\\\/logo-vector-02-V-latinica.png\",\"width\":552,\"height\":99,\"caption\":\"Royal Family\"},\"image\":{\"@id\":\"https:\\\/\\\/royalfamily.org\\\/#\\\/schema\\\/logo\\\/image\\\/\"},\"sameAs\":[\"https:\\\/\\\/www.facebook.com\\\/Prestolonaslednik.Aleksandar\"]}]}<\/script>\n<!-- \/ Yoast SEO Premium plugin. -->","yoast_head_json":{"title":"Svetlana Velmar-Jankovi\u0107 - The Royal Family of Serbia","robots":{"index":"index","follow":"follow","max-snippet":"max-snippet:-1","max-image-preview":"max-image-preview:large","max-video-preview":"max-video-preview:-1"},"canonical":"https:\/\/royalfamily.org\/lat\/svetlana-velmar-jankovic-lat\/","og_locale":"en_US","og_type":"article","og_title":"Svetlana Velmar-Jankovi\u0107","og_url":"https:\/\/royalfamily.org\/lat\/svetlana-velmar-jankovic-lat\/","og_site_name":"The Royal Family of Serbia","article_publisher":"https:\/\/www.facebook.com\/Prestolonaslednik.Aleksandar","article_modified_time":"2022-06-08T08:18:58+00:00","twitter_card":"summary_large_image","twitter_misc":{"Est. reading time":"4 minutes"},"schema":{"@context":"https:\/\/schema.org","@graph":[{"@type":"WebPage","@id":"https:\/\/royalfamily.org\/lat\/svetlana-velmar-jankovic-lat\/","url":"https:\/\/royalfamily.org\/lat\/svetlana-velmar-jankovic-lat\/","name":"Svetlana Velmar-Jankovi\u0107 - The Royal Family of Serbia","isPartOf":{"@id":"https:\/\/royalfamily.org\/#website"},"datePublished":"2013-11-07T20:29:07+00:00","dateModified":"2022-06-08T08:18:58+00:00","breadcrumb":{"@id":"https:\/\/royalfamily.org\/lat\/svetlana-velmar-jankovic-lat\/#breadcrumb"},"inLanguage":"sr-LT","potentialAction":[{"@type":"ReadAction","target":["https:\/\/royalfamily.org\/lat\/svetlana-velmar-jankovic-lat\/"]}]},{"@type":"BreadcrumbList","@id":"https:\/\/royalfamily.org\/lat\/svetlana-velmar-jankovic-lat\/#breadcrumb","itemListElement":[{"@type":"ListItem","position":1,"name":"Home","item":"https:\/\/royalfamily.org\/lat\/"},{"@type":"ListItem","position":2,"name":"Svetlana Velmar-Jankovi\u0107"}]},{"@type":"WebSite","@id":"https:\/\/royalfamily.org\/#website","url":"https:\/\/royalfamily.org\/","name":"The Royal Family of Serbia","description":"From the people, for the people","publisher":{"@id":"https:\/\/royalfamily.org\/#organization"},"potentialAction":[{"@type":"SearchAction","target":{"@type":"EntryPoint","urlTemplate":"https:\/\/royalfamily.org\/?s={search_term_string}"},"query-input":{"@type":"PropertyValueSpecification","valueRequired":true,"valueName":"search_term_string"}}],"inLanguage":"sr-LT"},{"@type":"Organization","@id":"https:\/\/royalfamily.org\/#organization","name":"Royal Family","url":"https:\/\/royalfamily.org\/","logo":{"@type":"ImageObject","inLanguage":"sr-LT","@id":"https:\/\/royalfamily.org\/#\/schema\/logo\/image\/","url":"https:\/\/royalfamily.org\/wp-content\/uploads\/2019\/04\/logo-vector-02-V-latinica.png","contentUrl":"https:\/\/royalfamily.org\/wp-content\/uploads\/2019\/04\/logo-vector-02-V-latinica.png","width":552,"height":99,"caption":"Royal Family"},"image":{"@id":"https:\/\/royalfamily.org\/#\/schema\/logo\/image\/"},"sameAs":["https:\/\/www.facebook.com\/Prestolonaslednik.Aleksandar"]}]}},"_links":{"self":[{"href":"https:\/\/royalfamily.org\/lat\/wp-json\/wp\/v2\/pages\/2296","targetHints":{"allow":["GET"]}}],"collection":[{"href":"https:\/\/royalfamily.org\/lat\/wp-json\/wp\/v2\/pages"}],"about":[{"href":"https:\/\/royalfamily.org\/lat\/wp-json\/wp\/v2\/types\/page"}],"author":[{"embeddable":true,"href":"https:\/\/royalfamily.org\/lat\/wp-json\/wp\/v2\/users\/1001015"}],"replies":[{"embeddable":true,"href":"https:\/\/royalfamily.org\/lat\/wp-json\/wp\/v2\/comments?post=2296"}],"version-history":[{"count":5,"href":"https:\/\/royalfamily.org\/lat\/wp-json\/wp\/v2\/pages\/2296\/revisions"}],"predecessor-version":[{"id":82733,"href":"https:\/\/royalfamily.org\/lat\/wp-json\/wp\/v2\/pages\/2296\/revisions\/82733"}],"wp:attachment":[{"href":"https:\/\/royalfamily.org\/lat\/wp-json\/wp\/v2\/media?parent=2296"}],"curies":[{"name":"wp","href":"https:\/\/api.w.org\/{rel}","templated":true}]}}