{"id":2346,"date":"2013-11-07T21:21:13","date_gmt":"2013-11-07T21:21:13","guid":{"rendered":"http:\/\/royalfamily.dev\/?page_id=2346"},"modified":"2013-11-07T21:21:13","modified_gmt":"2013-11-07T21:21:13","slug":"vladimir-m-gajic-lat","status":"publish","type":"page","link":"https:\/\/royalfamily.org\/lat\/krunski-kabinet\/vladimir-m-gajic-lat\/","title":{"rendered":"Vladimir M. Gaji\u0107"},"content":{"rendered":"<div class=\"fusion-fullwidth fullwidth-box fusion-builder-row-1 nonhundred-percent-fullwidth non-hundred-percent-height-scrolling fusion-equal-height-columns\" style=\"--awb-border-radius-top-left:0px;--awb-border-radius-top-right:0px;--awb-border-radius-bottom-right:0px;--awb-border-radius-bottom-left:0px;--awb-padding-right:7%;--awb-padding-left:7%;--awb-flex-wrap:wrap;\" ><div class=\"fusion-builder-row fusion-row\"><div class=\"fusion-layout-column fusion_builder_column fusion-builder-column-0 fusion_builder_column_1_4 1_4 fusion-one-fourth fusion-column-first fusion-no-small-visibility fusion-no-medium-visibility\" style=\"--awb-padding-top:4%;--awb-padding-right:4%;--awb-padding-bottom:4%;--awb-padding-left:4%;--awb-bg-color:#eaeaea;--awb-bg-color-hover:#eaeaea;--awb-bg-size:cover;width:25%;width:calc(25% - ( ( 4% ) * 0.25 ) );margin-right: 4%;\"><div class=\"fusion-column-wrapper fusion-column-has-shadow fusion-flex-column-wrapper-legacy\"><div class=\"fusion-widget-area awb-widget-area-element fusion-widget-area-1 fusion-content-widget-area\" style=\"--awb-background-color:#e8e8e8;--awb-title-color:#333333;--awb-padding:4% 4% 4% 4%;\"><div id=\"text-68\" class=\"widget widget_text\" style=\"border-style: solid;border-color:transparent;border-width:0px;\">\t\t\t<div class=\"textwidget\"><p><a href=\"https:\/\/royalfamily.org\/lat\/krunski-kabinet\/vladimir-m-gajic-lat\/\">Vladimir M. Gaji\u0107<\/a><\/p>\n<p><a href=\"https:\/\/royalfamily.org\/lat\/krunski-kabinet\/dragoslav-micic-lat\/\">Dragoslav Mici\u0107<\/a><\/p>\n<\/div>\n\t\t<\/div><div class=\"fusion-additional-widget-content\"><\/div><\/div><div class=\"fusion-clearfix\"><\/div><\/div><\/div><div class=\"fusion-layout-column fusion_builder_column fusion-builder-column-1 fusion_builder_column_3_4 3_4 fusion-three-fourth fusion-column-last\" style=\"--awb-bg-size:cover;--awb-margin-bottom:0px;width:75%;width:calc(75% - ( ( 4% ) * 0.75 ) );\"><div class=\"fusion-column-wrapper fusion-flex-column-wrapper-legacy\"><div class=\"fusion-image-element fusion-image-align-center in-legacy-container\" style=\"text-align:center;--awb-caption-title-font-family:var(--h2_typography-font-family);--awb-caption-title-font-weight:var(--h2_typography-font-weight);--awb-caption-title-font-style:var(--h2_typography-font-style);--awb-caption-title-size:var(--h2_typography-font-size);--awb-caption-title-transform:var(--h2_typography-text-transform);--awb-caption-title-line-height:var(--h2_typography-line-height);--awb-caption-title-letter-spacing:var(--h2_typography-letter-spacing);\"><div class=\"imageframe-align-center\"><span class=\" fusion-imageframe imageframe-none imageframe-1 hover-type-none\"><img decoding=\"async\" width=\"740\" height=\"350\" title=\"gajic\" src=\"https:\/\/royalfamily.org\/wp-content\/uploads\/2013\/11\/gajic.jpg\" alt class=\"img-responsive wp-image-2343\" srcset=\"https:\/\/royalfamily.org\/wp-content\/uploads\/2013\/11\/gajic-300x141.jpg 300w, https:\/\/royalfamily.org\/wp-content\/uploads\/2013\/11\/gajic-500x236.jpg 500w, https:\/\/royalfamily.org\/wp-content\/uploads\/2013\/11\/gajic-700x331.jpg 700w, https:\/\/royalfamily.org\/wp-content\/uploads\/2013\/11\/gajic.jpg 740w\" sizes=\"(max-width: 740px) 100vw, 740px\" \/><\/span><\/div><\/div><div class=\"fusion-sep-clear\"><\/div><div class=\"fusion-separator fusion-full-width-sep\" style=\"margin-left: auto;margin-right: auto;margin-top:3%;width:100%;\"><\/div><div class=\"fusion-sep-clear\"><\/div><div class=\"fusion-text fusion-text-1\"><p style=\"text-align: justify;\">Vladimir M. Gaji\u0107 iz Beograda, po zanimanju advokat. Ro\u0111en 24.03.1965. godine u Marseju, Francuska. O\u017eenjen, otac \u010detvoro dece.<\/p>\n<p style=\"text-align: justify;\">Diplomirao na Pravnom fakultetu u Beogradu 1989. godine. Od 1992. godine \u2013 advokat sa sedi\u0161tem kancelarije u Beogradu. Suvlasnik konsultantske firme Heofund d.o.o. Beograd, koja zastupa pravne interese stranih i doma\u0107ih investitora u oblasti investicija u izgradnji objekata u Beogradu.<\/p>\n<p style=\"text-align: justify;\">U profesionalnoj karijeri pored ostalog bio i \u010dlan advokatskog tima 1993. godine koji je zastupao Vuka Dra\u0161kovi\u0107a u krivi\u010dnom postupku pred Okru\u017enim sudom u Beogradu, kao i advokatskog tima koji je 1996. godine zastupao dr. Zorana \u0110in\u0111i\u0107a u krivi\u010dnom postupku \/ tzv. \u017ditna afera \/ pred Okru\u017enim sudom u Beogradu.<\/p>\n<p style=\"text-align: justify;\"><strong>Politi\u010dki anga\u017eman<\/strong><\/p>\n<p style=\"text-align: justify;\">Od 1992. do 1994. godine funkciju Generalnog Sekretara SPO<\/p>\n<p style=\"text-align: justify;\">Od 1992. do 1995. godine \u2013 Poslanik u Federalnom parlamentu SR Jugoslavije na listi koalicije DEPOS.<\/p>\n<p style=\"text-align: justify;\">Od 1995. do 1996. godine \u010dlan GO Demokratske Stranke. Od 1996. godine napustio DS i prestao da se aktivno bavi politikom.<\/p>\n<p style=\"text-align: justify;\">Od maja 2003. godine \u010dlan Pravnog Saveta Nj.K.V. Aleksandra Kara\u0111or\u0111evi\u0107a.<\/p>\n<\/div><div class=\"fusion-widget-area awb-widget-area-element fusion-widget-area-2 fusion-content-widget-area fusion-no-large-visibility\" style=\"--awb-background-color:#e8e8e8;--awb-title-color:#333333;--awb-padding:4% 4% 4% 4%;\"><div id=\"text-68\" class=\"widget widget_text\" style=\"border-style: solid;border-color:transparent;border-width:0px;\">\t\t\t<div class=\"textwidget\"><p><a href=\"https:\/\/royalfamily.org\/lat\/krunski-kabinet\/vladimir-m-gajic-lat\/\">Vladimir M. Gaji\u0107<\/a><\/p>\n<p><a href=\"https:\/\/royalfamily.org\/lat\/krunski-kabinet\/dragoslav-micic-lat\/\">Dragoslav Mici\u0107<\/a><\/p>\n<\/div>\n\t\t<\/div><div class=\"fusion-additional-widget-content\"><\/div><\/div><div class=\"fusion-sep-clear\"><\/div><div class=\"fusion-separator fusion-no-large-visibility fusion-full-width-sep\" style=\"margin-left: auto;margin-right: auto;width:100%;\"><div class=\"fusion-separator-border sep-double\" style=\"--awb-height:20px;--awb-amount:20px;border-color:#e0dede;border-top-width:1px;border-bottom-width:1px;\"><\/div><\/div><div class=\"fusion-sep-clear\"><\/div><div class=\"fusion-clearfix\"><\/div><\/div><\/div><div class=\"fusion-layout-column fusion_builder_column fusion-builder-column-2 fusion_builder_column_1_1 1_1 fusion-one-full fusion-column-first fusion-column-last fusion-column-no-min-height\" style=\"--awb-bg-color:#ffffff;--awb-bg-color-hover:#ffffff;--awb-bg-size:cover;\"><div class=\"fusion-column-wrapper fusion-column-has-shadow fusion-flex-column-wrapper-legacy\"><div class=\"fusion-sharing-box fusion-sharing-box-1 has-taglines layout-floated layout-medium-floated layout-small-floated\" style=\"background-color:#f6f6f6;--awb-layout:row;--awb-alignment-small:space-between;\" data-title=\"Vladimir M. Gaji\u0107\" data-description=\"Vladimir M. Gaji\u0107 iz Beograda, po zanimanju advokat. Ro\u0111en 24.03.1965. godine u Marseju, Francuska. O\u017eenjen, otac \u010detvoro dece.\r\nDiplomirao na Pravnom fakultetu u Beogradu 1989. godine. Od 1992. godine \u2013 advokat sa sedi\u0161tem kancelarije u Beogradu. Suvlasnik konsultantske firme Heofund d.o.o. Beograd, koja zastupa pravne interese stranih i doma\u0107ih\" data-link=\"https:\/\/royalfamily.org\/lat\/crown-cabinet-2\/vladimir-m-gajic-lat\/\"><h4 class=\"tagline\" style=\"color:#333333;\">Podelite ovaj \u010dlanak:<\/h4><div class=\"fusion-social-networks sharingbox-shortcode-icon-wrapper sharingbox-shortcode-icon-wrapper-1\"><span><a href=\"https:\/\/www.facebook.com\/sharer.php?u=https%3A%2F%2Froyalfamily.org%2Flat%2Fcrown-cabinet-2%2Fvladimir-m-gajic-lat%2F&amp;t=Vladimir%20M.%20Gaji%C4%87\" target=\"_blank\" rel=\"noreferrer nofollow\" title=\"Facebook\" aria-label=\"Facebook\" data-placement=\"top\" data-toggle=\"tooltip\" data-title=\"Facebook\"><i class=\"fusion-social-network-icon fusion-tooltip fusion-facebook awb-icon-facebook\" style=\"color:#2b59ff;\" aria-hidden=\"true\"><\/i><\/a><\/span><span><a href=\"https:\/\/x.com\/intent\/post?text=Vladimir%20M.%20Gaji%C4%87&amp;url=https%3A%2F%2Froyalfamily.org%2Flat%2Fcrown-cabinet-2%2Fvladimir-m-gajic-lat%2F\" target=\"_blank\" rel=\"noopener noreferrer nofollow\" title=\"X\" aria-label=\"X\" data-placement=\"top\" data-toggle=\"tooltip\" data-title=\"X\"><i class=\"fusion-social-network-icon fusion-tooltip fusion-twitter awb-icon-twitter\" style=\"color:#2b59ff;\" aria-hidden=\"true\"><\/i><\/a><\/span><span><a href=\"https:\/\/reddit.com\/submit?url=https%3A%2F%2Froyalfamily.org%2Flat%2Fcrown-cabinet-2%2Fvladimir-m-gajic-lat%2F&amp;title=Vladimir%20M.%20Gaji%C4%87\" target=\"_blank\" rel=\"noopener noreferrer nofollow\" title=\"Reddit\" aria-label=\"Reddit\" data-placement=\"top\" data-toggle=\"tooltip\" data-title=\"Reddit\"><i class=\"fusion-social-network-icon fusion-tooltip fusion-reddit awb-icon-reddit\" style=\"color:#2b59ff;\" aria-hidden=\"true\"><\/i><\/a><\/span><span><a href=\"https:\/\/www.linkedin.com\/shareArticle?mini=true&amp;url=https%3A%2F%2Froyalfamily.org%2Flat%2Fcrown-cabinet-2%2Fvladimir-m-gajic-lat%2F&amp;title=Vladimir%20M.%20Gaji%C4%87&amp;summary=Vladimir%20M.%20Gaji%C4%87%20iz%20Beograda%2C%20po%20zanimanju%20advokat.%20Ro%C4%91en%2024.03.1965.%20godine%20u%20Marseju%2C%20Francuska.%20O%C5%BEenjen%2C%20otac%20%C4%8Detvoro%20dece.%0D%0ADiplomirao%20na%20Pravnom%20fakultetu%20u%20Beogradu%201989.%20godine.%20Od%201992.%20godine%20%E2%80%93%20advokat%20sa%20sedi%C5%A1tem%20kancelarije%20u%20Beogradu.%20Suvlasnik%20konsultantske%20firme%20Heofund%20d.o.o.%20Beograd%2C%20koja%20zastupa%20pravne%20interese%20stranih%20i%20doma%C4%87ih\" target=\"_blank\" rel=\"noopener noreferrer nofollow\" title=\"LinkedIn\" aria-label=\"LinkedIn\" data-placement=\"top\" data-toggle=\"tooltip\" data-title=\"LinkedIn\"><i class=\"fusion-social-network-icon fusion-tooltip fusion-linkedin awb-icon-linkedin\" style=\"color:#2b59ff;\" aria-hidden=\"true\"><\/i><\/a><\/span><span><a href=\"https:\/\/api.whatsapp.com\/send?text=https%3A%2F%2Froyalfamily.org%2Flat%2Fcrown-cabinet-2%2Fvladimir-m-gajic-lat%2F\" target=\"_blank\" rel=\"noopener noreferrer nofollow\" title=\"WhatsApp\" aria-label=\"WhatsApp\" data-placement=\"top\" data-toggle=\"tooltip\" data-title=\"WhatsApp\"><i class=\"fusion-social-network-icon fusion-tooltip fusion-whatsapp awb-icon-whatsapp\" style=\"color:#2b59ff;\" aria-hidden=\"true\"><\/i><\/a><\/span><span><a href=\"https:\/\/www.tumblr.com\/share\/link?url=https%3A%2F%2Froyalfamily.org%2Flat%2Fcrown-cabinet-2%2Fvladimir-m-gajic-lat%2F&amp;name=Vladimir%20M.%20Gaji%C4%87&amp;description=Vladimir%20M.%20Gaji%C4%87%20iz%20Beograda%2C%20po%20zanimanju%20advokat.%20Ro%C4%91en%2024.03.1965.%20godine%20u%20Marseju%2C%20Francuska.%20O%C5%BEenjen%2C%20otac%20%C4%8Detvoro%20dece.%0D%0ADiplomirao%20na%20Pravnom%20fakultetu%20u%20Beogradu%201989.%20godine.%20Od%201992.%20godine%20%E2%80%93%20advokat%20sa%20sedi%C5%A1tem%20kancelarije%20u%20Beogradu.%20Suvlasnik%20konsultantske%20firme%20Heofund%20d.o.o.%20Beograd%2C%20koja%20zastupa%20pravne%20interese%20stranih%20i%20doma%C4%87ih\" target=\"_blank\" rel=\"noopener noreferrer nofollow\" title=\"Tumblr\" aria-label=\"Tumblr\" data-placement=\"top\" data-toggle=\"tooltip\" data-title=\"Tumblr\"><i class=\"fusion-social-network-icon fusion-tooltip fusion-tumblr awb-icon-tumblr\" style=\"color:#2b59ff;\" aria-hidden=\"true\"><\/i><\/a><\/span><span><a href=\"https:\/\/pinterest.com\/pin\/create\/button\/?url=https%3A%2F%2Froyalfamily.org%2Flat%2Fcrown-cabinet-2%2Fvladimir-m-gajic-lat%2F&amp;description=Vladimir%20M.%20Gaji%C4%87%20iz%20Beograda%2C%20po%20zanimanju%20advokat.%20Ro%C4%91en%2024.03.1965.%20godine%20u%20Marseju%2C%20Francuska.%20O%C5%BEenjen%2C%20otac%20%C4%8Detvoro%20dece.%0D%0ADiplomirao%20na%20Pravnom%20fakultetu%20u%20Beogradu%201989.%20godine.%20Od%201992.%20godine%20%E2%80%93%20advokat%20sa%20sedi%C5%A1tem%20kancelarije%20u%20Beogradu.%20Suvlasnik%20konsultantske%20firme%20Heofund%20d.o.o.%20Beograd%2C%20koja%20zastupa%20pravne%20interese%20stranih%20i%20doma%C4%87ih&amp;media=\" target=\"_blank\" rel=\"noopener noreferrer nofollow\" title=\"Pinterest\" aria-label=\"Pinterest\" data-placement=\"top\" data-toggle=\"tooltip\" data-title=\"Pinterest\"><i class=\"fusion-social-network-icon fusion-tooltip fusion-pinterest awb-icon-pinterest\" style=\"color:#2b59ff;\" aria-hidden=\"true\"><\/i><\/a><\/span><span><a href=\"https:\/\/vkontakte.ru\/share.php?url=https%3A%2F%2Froyalfamily.org%2Flat%2Fcrown-cabinet-2%2Fvladimir-m-gajic-lat%2F&amp;title=Vladimir%20M.%20Gaji%C4%87&amp;description=Vladimir%20M.%20Gaji%C4%87%20iz%20Beograda%2C%20po%20zanimanju%20advokat.%20Ro%C4%91en%2024.03.1965.%20godine%20u%20Marseju%2C%20Francuska.%20O%C5%BEenjen%2C%20otac%20%C4%8Detvoro%20dece.%0D%0ADiplomirao%20na%20Pravnom%20fakultetu%20u%20Beogradu%201989.%20godine.%20Od%201992.%20godine%20%E2%80%93%20advokat%20sa%20sedi%C5%A1tem%20kancelarije%20u%20Beogradu.%20Suvlasnik%20konsultantske%20firme%20Heofund%20d.o.o.%20Beograd%2C%20koja%20zastupa%20pravne%20interese%20stranih%20i%20doma%C4%87ih\" target=\"_blank\" rel=\"noopener noreferrer nofollow\" title=\"Vk\" aria-label=\"Vk\" data-placement=\"top\" data-toggle=\"tooltip\" data-title=\"Vk\"><i class=\"fusion-social-network-icon fusion-tooltip fusion-vk awb-icon-vk\" style=\"color:#2b59ff;\" aria-hidden=\"true\"><\/i><\/a><\/span><span><a href=\"mailto:?subject=Vladimir%20M.%20Gaji%C4%87&amp;body=https%3A%2F%2Froyalfamily.org%2Flat%2Fcrown-cabinet-2%2Fvladimir-m-gajic-lat%2F\" target=\"_self\" rel=\"nofollow\" title=\"Email\" aria-label=\"Email\" data-placement=\"top\" data-toggle=\"tooltip\" data-title=\"Email\"><i class=\"fusion-social-network-icon fusion-tooltip fusion-mail awb-icon-mail\" style=\"color:#2b59ff;\" aria-hidden=\"true\"><\/i><\/a><\/span><\/div><\/div><div class=\"fusion-clearfix\"><\/div><\/div><\/div><\/div><\/div>\n","protected":false},"excerpt":{"rendered":"","protected":false},"author":1001015,"featured_media":4359,"parent":1081,"menu_order":2,"comment_status":"closed","ping_status":"closed","template":"","meta":{"_acf_changed":false,"footnotes":""},"class_list":["post-2346","page","type-page","status-publish","has-post-thumbnail","hentry"],"acf":[],"yoast_head":"<!-- This site is optimized with the Yoast SEO Premium plugin v27.4 (Yoast SEO v27.4) - https:\/\/yoast.com\/product\/yoast-seo-premium-wordpress\/ -->\n<title>Vladimir M. Gaji\u0107 - The Royal Family of Serbia<\/title>\n<meta name=\"robots\" content=\"index, follow, max-snippet:-1, max-image-preview:large, max-video-preview:-1\" \/>\n<link rel=\"canonical\" href=\"https:\/\/royalfamily.org\/lat\/krunski-kabinet\/vladimir-m-gajic-lat\/\" \/>\n<meta property=\"og:locale\" content=\"en_US\" \/>\n<meta property=\"og:type\" content=\"article\" \/>\n<meta property=\"og:title\" content=\"Vladimir M. Gaji\u0107\" \/>\n<meta property=\"og:url\" content=\"https:\/\/royalfamily.org\/lat\/krunski-kabinet\/vladimir-m-gajic-lat\/\" \/>\n<meta property=\"og:site_name\" content=\"The Royal Family of Serbia\" \/>\n<meta property=\"article:publisher\" content=\"https:\/\/www.facebook.com\/Prestolonaslednik.Aleksandar\" \/>\n<meta property=\"og:image\" content=\"https:\/\/royalfamily.org\/wp-content\/uploads\/2013\/11\/gajic1.jpg\" \/>\n\t<meta property=\"og:image:width\" content=\"740\" \/>\n\t<meta property=\"og:image:height\" content=\"350\" \/>\n\t<meta property=\"og:image:type\" content=\"image\/jpeg\" \/>\n<meta name=\"twitter:card\" content=\"summary_large_image\" \/>\n<meta name=\"twitter:label1\" content=\"Est. reading time\" \/>\n\t<meta name=\"twitter:data1\" content=\"4 minutes\" \/>\n<script type=\"application\/ld+json\" class=\"yoast-schema-graph\">{\"@context\":\"https:\\\/\\\/schema.org\",\"@graph\":[{\"@type\":\"WebPage\",\"@id\":\"https:\\\/\\\/royalfamily.org\\\/lat\\\/krunski-kabinet\\\/vladimir-m-gajic-lat\\\/\",\"url\":\"https:\\\/\\\/royalfamily.org\\\/lat\\\/krunski-kabinet\\\/vladimir-m-gajic-lat\\\/\",\"name\":\"Vladimir M. Gaji\u0107 - The Royal Family of Serbia\",\"isPartOf\":{\"@id\":\"https:\\\/\\\/royalfamily.org\\\/#website\"},\"primaryImageOfPage\":{\"@id\":\"https:\\\/\\\/royalfamily.org\\\/lat\\\/krunski-kabinet\\\/vladimir-m-gajic-lat\\\/#primaryimage\"},\"image\":{\"@id\":\"https:\\\/\\\/royalfamily.org\\\/lat\\\/krunski-kabinet\\\/vladimir-m-gajic-lat\\\/#primaryimage\"},\"thumbnailUrl\":\"https:\\\/\\\/royalfamily.org\\\/wp-content\\\/uploads\\\/2013\\\/11\\\/gajic1.jpg\",\"datePublished\":\"2013-11-07T21:21:13+00:00\",\"breadcrumb\":{\"@id\":\"https:\\\/\\\/royalfamily.org\\\/lat\\\/krunski-kabinet\\\/vladimir-m-gajic-lat\\\/#breadcrumb\"},\"inLanguage\":\"sr-LT\",\"potentialAction\":[{\"@type\":\"ReadAction\",\"target\":[\"https:\\\/\\\/royalfamily.org\\\/lat\\\/krunski-kabinet\\\/vladimir-m-gajic-lat\\\/\"]}]},{\"@type\":\"ImageObject\",\"inLanguage\":\"sr-LT\",\"@id\":\"https:\\\/\\\/royalfamily.org\\\/lat\\\/krunski-kabinet\\\/vladimir-m-gajic-lat\\\/#primaryimage\",\"url\":\"https:\\\/\\\/royalfamily.org\\\/wp-content\\\/uploads\\\/2013\\\/11\\\/gajic1.jpg\",\"contentUrl\":\"https:\\\/\\\/royalfamily.org\\\/wp-content\\\/uploads\\\/2013\\\/11\\\/gajic1.jpg\",\"width\":740,\"height\":350},{\"@type\":\"BreadcrumbList\",\"@id\":\"https:\\\/\\\/royalfamily.org\\\/lat\\\/krunski-kabinet\\\/vladimir-m-gajic-lat\\\/#breadcrumb\",\"itemListElement\":[{\"@type\":\"ListItem\",\"position\":1,\"name\":\"Home\",\"item\":\"https:\\\/\\\/royalfamily.org\\\/lat\\\/\"},{\"@type\":\"ListItem\",\"position\":2,\"name\":\"Krunski Kabinet\",\"item\":\"https:\\\/\\\/royalfamily.org\\\/lat\\\/krunski-kabinet\\\/\"},{\"@type\":\"ListItem\",\"position\":3,\"name\":\"Vladimir M. Gaji\u0107\"}]},{\"@type\":\"WebSite\",\"@id\":\"https:\\\/\\\/royalfamily.org\\\/#website\",\"url\":\"https:\\\/\\\/royalfamily.org\\\/\",\"name\":\"The Royal Family of Serbia\",\"description\":\"From the people, for the people\",\"publisher\":{\"@id\":\"https:\\\/\\\/royalfamily.org\\\/#organization\"},\"potentialAction\":[{\"@type\":\"SearchAction\",\"target\":{\"@type\":\"EntryPoint\",\"urlTemplate\":\"https:\\\/\\\/royalfamily.org\\\/?s={search_term_string}\"},\"query-input\":{\"@type\":\"PropertyValueSpecification\",\"valueRequired\":true,\"valueName\":\"search_term_string\"}}],\"inLanguage\":\"sr-LT\"},{\"@type\":\"Organization\",\"@id\":\"https:\\\/\\\/royalfamily.org\\\/#organization\",\"name\":\"Royal Family\",\"url\":\"https:\\\/\\\/royalfamily.org\\\/\",\"logo\":{\"@type\":\"ImageObject\",\"inLanguage\":\"sr-LT\",\"@id\":\"https:\\\/\\\/royalfamily.org\\\/#\\\/schema\\\/logo\\\/image\\\/\",\"url\":\"https:\\\/\\\/royalfamily.org\\\/wp-content\\\/uploads\\\/2019\\\/04\\\/logo-vector-02-V-latinica.png\",\"contentUrl\":\"https:\\\/\\\/royalfamily.org\\\/wp-content\\\/uploads\\\/2019\\\/04\\\/logo-vector-02-V-latinica.png\",\"width\":552,\"height\":99,\"caption\":\"Royal Family\"},\"image\":{\"@id\":\"https:\\\/\\\/royalfamily.org\\\/#\\\/schema\\\/logo\\\/image\\\/\"},\"sameAs\":[\"https:\\\/\\\/www.facebook.com\\\/Prestolonaslednik.Aleksandar\"]}]}<\/script>\n<!-- \/ Yoast SEO Premium plugin. -->","yoast_head_json":{"title":"Vladimir M. Gaji\u0107 - The Royal Family of Serbia","robots":{"index":"index","follow":"follow","max-snippet":"max-snippet:-1","max-image-preview":"max-image-preview:large","max-video-preview":"max-video-preview:-1"},"canonical":"https:\/\/royalfamily.org\/lat\/krunski-kabinet\/vladimir-m-gajic-lat\/","og_locale":"en_US","og_type":"article","og_title":"Vladimir M. Gaji\u0107","og_url":"https:\/\/royalfamily.org\/lat\/krunski-kabinet\/vladimir-m-gajic-lat\/","og_site_name":"The Royal Family of Serbia","article_publisher":"https:\/\/www.facebook.com\/Prestolonaslednik.Aleksandar","og_image":[{"width":740,"height":350,"url":"https:\/\/royalfamily.org\/wp-content\/uploads\/2013\/11\/gajic1.jpg","type":"image\/jpeg"}],"twitter_card":"summary_large_image","twitter_misc":{"Est. reading time":"4 minutes"},"schema":{"@context":"https:\/\/schema.org","@graph":[{"@type":"WebPage","@id":"https:\/\/royalfamily.org\/lat\/krunski-kabinet\/vladimir-m-gajic-lat\/","url":"https:\/\/royalfamily.org\/lat\/krunski-kabinet\/vladimir-m-gajic-lat\/","name":"Vladimir M. Gaji\u0107 - The Royal Family of Serbia","isPartOf":{"@id":"https:\/\/royalfamily.org\/#website"},"primaryImageOfPage":{"@id":"https:\/\/royalfamily.org\/lat\/krunski-kabinet\/vladimir-m-gajic-lat\/#primaryimage"},"image":{"@id":"https:\/\/royalfamily.org\/lat\/krunski-kabinet\/vladimir-m-gajic-lat\/#primaryimage"},"thumbnailUrl":"https:\/\/royalfamily.org\/wp-content\/uploads\/2013\/11\/gajic1.jpg","datePublished":"2013-11-07T21:21:13+00:00","breadcrumb":{"@id":"https:\/\/royalfamily.org\/lat\/krunski-kabinet\/vladimir-m-gajic-lat\/#breadcrumb"},"inLanguage":"sr-LT","potentialAction":[{"@type":"ReadAction","target":["https:\/\/royalfamily.org\/lat\/krunski-kabinet\/vladimir-m-gajic-lat\/"]}]},{"@type":"ImageObject","inLanguage":"sr-LT","@id":"https:\/\/royalfamily.org\/lat\/krunski-kabinet\/vladimir-m-gajic-lat\/#primaryimage","url":"https:\/\/royalfamily.org\/wp-content\/uploads\/2013\/11\/gajic1.jpg","contentUrl":"https:\/\/royalfamily.org\/wp-content\/uploads\/2013\/11\/gajic1.jpg","width":740,"height":350},{"@type":"BreadcrumbList","@id":"https:\/\/royalfamily.org\/lat\/krunski-kabinet\/vladimir-m-gajic-lat\/#breadcrumb","itemListElement":[{"@type":"ListItem","position":1,"name":"Home","item":"https:\/\/royalfamily.org\/lat\/"},{"@type":"ListItem","position":2,"name":"Krunski Kabinet","item":"https:\/\/royalfamily.org\/lat\/krunski-kabinet\/"},{"@type":"ListItem","position":3,"name":"Vladimir M. Gaji\u0107"}]},{"@type":"WebSite","@id":"https:\/\/royalfamily.org\/#website","url":"https:\/\/royalfamily.org\/","name":"The Royal Family of Serbia","description":"From the people, for the people","publisher":{"@id":"https:\/\/royalfamily.org\/#organization"},"potentialAction":[{"@type":"SearchAction","target":{"@type":"EntryPoint","urlTemplate":"https:\/\/royalfamily.org\/?s={search_term_string}"},"query-input":{"@type":"PropertyValueSpecification","valueRequired":true,"valueName":"search_term_string"}}],"inLanguage":"sr-LT"},{"@type":"Organization","@id":"https:\/\/royalfamily.org\/#organization","name":"Royal Family","url":"https:\/\/royalfamily.org\/","logo":{"@type":"ImageObject","inLanguage":"sr-LT","@id":"https:\/\/royalfamily.org\/#\/schema\/logo\/image\/","url":"https:\/\/royalfamily.org\/wp-content\/uploads\/2019\/04\/logo-vector-02-V-latinica.png","contentUrl":"https:\/\/royalfamily.org\/wp-content\/uploads\/2019\/04\/logo-vector-02-V-latinica.png","width":552,"height":99,"caption":"Royal Family"},"image":{"@id":"https:\/\/royalfamily.org\/#\/schema\/logo\/image\/"},"sameAs":["https:\/\/www.facebook.com\/Prestolonaslednik.Aleksandar"]}]}},"_links":{"self":[{"href":"https:\/\/royalfamily.org\/lat\/wp-json\/wp\/v2\/pages\/2346","targetHints":{"allow":["GET"]}}],"collection":[{"href":"https:\/\/royalfamily.org\/lat\/wp-json\/wp\/v2\/pages"}],"about":[{"href":"https:\/\/royalfamily.org\/lat\/wp-json\/wp\/v2\/types\/page"}],"author":[{"embeddable":true,"href":"https:\/\/royalfamily.org\/lat\/wp-json\/wp\/v2\/users\/1001015"}],"replies":[{"embeddable":true,"href":"https:\/\/royalfamily.org\/lat\/wp-json\/wp\/v2\/comments?post=2346"}],"version-history":[{"count":6,"href":"https:\/\/royalfamily.org\/lat\/wp-json\/wp\/v2\/pages\/2346\/revisions"}],"predecessor-version":[{"id":54321,"href":"https:\/\/royalfamily.org\/lat\/wp-json\/wp\/v2\/pages\/2346\/revisions\/54321"}],"up":[{"embeddable":true,"href":"https:\/\/royalfamily.org\/lat\/wp-json\/wp\/v2\/pages\/1081"}],"wp:featuredmedia":[{"embeddable":true,"href":"https:\/\/royalfamily.org\/lat\/wp-json\/wp\/v2\/media\/4359"}],"wp:attachment":[{"href":"https:\/\/royalfamily.org\/lat\/wp-json\/wp\/v2\/media?parent=2346"}],"curies":[{"name":"wp","href":"https:\/\/api.w.org\/{rel}","templated":true}]}}