{"id":2415,"date":"2013-11-07T22:54:44","date_gmt":"2013-11-07T22:54:44","guid":{"rendered":"http:\/\/royalfamily.dev\/?page_id=2415"},"modified":"2013-11-07T22:54:44","modified_gmt":"2013-11-07T22:54:44","slug":"djurdje-ninkovic-lat","status":"publish","type":"page","link":"https:\/\/royalfamily.org\/lat\/krunsko-vece\/djurdje-ninkovic-lat\/","title":{"rendered":"\u0110ur\u0111e Ninkovi\u0107"},"content":{"rendered":"<div class=\"fusion-fullwidth fullwidth-box fusion-builder-row-1 nonhundred-percent-fullwidth non-hundred-percent-height-scrolling fusion-equal-height-columns\" style=\"--awb-border-radius-top-left:0px;--awb-border-radius-top-right:0px;--awb-border-radius-bottom-right:0px;--awb-border-radius-bottom-left:0px;--awb-padding-right:7%;--awb-padding-left:7%;--awb-flex-wrap:wrap;\" ><div class=\"fusion-builder-row fusion-row\"><div class=\"fusion-layout-column fusion_builder_column fusion-builder-column-0 fusion_builder_column_1_4 1_4 fusion-one-fourth fusion-column-first fusion-no-small-visibility fusion-no-medium-visibility\" style=\"--awb-padding-top:4%;--awb-padding-right:4%;--awb-padding-bottom:4%;--awb-padding-left:4%;--awb-bg-color:#eaeaea;--awb-bg-color-hover:#eaeaea;--awb-bg-size:cover;width:25%;width:calc(25% - ( ( 4% ) * 0.25 ) );margin-right: 4%;\"><div class=\"fusion-column-wrapper fusion-column-has-shadow fusion-flex-column-wrapper-legacy\"><div class=\"fusion-widget-area awb-widget-area-element fusion-widget-area-1 fusion-content-widget-area\" style=\"--awb-background-color:#e8e8e8;--awb-title-color:#333333;--awb-padding:4% 4% 4% 4%;\"><div id=\"text-12\" class=\"widget widget_text\" style=\"border-style: solid;border-color:transparent;border-width:0px;\">\t\t\t<div class=\"textwidget\"><p><a href=\"https:\/\/royalfamily.org\/lat\/krunsko-vece\/hrh-hereditary-prince-peter-lat\/\">NJ.K.V. Princ Petar<\/a><\/p>\n<p><a href=\"https:\/\/royalfamily.org\/lat\/krunsko-vece\/hrh-prince-philip-lat\/\">NJ.K.V. Princ Naslednik Filip<\/a><\/p>\n<p><a href=\"https:\/\/royalfamily.org\/lat\/krunsko-vece\/hrh-prince-alexander-lat\/\">NJ.K.V. Princ Aleksandar<\/a><\/p>\n<p><a href=\"https:\/\/royalfamily.org\/lat\/krunsko-vece\/branko-terzic-lat\/\">Branko Terzi\u0107<\/a><\/p>\n<p><a href=\"https:\/\/royalfamily.org\/lat\/krunsko-vece\/dragomir-acovic-lat\/\">Dragomir Acovi\u0107<\/a><\/p>\n<p><a href=\"https:\/\/royalfamily.org\/lat\/krunsko-vece\/dusan-babac-lat\/\">Du\u0161an Babac<\/a><\/p>\n<p><a href=\"https:\/\/royalfamily.org\/lat\/krunsko-vece\/djurdje-ninkovic-lat\/\">\u0110ur\u0111e Ninkovi\u0107<\/a><\/p>\n<p><a href=\"https:\/\/royalfamily.org\/lat\/krunsko-vece\/dusica-lecic-tosevski\/\">Du\u0161ica Le\u010di\u0107 To\u0161evski<\/a><\/p>\n<p><strong>Preminuli \u010dlanovi Krunskog ve\u0107a<\/strong><\/p>\n<p><a href=\"https:\/\/royalfamily.org\/lat\/%d1%92%d0%be%d1%80%d1%92%d0%b5-%d0%bd%d0%be%d0%b2%d0%b0%d0%ba%d0%be%d0%b2%d0%b8%d1%9b-cir\/\">\u0110or\u0111e Novakovic<\/a><\/p>\n<\/div>\n\t\t<\/div><div class=\"fusion-additional-widget-content\"><\/div><\/div><div class=\"fusion-clearfix\"><\/div><\/div><\/div><div class=\"fusion-layout-column fusion_builder_column fusion-builder-column-1 fusion_builder_column_3_4 3_4 fusion-three-fourth fusion-column-last\" style=\"--awb-bg-size:cover;--awb-margin-bottom:0px;width:75%;width:calc(75% - ( ( 4% ) * 0.75 ) );\"><div class=\"fusion-column-wrapper fusion-flex-column-wrapper-legacy\"><div class=\"fusion-image-element fusion-image-align-center in-legacy-container\" style=\"text-align:center;--awb-caption-title-font-family:var(--h2_typography-font-family);--awb-caption-title-font-weight:var(--h2_typography-font-weight);--awb-caption-title-font-style:var(--h2_typography-font-style);--awb-caption-title-size:var(--h2_typography-font-size);--awb-caption-title-transform:var(--h2_typography-text-transform);--awb-caption-title-line-height:var(--h2_typography-line-height);--awb-caption-title-letter-spacing:var(--h2_typography-letter-spacing);\"><div class=\"imageframe-align-center\"><span class=\" fusion-imageframe imageframe-none imageframe-1 hover-type-none\"><img decoding=\"async\" width=\"740\" height=\"350\" title=\"ninkovic\" src=\"https:\/\/royalfamily.org\/wp-content\/uploads\/2013\/11\/ninkovic1.jpg\" alt class=\"img-responsive wp-image-4387\" srcset=\"https:\/\/royalfamily.org\/wp-content\/uploads\/2013\/11\/ninkovic1-300x141.jpg 300w, https:\/\/royalfamily.org\/wp-content\/uploads\/2013\/11\/ninkovic1-500x236.jpg 500w, https:\/\/royalfamily.org\/wp-content\/uploads\/2013\/11\/ninkovic1-700x331.jpg 700w, https:\/\/royalfamily.org\/wp-content\/uploads\/2013\/11\/ninkovic1.jpg 740w\" sizes=\"(max-width: 740px) 100vw, 740px\" \/><\/span><\/div><\/div><div class=\"fusion-sep-clear\"><\/div><div class=\"fusion-separator fusion-full-width-sep\" style=\"margin-left: auto;margin-right: auto;margin-top:3%;width:100%;\"><\/div><div class=\"fusion-sep-clear\"><\/div><div class=\"fusion-text fusion-text-1\"><p style=\"text-align: justify;\">Ro\u0111en 1942. godine u Beogradu. Posle zavr\u0161ene Klasi\u010dne gimnazije diplomirao na Pravnom fakultetu u Beogradu 1964. godine. Poslediplomske studije iz Me\u0111unarodnog prava zavr\u0161io u Londonu.<\/p>\n<p style=\"text-align: justify;\">\u010clan je Advokatske komore u Beogradu i pridru\u017eeni \u010dlan Advokatske komore u Londonu.<\/p>\n<p style=\"text-align: justify;\">Bavi se prete\u017eno me\u0111unarodnim privatnim pravom, me\u0111unarodnim privrednim pravom, arbitra\u017eom i vazduhoplovnim pravom.<\/p>\n<p style=\"text-align: justify;\">\u010clan je Britansko-Jugoslovenskog udru\u017eenja pravnika u Londonu.<\/p>\n<p style=\"text-align: justify;\">Za usluge pru\u017eene pravosu\u0111u \u0160vedske 1988. godine Kralj \u0160vedske odlikovao ga je Ordenom Polarne zvezde prvog stepena.<\/p>\n<p style=\"text-align: justify;\">Jedan je od osniva\u010da Demokratske stranke i potpisnik je Pisma o namerama. Tako\u0111e je me\u0111u osniva\u010dima Demokratske stranke Srbije 1992. godine.<\/p>\n<p style=\"text-align: justify;\">Od februara do oktobra 2001. godine bio je Zamenik ministra pravde Republike Srbije. Na tom polo\u017eaju formirao je radnu grupu koja je zapo\u010dela izradu zakona o rehabilitaciji, zakona o sudovima, zakona o nevladinim organizacijama i zakona o politi\u010dkim strankama.<\/p>\n<p style=\"text-align: justify;\">Objavio je \u010dlanke u Engleskoj u Current European Law, Impact, The South Slav Journal, The Times i BSSSLA Newsletter. U Jugoslaviji objavio je \u010dlanke u listovima Danas Pravo, Politika, NIN i Brani\u010d.<\/p>\n<p style=\"text-align: justify;\">Izlagao je na seminarima u Kembrid\u017eu, Londonu, Harvardu, Essex Univerzitetu i Beogradu. U\u010destvovao je sa svojim radovima na konferencijama u Kraljevskom institutu za me\u0111unarodne poslove Chatham House, Wilton Park i Parlamentu Engleske.<\/p>\n<p style=\"text-align: justify;\">Bavi se advokaturom u Beogradu i Londonu. O\u017eenjen Mirjanom, ima dva sina, Marka i Petra.<\/p>\n<\/div><div class=\"fusion-widget-area awb-widget-area-element fusion-widget-area-2 fusion-content-widget-area fusion-no-large-visibility\" style=\"--awb-background-color:#e8e8e8;--awb-title-color:#333333;--awb-padding:4% 4% 4% 4%;\"><div id=\"text-12\" class=\"widget widget_text\" style=\"border-style: solid;border-color:transparent;border-width:0px;\">\t\t\t<div class=\"textwidget\"><p><a href=\"https:\/\/royalfamily.org\/lat\/krunsko-vece\/hrh-hereditary-prince-peter-lat\/\">NJ.K.V. Princ Petar<\/a><\/p>\n<p><a href=\"https:\/\/royalfamily.org\/lat\/krunsko-vece\/hrh-prince-philip-lat\/\">NJ.K.V. Princ Naslednik Filip<\/a><\/p>\n<p><a href=\"https:\/\/royalfamily.org\/lat\/krunsko-vece\/hrh-prince-alexander-lat\/\">NJ.K.V. Princ Aleksandar<\/a><\/p>\n<p><a href=\"https:\/\/royalfamily.org\/lat\/krunsko-vece\/branko-terzic-lat\/\">Branko Terzi\u0107<\/a><\/p>\n<p><a href=\"https:\/\/royalfamily.org\/lat\/krunsko-vece\/dragomir-acovic-lat\/\">Dragomir Acovi\u0107<\/a><\/p>\n<p><a href=\"https:\/\/royalfamily.org\/lat\/krunsko-vece\/dusan-babac-lat\/\">Du\u0161an Babac<\/a><\/p>\n<p><a href=\"https:\/\/royalfamily.org\/lat\/krunsko-vece\/djurdje-ninkovic-lat\/\">\u0110ur\u0111e Ninkovi\u0107<\/a><\/p>\n<p><a href=\"https:\/\/royalfamily.org\/lat\/krunsko-vece\/dusica-lecic-tosevski\/\">Du\u0161ica Le\u010di\u0107 To\u0161evski<\/a><\/p>\n<p><strong>Preminuli \u010dlanovi Krunskog ve\u0107a<\/strong><\/p>\n<p><a href=\"https:\/\/royalfamily.org\/lat\/%d1%92%d0%be%d1%80%d1%92%d0%b5-%d0%bd%d0%be%d0%b2%d0%b0%d0%ba%d0%be%d0%b2%d0%b8%d1%9b-cir\/\">\u0110or\u0111e Novakovic<\/a><\/p>\n<\/div>\n\t\t<\/div><div class=\"fusion-additional-widget-content\"><\/div><\/div><div class=\"fusion-sep-clear\"><\/div><div class=\"fusion-separator fusion-no-large-visibility fusion-full-width-sep\" style=\"margin-left: auto;margin-right: auto;width:100%;\"><div class=\"fusion-separator-border sep-double\" style=\"--awb-height:20px;--awb-amount:20px;border-color:#e0dede;border-top-width:1px;border-bottom-width:1px;\"><\/div><\/div><div class=\"fusion-sep-clear\"><\/div><div class=\"fusion-clearfix\"><\/div><\/div><\/div><div class=\"fusion-layout-column fusion_builder_column fusion-builder-column-2 fusion_builder_column_1_1 1_1 fusion-one-full fusion-column-first fusion-column-last fusion-column-no-min-height\" style=\"--awb-bg-color:#ffffff;--awb-bg-color-hover:#ffffff;--awb-bg-size:cover;\"><div class=\"fusion-column-wrapper fusion-column-has-shadow fusion-flex-column-wrapper-legacy\"><div class=\"fusion-sharing-box fusion-sharing-box-1 has-taglines layout-floated layout-medium-floated layout-small-floated\" style=\"background-color:#f6f6f6;--awb-layout:row;--awb-alignment-small:space-between;\" data-title=\"\u0110ur\u0111e Ninkovi\u0107\" data-description=\"Ro\u0111en 1942. godine u Beogradu. Posle zavr\u0161ene Klasi\u010dne gimnazije diplomirao na Pravnom fakultetu u Beogradu 1964. godine. Poslediplomske studije iz Me\u0111unarodnog prava zavr\u0161io u Londonu.\r\n\u010clan je Advokatske komore u Beogradu i pridru\u017eeni \u010dlan Advokatske komore u Londonu.\r\nBavi se prete\u017eno me\u0111unarodnim privatnim pravom, me\u0111unarodnim privrednim pravom, arbitra\u017eom\" data-link=\"https:\/\/royalfamily.org\/lat\/privy-council\/djurdje-ninkovic-lat\/\"><h4 class=\"tagline\" style=\"color:#333333;\">Podelite ovaj \u010dlanak:<\/h4><div class=\"fusion-social-networks sharingbox-shortcode-icon-wrapper sharingbox-shortcode-icon-wrapper-1\"><span><a href=\"https:\/\/www.facebook.com\/sharer.php?u=https%3A%2F%2Froyalfamily.org%2Flat%2Fprivy-council%2Fdjurdje-ninkovic-lat%2F&amp;t=%C4%90ur%C4%91e%20Ninkovi%C4%87\" target=\"_blank\" rel=\"noreferrer nofollow\" title=\"Facebook\" aria-label=\"Facebook\" data-placement=\"top\" data-toggle=\"tooltip\" data-title=\"Facebook\"><i class=\"fusion-social-network-icon fusion-tooltip fusion-facebook awb-icon-facebook\" style=\"color:#2b59ff;\" aria-hidden=\"true\"><\/i><\/a><\/span><span><a href=\"https:\/\/x.com\/intent\/post?text=%C4%90ur%C4%91e%20Ninkovi%C4%87&amp;url=https%3A%2F%2Froyalfamily.org%2Flat%2Fprivy-council%2Fdjurdje-ninkovic-lat%2F\" target=\"_blank\" rel=\"noopener noreferrer nofollow\" title=\"X\" aria-label=\"X\" data-placement=\"top\" data-toggle=\"tooltip\" data-title=\"X\"><i class=\"fusion-social-network-icon fusion-tooltip fusion-twitter awb-icon-twitter\" style=\"color:#2b59ff;\" aria-hidden=\"true\"><\/i><\/a><\/span><span><a href=\"https:\/\/reddit.com\/submit?url=https%3A%2F%2Froyalfamily.org%2Flat%2Fprivy-council%2Fdjurdje-ninkovic-lat%2F&amp;title=%C4%90ur%C4%91e%20Ninkovi%C4%87\" target=\"_blank\" rel=\"noopener noreferrer nofollow\" title=\"Reddit\" aria-label=\"Reddit\" data-placement=\"top\" data-toggle=\"tooltip\" data-title=\"Reddit\"><i class=\"fusion-social-network-icon fusion-tooltip fusion-reddit awb-icon-reddit\" style=\"color:#2b59ff;\" aria-hidden=\"true\"><\/i><\/a><\/span><span><a href=\"https:\/\/www.linkedin.com\/shareArticle?mini=true&amp;url=https%3A%2F%2Froyalfamily.org%2Flat%2Fprivy-council%2Fdjurdje-ninkovic-lat%2F&amp;title=%C4%90ur%C4%91e%20Ninkovi%C4%87&amp;summary=Ro%C4%91en%201942.%20godine%20u%20Beogradu.%20Posle%20zavr%C5%A1ene%20Klasi%C4%8Dne%20gimnazije%20diplomirao%20na%20Pravnom%20fakultetu%20u%20Beogradu%201964.%20godine.%20Poslediplomske%20studije%20iz%20Me%C4%91unarodnog%20prava%20zavr%C5%A1io%20u%20Londonu.%0D%0A%C4%8Clan%20je%20Advokatske%20komore%20u%20Beogradu%20i%20pridru%C5%BEeni%20%C4%8Dlan%20Advokatske%20komore%20u%20Londonu.%0D%0ABavi%20se%20prete%C5%BEno%20me%C4%91unarodnim%20privatnim%20pravom%2C%20me%C4%91unarodnim%20privrednim%20pravom%2C%20arbitra%C5%BEom\" target=\"_blank\" rel=\"noopener noreferrer nofollow\" title=\"LinkedIn\" aria-label=\"LinkedIn\" data-placement=\"top\" data-toggle=\"tooltip\" data-title=\"LinkedIn\"><i class=\"fusion-social-network-icon fusion-tooltip fusion-linkedin awb-icon-linkedin\" style=\"color:#2b59ff;\" aria-hidden=\"true\"><\/i><\/a><\/span><span><a href=\"https:\/\/api.whatsapp.com\/send?text=https%3A%2F%2Froyalfamily.org%2Flat%2Fprivy-council%2Fdjurdje-ninkovic-lat%2F\" target=\"_blank\" rel=\"noopener noreferrer nofollow\" title=\"WhatsApp\" aria-label=\"WhatsApp\" data-placement=\"top\" data-toggle=\"tooltip\" data-title=\"WhatsApp\"><i class=\"fusion-social-network-icon fusion-tooltip fusion-whatsapp awb-icon-whatsapp\" style=\"color:#2b59ff;\" aria-hidden=\"true\"><\/i><\/a><\/span><span><a href=\"https:\/\/www.tumblr.com\/share\/link?url=https%3A%2F%2Froyalfamily.org%2Flat%2Fprivy-council%2Fdjurdje-ninkovic-lat%2F&amp;name=%C4%90ur%C4%91e%20Ninkovi%C4%87&amp;description=Ro%C4%91en%201942.%20godine%20u%20Beogradu.%20Posle%20zavr%C5%A1ene%20Klasi%C4%8Dne%20gimnazije%20diplomirao%20na%20Pravnom%20fakultetu%20u%20Beogradu%201964.%20godine.%20Poslediplomske%20studije%20iz%20Me%C4%91unarodnog%20prava%20zavr%C5%A1io%20u%20Londonu.%0D%0A%C4%8Clan%20je%20Advokatske%20komore%20u%20Beogradu%20i%20pridru%C5%BEeni%20%C4%8Dlan%20Advokatske%20komore%20u%20Londonu.%0D%0ABavi%20se%20prete%C5%BEno%20me%C4%91unarodnim%20privatnim%20pravom%2C%20me%C4%91unarodnim%20privrednim%20pravom%2C%20arbitra%C5%BEom\" target=\"_blank\" rel=\"noopener noreferrer nofollow\" title=\"Tumblr\" aria-label=\"Tumblr\" data-placement=\"top\" data-toggle=\"tooltip\" data-title=\"Tumblr\"><i class=\"fusion-social-network-icon fusion-tooltip fusion-tumblr awb-icon-tumblr\" style=\"color:#2b59ff;\" aria-hidden=\"true\"><\/i><\/a><\/span><span><a href=\"https:\/\/pinterest.com\/pin\/create\/button\/?url=https%3A%2F%2Froyalfamily.org%2Flat%2Fprivy-council%2Fdjurdje-ninkovic-lat%2F&amp;description=Ro%C4%91en%201942.%20godine%20u%20Beogradu.%20Posle%20zavr%C5%A1ene%20Klasi%C4%8Dne%20gimnazije%20diplomirao%20na%20Pravnom%20fakultetu%20u%20Beogradu%201964.%20godine.%20Poslediplomske%20studije%20iz%20Me%C4%91unarodnog%20prava%20zavr%C5%A1io%20u%20Londonu.%0D%0A%C4%8Clan%20je%20Advokatske%20komore%20u%20Beogradu%20i%20pridru%C5%BEeni%20%C4%8Dlan%20Advokatske%20komore%20u%20Londonu.%0D%0ABavi%20se%20prete%C5%BEno%20me%C4%91unarodnim%20privatnim%20pravom%2C%20me%C4%91unarodnim%20privrednim%20pravom%2C%20arbitra%C5%BEom&amp;media=\" target=\"_blank\" rel=\"noopener noreferrer nofollow\" title=\"Pinterest\" aria-label=\"Pinterest\" data-placement=\"top\" data-toggle=\"tooltip\" data-title=\"Pinterest\"><i class=\"fusion-social-network-icon fusion-tooltip fusion-pinterest awb-icon-pinterest\" style=\"color:#2b59ff;\" aria-hidden=\"true\"><\/i><\/a><\/span><span><a href=\"https:\/\/vkontakte.ru\/share.php?url=https%3A%2F%2Froyalfamily.org%2Flat%2Fprivy-council%2Fdjurdje-ninkovic-lat%2F&amp;title=%C4%90ur%C4%91e%20Ninkovi%C4%87&amp;description=Ro%C4%91en%201942.%20godine%20u%20Beogradu.%20Posle%20zavr%C5%A1ene%20Klasi%C4%8Dne%20gimnazije%20diplomirao%20na%20Pravnom%20fakultetu%20u%20Beogradu%201964.%20godine.%20Poslediplomske%20studije%20iz%20Me%C4%91unarodnog%20prava%20zavr%C5%A1io%20u%20Londonu.%0D%0A%C4%8Clan%20je%20Advokatske%20komore%20u%20Beogradu%20i%20pridru%C5%BEeni%20%C4%8Dlan%20Advokatske%20komore%20u%20Londonu.%0D%0ABavi%20se%20prete%C5%BEno%20me%C4%91unarodnim%20privatnim%20pravom%2C%20me%C4%91unarodnim%20privrednim%20pravom%2C%20arbitra%C5%BEom\" target=\"_blank\" rel=\"noopener noreferrer nofollow\" title=\"Vk\" aria-label=\"Vk\" data-placement=\"top\" data-toggle=\"tooltip\" data-title=\"Vk\"><i class=\"fusion-social-network-icon fusion-tooltip fusion-vk awb-icon-vk\" style=\"color:#2b59ff;\" aria-hidden=\"true\"><\/i><\/a><\/span><span><a href=\"mailto:?subject=%C4%90ur%C4%91e%20Ninkovi%C4%87&amp;body=https%3A%2F%2Froyalfamily.org%2Flat%2Fprivy-council%2Fdjurdje-ninkovic-lat%2F\" target=\"_self\" rel=\"nofollow\" title=\"Email\" aria-label=\"Email\" data-placement=\"top\" data-toggle=\"tooltip\" data-title=\"Email\"><i class=\"fusion-social-network-icon fusion-tooltip fusion-mail awb-icon-mail\" style=\"color:#2b59ff;\" aria-hidden=\"true\"><\/i><\/a><\/span><\/div><\/div><div class=\"fusion-clearfix\"><\/div><\/div><\/div><\/div><\/div>\n","protected":false},"excerpt":{"rendered":"","protected":false},"author":1001015,"featured_media":4387,"parent":1065,"menu_order":8,"comment_status":"closed","ping_status":"closed","template":"","meta":{"_acf_changed":false,"footnotes":""},"class_list":["post-2415","page","type-page","status-publish","has-post-thumbnail","hentry"],"acf":[],"yoast_head":"<!-- This site is optimized with the Yoast SEO Premium plugin v27.5 (Yoast SEO v27.5) - https:\/\/yoast.com\/product\/yoast-seo-premium-wordpress\/ -->\n<title>\u0110ur\u0111e Ninkovi\u0107 - The Royal Family of Serbia<\/title>\n<meta name=\"robots\" content=\"index, follow, max-snippet:-1, max-image-preview:large, max-video-preview:-1\" \/>\n<link rel=\"canonical\" href=\"https:\/\/royalfamily.org\/lat\/krunsko-vece\/djurdje-ninkovic-lat\/\" \/>\n<meta property=\"og:locale\" content=\"en_US\" \/>\n<meta property=\"og:type\" content=\"article\" \/>\n<meta property=\"og:title\" content=\"\u0110ur\u0111e Ninkovi\u0107\" \/>\n<meta property=\"og:url\" content=\"https:\/\/royalfamily.org\/lat\/krunsko-vece\/djurdje-ninkovic-lat\/\" \/>\n<meta property=\"og:site_name\" content=\"The Royal Family of Serbia\" \/>\n<meta property=\"article:publisher\" content=\"https:\/\/www.facebook.com\/Prestolonaslednik.Aleksandar\" \/>\n<meta property=\"og:image\" content=\"https:\/\/royalfamily.org\/wp-content\/uploads\/2013\/11\/ninkovic1.jpg\" \/>\n\t<meta property=\"og:image:width\" content=\"740\" \/>\n\t<meta property=\"og:image:height\" content=\"350\" \/>\n\t<meta property=\"og:image:type\" content=\"image\/jpeg\" \/>\n<meta name=\"twitter:card\" content=\"summary_large_image\" \/>\n<meta name=\"twitter:label1\" content=\"Est. reading time\" \/>\n\t<meta name=\"twitter:data1\" content=\"4 minutes\" \/>\n<script type=\"application\/ld+json\" class=\"yoast-schema-graph\">{\"@context\":\"https:\\\/\\\/schema.org\",\"@graph\":[{\"@type\":\"WebPage\",\"@id\":\"https:\\\/\\\/royalfamily.org\\\/lat\\\/krunsko-vece\\\/djurdje-ninkovic-lat\\\/\",\"url\":\"https:\\\/\\\/royalfamily.org\\\/lat\\\/krunsko-vece\\\/djurdje-ninkovic-lat\\\/\",\"name\":\"\u0110ur\u0111e Ninkovi\u0107 - The Royal Family of Serbia\",\"isPartOf\":{\"@id\":\"https:\\\/\\\/royalfamily.org\\\/#website\"},\"primaryImageOfPage\":{\"@id\":\"https:\\\/\\\/royalfamily.org\\\/lat\\\/krunsko-vece\\\/djurdje-ninkovic-lat\\\/#primaryimage\"},\"image\":{\"@id\":\"https:\\\/\\\/royalfamily.org\\\/lat\\\/krunsko-vece\\\/djurdje-ninkovic-lat\\\/#primaryimage\"},\"thumbnailUrl\":\"https:\\\/\\\/royalfamily.org\\\/wp-content\\\/uploads\\\/2013\\\/11\\\/ninkovic1.jpg\",\"datePublished\":\"2013-11-07T22:54:44+00:00\",\"breadcrumb\":{\"@id\":\"https:\\\/\\\/royalfamily.org\\\/lat\\\/krunsko-vece\\\/djurdje-ninkovic-lat\\\/#breadcrumb\"},\"inLanguage\":\"sr-LT\",\"potentialAction\":[{\"@type\":\"ReadAction\",\"target\":[\"https:\\\/\\\/royalfamily.org\\\/lat\\\/krunsko-vece\\\/djurdje-ninkovic-lat\\\/\"]}]},{\"@type\":\"ImageObject\",\"inLanguage\":\"sr-LT\",\"@id\":\"https:\\\/\\\/royalfamily.org\\\/lat\\\/krunsko-vece\\\/djurdje-ninkovic-lat\\\/#primaryimage\",\"url\":\"https:\\\/\\\/royalfamily.org\\\/wp-content\\\/uploads\\\/2013\\\/11\\\/ninkovic1.jpg\",\"contentUrl\":\"https:\\\/\\\/royalfamily.org\\\/wp-content\\\/uploads\\\/2013\\\/11\\\/ninkovic1.jpg\",\"width\":740,\"height\":350},{\"@type\":\"BreadcrumbList\",\"@id\":\"https:\\\/\\\/royalfamily.org\\\/lat\\\/krunsko-vece\\\/djurdje-ninkovic-lat\\\/#breadcrumb\",\"itemListElement\":[{\"@type\":\"ListItem\",\"position\":1,\"name\":\"Home\",\"item\":\"https:\\\/\\\/royalfamily.org\\\/lat\\\/\"},{\"@type\":\"ListItem\",\"position\":2,\"name\":\"Krunsko ve\u0107e\",\"item\":\"https:\\\/\\\/royalfamily.org\\\/lat\\\/krunsko-vece\\\/\"},{\"@type\":\"ListItem\",\"position\":3,\"name\":\"\u0110ur\u0111e Ninkovi\u0107\"}]},{\"@type\":\"WebSite\",\"@id\":\"https:\\\/\\\/royalfamily.org\\\/#website\",\"url\":\"https:\\\/\\\/royalfamily.org\\\/\",\"name\":\"The Royal Family of Serbia\",\"description\":\"From the people, for the people\",\"publisher\":{\"@id\":\"https:\\\/\\\/royalfamily.org\\\/#organization\"},\"potentialAction\":[{\"@type\":\"SearchAction\",\"target\":{\"@type\":\"EntryPoint\",\"urlTemplate\":\"https:\\\/\\\/royalfamily.org\\\/?s={search_term_string}\"},\"query-input\":{\"@type\":\"PropertyValueSpecification\",\"valueRequired\":true,\"valueName\":\"search_term_string\"}}],\"inLanguage\":\"sr-LT\"},{\"@type\":\"Organization\",\"@id\":\"https:\\\/\\\/royalfamily.org\\\/#organization\",\"name\":\"Royal Family\",\"url\":\"https:\\\/\\\/royalfamily.org\\\/\",\"logo\":{\"@type\":\"ImageObject\",\"inLanguage\":\"sr-LT\",\"@id\":\"https:\\\/\\\/royalfamily.org\\\/#\\\/schema\\\/logo\\\/image\\\/\",\"url\":\"https:\\\/\\\/royalfamily.org\\\/wp-content\\\/uploads\\\/2019\\\/04\\\/logo-vector-02-V-latinica.png\",\"contentUrl\":\"https:\\\/\\\/royalfamily.org\\\/wp-content\\\/uploads\\\/2019\\\/04\\\/logo-vector-02-V-latinica.png\",\"width\":552,\"height\":99,\"caption\":\"Royal Family\"},\"image\":{\"@id\":\"https:\\\/\\\/royalfamily.org\\\/#\\\/schema\\\/logo\\\/image\\\/\"},\"sameAs\":[\"https:\\\/\\\/www.facebook.com\\\/Prestolonaslednik.Aleksandar\"]}]}<\/script>\n<!-- \/ Yoast SEO Premium plugin. -->","yoast_head_json":{"title":"\u0110ur\u0111e Ninkovi\u0107 - The Royal Family of Serbia","robots":{"index":"index","follow":"follow","max-snippet":"max-snippet:-1","max-image-preview":"max-image-preview:large","max-video-preview":"max-video-preview:-1"},"canonical":"https:\/\/royalfamily.org\/lat\/krunsko-vece\/djurdje-ninkovic-lat\/","og_locale":"en_US","og_type":"article","og_title":"\u0110ur\u0111e Ninkovi\u0107","og_url":"https:\/\/royalfamily.org\/lat\/krunsko-vece\/djurdje-ninkovic-lat\/","og_site_name":"The Royal Family of Serbia","article_publisher":"https:\/\/www.facebook.com\/Prestolonaslednik.Aleksandar","og_image":[{"width":740,"height":350,"url":"https:\/\/royalfamily.org\/wp-content\/uploads\/2013\/11\/ninkovic1.jpg","type":"image\/jpeg"}],"twitter_card":"summary_large_image","twitter_misc":{"Est. reading time":"4 minutes"},"schema":{"@context":"https:\/\/schema.org","@graph":[{"@type":"WebPage","@id":"https:\/\/royalfamily.org\/lat\/krunsko-vece\/djurdje-ninkovic-lat\/","url":"https:\/\/royalfamily.org\/lat\/krunsko-vece\/djurdje-ninkovic-lat\/","name":"\u0110ur\u0111e Ninkovi\u0107 - The Royal Family of Serbia","isPartOf":{"@id":"https:\/\/royalfamily.org\/#website"},"primaryImageOfPage":{"@id":"https:\/\/royalfamily.org\/lat\/krunsko-vece\/djurdje-ninkovic-lat\/#primaryimage"},"image":{"@id":"https:\/\/royalfamily.org\/lat\/krunsko-vece\/djurdje-ninkovic-lat\/#primaryimage"},"thumbnailUrl":"https:\/\/royalfamily.org\/wp-content\/uploads\/2013\/11\/ninkovic1.jpg","datePublished":"2013-11-07T22:54:44+00:00","breadcrumb":{"@id":"https:\/\/royalfamily.org\/lat\/krunsko-vece\/djurdje-ninkovic-lat\/#breadcrumb"},"inLanguage":"sr-LT","potentialAction":[{"@type":"ReadAction","target":["https:\/\/royalfamily.org\/lat\/krunsko-vece\/djurdje-ninkovic-lat\/"]}]},{"@type":"ImageObject","inLanguage":"sr-LT","@id":"https:\/\/royalfamily.org\/lat\/krunsko-vece\/djurdje-ninkovic-lat\/#primaryimage","url":"https:\/\/royalfamily.org\/wp-content\/uploads\/2013\/11\/ninkovic1.jpg","contentUrl":"https:\/\/royalfamily.org\/wp-content\/uploads\/2013\/11\/ninkovic1.jpg","width":740,"height":350},{"@type":"BreadcrumbList","@id":"https:\/\/royalfamily.org\/lat\/krunsko-vece\/djurdje-ninkovic-lat\/#breadcrumb","itemListElement":[{"@type":"ListItem","position":1,"name":"Home","item":"https:\/\/royalfamily.org\/lat\/"},{"@type":"ListItem","position":2,"name":"Krunsko ve\u0107e","item":"https:\/\/royalfamily.org\/lat\/krunsko-vece\/"},{"@type":"ListItem","position":3,"name":"\u0110ur\u0111e Ninkovi\u0107"}]},{"@type":"WebSite","@id":"https:\/\/royalfamily.org\/#website","url":"https:\/\/royalfamily.org\/","name":"The Royal Family of Serbia","description":"From the people, for the people","publisher":{"@id":"https:\/\/royalfamily.org\/#organization"},"potentialAction":[{"@type":"SearchAction","target":{"@type":"EntryPoint","urlTemplate":"https:\/\/royalfamily.org\/?s={search_term_string}"},"query-input":{"@type":"PropertyValueSpecification","valueRequired":true,"valueName":"search_term_string"}}],"inLanguage":"sr-LT"},{"@type":"Organization","@id":"https:\/\/royalfamily.org\/#organization","name":"Royal Family","url":"https:\/\/royalfamily.org\/","logo":{"@type":"ImageObject","inLanguage":"sr-LT","@id":"https:\/\/royalfamily.org\/#\/schema\/logo\/image\/","url":"https:\/\/royalfamily.org\/wp-content\/uploads\/2019\/04\/logo-vector-02-V-latinica.png","contentUrl":"https:\/\/royalfamily.org\/wp-content\/uploads\/2019\/04\/logo-vector-02-V-latinica.png","width":552,"height":99,"caption":"Royal Family"},"image":{"@id":"https:\/\/royalfamily.org\/#\/schema\/logo\/image\/"},"sameAs":["https:\/\/www.facebook.com\/Prestolonaslednik.Aleksandar"]}]}},"_links":{"self":[{"href":"https:\/\/royalfamily.org\/lat\/wp-json\/wp\/v2\/pages\/2415","targetHints":{"allow":["GET"]}}],"collection":[{"href":"https:\/\/royalfamily.org\/lat\/wp-json\/wp\/v2\/pages"}],"about":[{"href":"https:\/\/royalfamily.org\/lat\/wp-json\/wp\/v2\/types\/page"}],"author":[{"embeddable":true,"href":"https:\/\/royalfamily.org\/lat\/wp-json\/wp\/v2\/users\/1001015"}],"replies":[{"embeddable":true,"href":"https:\/\/royalfamily.org\/lat\/wp-json\/wp\/v2\/comments?post=2415"}],"version-history":[{"count":5,"href":"https:\/\/royalfamily.org\/lat\/wp-json\/wp\/v2\/pages\/2415\/revisions"}],"predecessor-version":[{"id":42546,"href":"https:\/\/royalfamily.org\/lat\/wp-json\/wp\/v2\/pages\/2415\/revisions\/42546"}],"up":[{"embeddable":true,"href":"https:\/\/royalfamily.org\/lat\/wp-json\/wp\/v2\/pages\/1065"}],"wp:featuredmedia":[{"embeddable":true,"href":"https:\/\/royalfamily.org\/lat\/wp-json\/wp\/v2\/media\/4387"}],"wp:attachment":[{"href":"https:\/\/royalfamily.org\/lat\/wp-json\/wp\/v2\/media?parent=2415"}],"curies":[{"name":"wp","href":"https:\/\/api.w.org\/{rel}","templated":true}]}}