{"id":2625,"date":"2013-12-20T09:49:05","date_gmt":"2013-12-20T09:49:05","guid":{"rendered":"http:\/\/royalfamily.dev\/?page_id=2625"},"modified":"2013-12-20T09:49:05","modified_gmt":"2013-12-20T09:49:05","slug":"jelena-todorovic-lat","status":"publish","type":"page","link":"https:\/\/royalfamily.org\/lat\/jelena-todorovic-lat\/","title":{"rendered":"Jelena Todorovi\u0107"},"content":{"rendered":"<p>Professor Jelena Todorovic Phd, MA, BA<\/p>\n<p>Received BA in the History of Art (1993-1998) at the Faculty of Philosophy in Belgrade. Continued studies for both MA and PhD at University College London (UCL &#8211; 1998-2004) where she also worked, first as a teaching assistant then later as a part-time lecturer. In 2005 she was transferred to the University of the Arts in Belgrade where she presently teaches in the Faculty of Fine Arts as an Associate Professor.<\/p>\n<p>Also remained a visiting lecturer at UCL London and holds visiting professorships at the University of Technical Sciences in Novi Sad, Serbia and the Universita deli Studi di Trieste in Italy. In the previous four years she has also been working as an external advisor for the Civici Musei di Storia ed Arte in Trieste.<\/p>\n<p>Although an art historian by training, her interests have always been more directed towards early modern cultural history, including the broad areas of festival culture, the art and propaganda, concepts of time and transience, and the understanding of liminal spaces in the visual arts. Teaching, both at undergraduate and postgraduate levels, aiming to introduce the approach of cultural history and interdisciplinary which is so important both for future artists and theoreticians.<\/p>\n<p>One of the important subjects of Professor Todorovic&#8217;s research, and also the topic her dissertation, is the spectacles of state and, more widely, the festival culture and performance space of early modern Europe. She has taught in this area for seven years in the Department of Scene Design at the University of the Arts, Belgrade (2001-2008). Her publications on this subject, beside a number of articles, include two books \u2013 An Orthodox Festival Book in the Habsburg Empire \u2013 Zaharija Orfelin\u2019s Festive Greeting, Ashgate 2006; and Entitet u senci-mapiranje mo\u0107i i dr\u017eavni spekakl u Karlova\u010dkoj mitropoliji, Platoneum, 2010.<\/p>\n<p>Professor Todorovic is currently preparing for publication her latest book &#8220;The Baroque Time&#8221; that concerns the concepts of time and transience in Baroque culture. This book aims to explain the obsession of Baroque man with the transitory nature of human existence and of life itself. It draws not only upon the field of visual arts but also of that of poetry and literature.<\/p>\n<p>Research interests:<\/p>\n<p>&#8211; Early modern festival culture, and universality of the spectacles of state<\/p>\n<p>&#8211; The issues of time and transience<\/p>\n<p>&#8211; The liminal spaces of European culture<\/p>\n<p>&#8211; The utopian spaces and domains<\/p>\n<p>&#8211; The culture of 18th and 19th century Trieste<\/p>\n<p>Selected bibliography:<\/p>\n<p>O ogledalima ru\u017eama i ni\u0161tavilu &#8211; koncept vremena i prolaznosti u kulturi baroknog doba, (Of Mirrors, roses and nothingness -the concept of time and transience in the Baroque culture), Clio, Belgrade, 2012. (book)<\/p>\n<p>Invisible cities &#8211; the project of translation of literary space of Calvino&#8217;s &#8220;Invisible cities&#8221; into the architectural space, (Project was realised with doctoral students of Architecture, Faculty of Technical sciencies Novi Sad, Serbia), Exhibition in Novi Sad 12.10.2012.<\/p>\n<p>Documentary series -. Trieste the crossroads of nations, cultures and languages (5 episodes) for RTS (Radio Television Serbia), broadcasted March-May 2012.<\/p>\n<p>Entitet u senci: mapiranje mo\u0107i i dr\u017eavni spekakl u Karlova\u010dkoj Mitropoliji, Platoneum, Novi Sad, 2010. ISBN 978-86-85869-43-3<\/p>\n<p>An Orthodox Festival Book in the Habsburg Empire \u2013 Zaharija Orfelin`s Festive Greeting XIX of Mojsije Putnik in 1757, Ashgate, London, 2006. ISBN 0-7546-5611-X<\/p>\n<p>\u201cThe Life as Spectacle-Eugenio Popovich and the Arts\u201d in Cultura Serba a Trieste (ed. Marija Mitrovic), Argo, Lecce 2010, ISBN 978-88-8234-134-3<\/p>\n<p>\u201cO prirodi i vremenu\u201d in Zbornik Narodnog muzeja za istoriju umetnosti XIX-2 (2010), ISSN 0352-2466<\/p>\n<p>\u201cPutovanje kroz lavirint \u2013 prou\u010davanje i sistematizacija kolekcije likovne umetnosti Dvorskog kompleksa\u201c, in Saop\u0161tenja XLII (2010), YU ISSN 0354-4346<\/p>\n<p>\u201cBetween the Spectacle and the Fatherland or Spectacle as a Fatherland\u201d in Serbia my Case, (ed. Tatjana Dadi\u0107-Dinulovi\u0107), Clio, Beograd 2008<\/p>\n<p>ISBN 978-86-908463-1-3<\/p>\n<p>\u201cOf Power and Memory: the ceremonial space and political spectacle in Belgrade 2000-2007\u201d, tekst za Teatar, politika, grad \u2018 studija slu\u010daja (Srbija na Pra\u0161kom kvadrijenalu scenskog dizajna), 2007. ISBN 978-86-910201-0-1<\/p>\n<p>\u201cThe Dual Body Politic or the Myth of Power? The Ideology of sovereignty in the Orthodox Archbishopric within the Habsburg Empire\u201d in Images of the Body Politic, Bari, 2007. ISBN 978-88-87235-39-8<\/p>\n","protected":false},"excerpt":{"rendered":"<p>Professor Jelena Todorovic Phd, MA, BA Received BA in the History of Art (1993-1998) at  [&#8230;]<\/p>\n","protected":false},"author":1001015,"featured_media":2622,"parent":0,"menu_order":4,"comment_status":"closed","ping_status":"closed","template":"","meta":{"_acf_changed":false,"footnotes":""},"class_list":["post-2625","page","type-page","status-publish","has-post-thumbnail","hentry"],"acf":[],"yoast_head":"<!-- This site is optimized with the Yoast SEO Premium plugin v27.5 (Yoast SEO v27.5) - https:\/\/yoast.com\/product\/yoast-seo-premium-wordpress\/ -->\n<title>Jelena Todorovi\u0107 - The Royal Family of Serbia<\/title>\n<meta name=\"description\" content=\"Professor Jelena Todorovic Phd, MA, BA Received BA in the History of Art (1993-1998) at the Faculty of Philosophy in Belgrade. Continued studies for both\" \/>\n<meta name=\"robots\" content=\"index, follow, max-snippet:-1, max-image-preview:large, max-video-preview:-1\" \/>\n<link rel=\"canonical\" href=\"https:\/\/royalfamily.org\/lat\/jelena-todorovic-lat\/\" \/>\n<meta property=\"og:locale\" content=\"en_US\" \/>\n<meta property=\"og:type\" content=\"article\" \/>\n<meta property=\"og:title\" content=\"Jelena Todorovi\u0107\" \/>\n<meta property=\"og:description\" content=\"Professor Jelena Todorovic Phd, MA, BA Received BA in the History of Art (1993-1998) at the Faculty of Philosophy in Belgrade. Continued studies for both\" \/>\n<meta property=\"og:url\" content=\"https:\/\/royalfamily.org\/lat\/jelena-todorovic-lat\/\" \/>\n<meta property=\"og:site_name\" content=\"The Royal Family of Serbia\" \/>\n<meta property=\"article:publisher\" content=\"https:\/\/www.facebook.com\/Prestolonaslednik.Aleksandar\" \/>\n<meta property=\"og:image\" content=\"https:\/\/royalfamily.org\/wp-content\/uploads\/2013\/12\/j_todorovic.jpg\" \/>\n\t<meta property=\"og:image:width\" content=\"740\" \/>\n\t<meta property=\"og:image:height\" content=\"350\" \/>\n\t<meta property=\"og:image:type\" content=\"image\/jpeg\" \/>\n<meta name=\"twitter:card\" content=\"summary_large_image\" \/>\n<meta name=\"twitter:label1\" content=\"Est. reading time\" \/>\n\t<meta name=\"twitter:data1\" content=\"3 minutes\" \/>\n<script type=\"application\/ld+json\" class=\"yoast-schema-graph\">{\"@context\":\"https:\\\/\\\/schema.org\",\"@graph\":[{\"@type\":\"WebPage\",\"@id\":\"https:\\\/\\\/royalfamily.org\\\/lat\\\/jelena-todorovic-lat\\\/\",\"url\":\"https:\\\/\\\/royalfamily.org\\\/lat\\\/jelena-todorovic-lat\\\/\",\"name\":\"Jelena Todorovi\u0107 - The Royal Family of Serbia\",\"isPartOf\":{\"@id\":\"https:\\\/\\\/royalfamily.org\\\/#website\"},\"primaryImageOfPage\":{\"@id\":\"https:\\\/\\\/royalfamily.org\\\/lat\\\/jelena-todorovic-lat\\\/#primaryimage\"},\"image\":{\"@id\":\"https:\\\/\\\/royalfamily.org\\\/lat\\\/jelena-todorovic-lat\\\/#primaryimage\"},\"thumbnailUrl\":\"https:\\\/\\\/royalfamily.org\\\/wp-content\\\/uploads\\\/2013\\\/12\\\/j_todorovic.jpg\",\"datePublished\":\"2013-12-20T09:49:05+00:00\",\"description\":\"Professor Jelena Todorovic Phd, MA, BA Received BA in the History of Art (1993-1998) at the Faculty of Philosophy in Belgrade. Continued studies for both\",\"breadcrumb\":{\"@id\":\"https:\\\/\\\/royalfamily.org\\\/lat\\\/jelena-todorovic-lat\\\/#breadcrumb\"},\"inLanguage\":\"sr-LT\",\"potentialAction\":[{\"@type\":\"ReadAction\",\"target\":[\"https:\\\/\\\/royalfamily.org\\\/lat\\\/jelena-todorovic-lat\\\/\"]}]},{\"@type\":\"ImageObject\",\"inLanguage\":\"sr-LT\",\"@id\":\"https:\\\/\\\/royalfamily.org\\\/lat\\\/jelena-todorovic-lat\\\/#primaryimage\",\"url\":\"https:\\\/\\\/royalfamily.org\\\/wp-content\\\/uploads\\\/2013\\\/12\\\/j_todorovic.jpg\",\"contentUrl\":\"https:\\\/\\\/royalfamily.org\\\/wp-content\\\/uploads\\\/2013\\\/12\\\/j_todorovic.jpg\",\"width\":740,\"height\":350},{\"@type\":\"BreadcrumbList\",\"@id\":\"https:\\\/\\\/royalfamily.org\\\/lat\\\/jelena-todorovic-lat\\\/#breadcrumb\",\"itemListElement\":[{\"@type\":\"ListItem\",\"position\":1,\"name\":\"Home\",\"item\":\"https:\\\/\\\/royalfamily.org\\\/lat\\\/\"},{\"@type\":\"ListItem\",\"position\":2,\"name\":\"Jelena Todorovi\u0107\"}]},{\"@type\":\"WebSite\",\"@id\":\"https:\\\/\\\/royalfamily.org\\\/#website\",\"url\":\"https:\\\/\\\/royalfamily.org\\\/\",\"name\":\"The Royal Family of Serbia\",\"description\":\"From the people, for the people\",\"publisher\":{\"@id\":\"https:\\\/\\\/royalfamily.org\\\/#organization\"},\"potentialAction\":[{\"@type\":\"SearchAction\",\"target\":{\"@type\":\"EntryPoint\",\"urlTemplate\":\"https:\\\/\\\/royalfamily.org\\\/?s={search_term_string}\"},\"query-input\":{\"@type\":\"PropertyValueSpecification\",\"valueRequired\":true,\"valueName\":\"search_term_string\"}}],\"inLanguage\":\"sr-LT\"},{\"@type\":\"Organization\",\"@id\":\"https:\\\/\\\/royalfamily.org\\\/#organization\",\"name\":\"Royal Family\",\"url\":\"https:\\\/\\\/royalfamily.org\\\/\",\"logo\":{\"@type\":\"ImageObject\",\"inLanguage\":\"sr-LT\",\"@id\":\"https:\\\/\\\/royalfamily.org\\\/#\\\/schema\\\/logo\\\/image\\\/\",\"url\":\"https:\\\/\\\/royalfamily.org\\\/wp-content\\\/uploads\\\/2019\\\/04\\\/logo-vector-02-V-latinica.png\",\"contentUrl\":\"https:\\\/\\\/royalfamily.org\\\/wp-content\\\/uploads\\\/2019\\\/04\\\/logo-vector-02-V-latinica.png\",\"width\":552,\"height\":99,\"caption\":\"Royal Family\"},\"image\":{\"@id\":\"https:\\\/\\\/royalfamily.org\\\/#\\\/schema\\\/logo\\\/image\\\/\"},\"sameAs\":[\"https:\\\/\\\/www.facebook.com\\\/Prestolonaslednik.Aleksandar\"]}]}<\/script>\n<!-- \/ Yoast SEO Premium plugin. -->","yoast_head_json":{"title":"Jelena Todorovi\u0107 - The Royal Family of Serbia","description":"Professor Jelena Todorovic Phd, MA, BA Received BA in the History of Art (1993-1998) at the Faculty of Philosophy in Belgrade. Continued studies for both","robots":{"index":"index","follow":"follow","max-snippet":"max-snippet:-1","max-image-preview":"max-image-preview:large","max-video-preview":"max-video-preview:-1"},"canonical":"https:\/\/royalfamily.org\/lat\/jelena-todorovic-lat\/","og_locale":"en_US","og_type":"article","og_title":"Jelena Todorovi\u0107","og_description":"Professor Jelena Todorovic Phd, MA, BA Received BA in the History of Art (1993-1998) at the Faculty of Philosophy in Belgrade. Continued studies for both","og_url":"https:\/\/royalfamily.org\/lat\/jelena-todorovic-lat\/","og_site_name":"The Royal Family of Serbia","article_publisher":"https:\/\/www.facebook.com\/Prestolonaslednik.Aleksandar","og_image":[{"width":740,"height":350,"url":"https:\/\/royalfamily.org\/wp-content\/uploads\/2013\/12\/j_todorovic.jpg","type":"image\/jpeg"}],"twitter_card":"summary_large_image","twitter_misc":{"Est. reading time":"3 minutes"},"schema":{"@context":"https:\/\/schema.org","@graph":[{"@type":"WebPage","@id":"https:\/\/royalfamily.org\/lat\/jelena-todorovic-lat\/","url":"https:\/\/royalfamily.org\/lat\/jelena-todorovic-lat\/","name":"Jelena Todorovi\u0107 - The Royal Family of Serbia","isPartOf":{"@id":"https:\/\/royalfamily.org\/#website"},"primaryImageOfPage":{"@id":"https:\/\/royalfamily.org\/lat\/jelena-todorovic-lat\/#primaryimage"},"image":{"@id":"https:\/\/royalfamily.org\/lat\/jelena-todorovic-lat\/#primaryimage"},"thumbnailUrl":"https:\/\/royalfamily.org\/wp-content\/uploads\/2013\/12\/j_todorovic.jpg","datePublished":"2013-12-20T09:49:05+00:00","description":"Professor Jelena Todorovic Phd, MA, BA Received BA in the History of Art (1993-1998) at the Faculty of Philosophy in Belgrade. Continued studies for both","breadcrumb":{"@id":"https:\/\/royalfamily.org\/lat\/jelena-todorovic-lat\/#breadcrumb"},"inLanguage":"sr-LT","potentialAction":[{"@type":"ReadAction","target":["https:\/\/royalfamily.org\/lat\/jelena-todorovic-lat\/"]}]},{"@type":"ImageObject","inLanguage":"sr-LT","@id":"https:\/\/royalfamily.org\/lat\/jelena-todorovic-lat\/#primaryimage","url":"https:\/\/royalfamily.org\/wp-content\/uploads\/2013\/12\/j_todorovic.jpg","contentUrl":"https:\/\/royalfamily.org\/wp-content\/uploads\/2013\/12\/j_todorovic.jpg","width":740,"height":350},{"@type":"BreadcrumbList","@id":"https:\/\/royalfamily.org\/lat\/jelena-todorovic-lat\/#breadcrumb","itemListElement":[{"@type":"ListItem","position":1,"name":"Home","item":"https:\/\/royalfamily.org\/lat\/"},{"@type":"ListItem","position":2,"name":"Jelena Todorovi\u0107"}]},{"@type":"WebSite","@id":"https:\/\/royalfamily.org\/#website","url":"https:\/\/royalfamily.org\/","name":"The Royal Family of Serbia","description":"From the people, for the people","publisher":{"@id":"https:\/\/royalfamily.org\/#organization"},"potentialAction":[{"@type":"SearchAction","target":{"@type":"EntryPoint","urlTemplate":"https:\/\/royalfamily.org\/?s={search_term_string}"},"query-input":{"@type":"PropertyValueSpecification","valueRequired":true,"valueName":"search_term_string"}}],"inLanguage":"sr-LT"},{"@type":"Organization","@id":"https:\/\/royalfamily.org\/#organization","name":"Royal Family","url":"https:\/\/royalfamily.org\/","logo":{"@type":"ImageObject","inLanguage":"sr-LT","@id":"https:\/\/royalfamily.org\/#\/schema\/logo\/image\/","url":"https:\/\/royalfamily.org\/wp-content\/uploads\/2019\/04\/logo-vector-02-V-latinica.png","contentUrl":"https:\/\/royalfamily.org\/wp-content\/uploads\/2019\/04\/logo-vector-02-V-latinica.png","width":552,"height":99,"caption":"Royal Family"},"image":{"@id":"https:\/\/royalfamily.org\/#\/schema\/logo\/image\/"},"sameAs":["https:\/\/www.facebook.com\/Prestolonaslednik.Aleksandar"]}]}},"_links":{"self":[{"href":"https:\/\/royalfamily.org\/lat\/wp-json\/wp\/v2\/pages\/2625","targetHints":{"allow":["GET"]}}],"collection":[{"href":"https:\/\/royalfamily.org\/lat\/wp-json\/wp\/v2\/pages"}],"about":[{"href":"https:\/\/royalfamily.org\/lat\/wp-json\/wp\/v2\/types\/page"}],"author":[{"embeddable":true,"href":"https:\/\/royalfamily.org\/lat\/wp-json\/wp\/v2\/users\/1001015"}],"replies":[{"embeddable":true,"href":"https:\/\/royalfamily.org\/lat\/wp-json\/wp\/v2\/comments?post=2625"}],"version-history":[{"count":0,"href":"https:\/\/royalfamily.org\/lat\/wp-json\/wp\/v2\/pages\/2625\/revisions"}],"wp:featuredmedia":[{"embeddable":true,"href":"https:\/\/royalfamily.org\/lat\/wp-json\/wp\/v2\/media\/2622"}],"wp:attachment":[{"href":"https:\/\/royalfamily.org\/lat\/wp-json\/wp\/v2\/media?parent=2625"}],"curies":[{"name":"wp","href":"https:\/\/api.w.org\/{rel}","templated":true}]}}