{"id":57314,"date":"2020-04-07T10:35:15","date_gmt":"2020-04-07T09:35:15","guid":{"rendered":"https:\/\/royalfamily.org\/?page_id=57314"},"modified":"2023-12-08T15:40:55","modified_gmt":"2023-12-08T14:40:55","slug":"%d0%bf%d0%b8%d1%81%d0%bc%d0%be-%d0%bf%d1%80%d0%b5%d0%b4%d1%81%d0%b5%d0%b4%d0%bd%d0%b8%d0%ba%d0%b0-%d1%80%d0%be%d0%be%d1%81%d0%b5%d0%b2%d0%b5%d0%bb%d1%82%d0%b0","status":"publish","type":"page","link":"https:\/\/royalfamily.org\/lat\/dokumenti\/%d0%bf%d0%b8%d1%81%d0%bc%d0%be-%d0%bf%d1%80%d0%b5%d0%b4%d1%81%d0%b5%d0%b4%d0%bd%d0%b8%d0%ba%d0%b0-%d1%80%d0%be%d0%be%d1%81%d0%b5%d0%b2%d0%b5%d0%bb%d1%82%d0%b0\/","title":{"rendered":"Pismo predsednika Ruzvelta"},"content":{"rendered":"<div class=\"fusion-fullwidth fullwidth-box fusion-builder-row-1 nonhundred-percent-fullwidth non-hundred-percent-height-scrolling\" style=\"--awb-border-radius-top-left:0px;--awb-border-radius-top-right:0px;--awb-border-radius-bottom-right:0px;--awb-border-radius-bottom-left:0px;--awb-flex-wrap:wrap;\" ><div class=\"fusion-builder-row fusion-row\"><div class=\"fusion-layout-column fusion_builder_column fusion-builder-column-0 fusion_builder_column_1_1 1_1 fusion-one-full fusion-column-first fusion-column-last\" style=\"--awb-bg-size:cover;\"><div class=\"fusion-column-wrapper fusion-column-has-shadow fusion-flex-column-wrapper-legacy\"><div class=\"fusion-image-element fusion-image-align-center in-legacy-container\" style=\"text-align:center;--awb-bottom-shadow-color:rgba(0,0,0,0.4);--awb-caption-title-font-family:var(--h2_typography-font-family);--awb-caption-title-font-weight:var(--h2_typography-font-weight);--awb-caption-title-font-style:var(--h2_typography-font-style);--awb-caption-title-size:var(--h2_typography-font-size);--awb-caption-title-transform:var(--h2_typography-text-transform);--awb-caption-title-line-height:var(--h2_typography-line-height);--awb-caption-title-letter-spacing:var(--h2_typography-letter-spacing);\"><div class=\"imageframe-align-center\"><div class=\"awb-image-frame awb-image-frame-1 awb-bottomshadow\"><span class=\" fusion-imageframe imageframe-bottomshadow imageframe-1 hover-type-none\"><a href=\"https:\/\/royalfamily.org\/wp-content\/uploads\/2020\/04\/President-Roosevelt-page-001-212x300.jpg\" class=\"fusion-lightbox\" data-rel=\"iLightbox[35da545134eddb70596]\" data-title=\"President Roosevelt-page-001\" title=\"President Roosevelt-page-001\"><img decoding=\"async\" width=\"1811\" height=\"2560\" src=\"https:\/\/royalfamily.org\/wp-content\/uploads\/2020\/04\/President-Roosevelt-page-001-scaled.jpg\" alt class=\"img-responsive wp-image-57234\" srcset=\"https:\/\/royalfamily.org\/wp-content\/uploads\/2020\/04\/President-Roosevelt-page-001-200x283.jpg 200w, https:\/\/royalfamily.org\/wp-content\/uploads\/2020\/04\/President-Roosevelt-page-001-400x565.jpg 400w, https:\/\/royalfamily.org\/wp-content\/uploads\/2020\/04\/President-Roosevelt-page-001-600x848.jpg 600w, https:\/\/royalfamily.org\/wp-content\/uploads\/2020\/04\/President-Roosevelt-page-001-800x1131.jpg 800w, https:\/\/royalfamily.org\/wp-content\/uploads\/2020\/04\/President-Roosevelt-page-001-1200x1696.jpg 1200w, https:\/\/royalfamily.org\/wp-content\/uploads\/2020\/04\/President-Roosevelt-page-001-scaled.jpg 1811w\" sizes=\"(max-width: 1000px) 100vw, 1200px\" \/><\/a><\/span><svg xmlns=\"http:\/\/www.w3.org\/2000\/svg\" version=\"1.1\" width=\"100%\" viewBox=\"0 0 600 28\" preserveAspectRatio=\"none\"><g clip-path=\"url(#a)\"><mask id=\"b\" style=\"mask-type:luminance\" maskUnits=\"userSpaceOnUse\" x=\"0\" y=\"0\" width=\"600\" height=\"28\"><path d=\"M0 0h600v28H0V0Z\" fill=\"#fff\"\/><\/mask><g filter=\"url(#c)\" mask=\"url(#b)\"><path d=\"M16.439-18.667h567.123v30.8S438.961-8.4 300-8.4C161.04-8.4 16.438 12.133 16.438 12.133v-30.8Z\" fill=\"#000\"\/><\/g><\/g><defs><clipPath id=\"a\"><path fill=\"#fff\" d=\"M0 0h600v28H0z\"\/><\/clipPath><filter id=\"c\" x=\"5.438\" y=\"-29.667\" width=\"589.123\" height=\"52.8\" filterUnits=\"userSpaceOnUse\" color-interpolation-filters=\"sRGB\"><feFlood flood-opacity=\"0\" result=\"BackgroundImageFix\"\/><feBlend in=\"SourceGraphic\" in2=\"BackgroundImageFix\" result=\"shape\"\/><feGaussianBlur stdDeviation=\"5.5\" result=\"effect1_foregroundBlur_3983_183\"\/><\/filter><\/defs><\/svg><\/div><\/div><\/div><div class=\"fusion-image-element fusion-image-align-center in-legacy-container\" style=\"text-align:center;--awb-caption-title-font-family:var(--h2_typography-font-family);--awb-caption-title-font-weight:var(--h2_typography-font-weight);--awb-caption-title-font-style:var(--h2_typography-font-style);--awb-caption-title-size:var(--h2_typography-font-size);--awb-caption-title-transform:var(--h2_typography-text-transform);--awb-caption-title-line-height:var(--h2_typography-line-height);--awb-caption-title-letter-spacing:var(--h2_typography-letter-spacing);\"><div class=\"imageframe-align-center\"><span class=\" fusion-imageframe imageframe-none imageframe-2 hover-type-none\"><img decoding=\"async\" width=\"1811\" height=\"2560\" title=\"President Roosevelt-page-002\" src=\"https:\/\/royalfamily.org\/wp-content\/uploads\/2020\/04\/President-Roosevelt-page-002-scaled.jpg\" alt class=\"img-responsive wp-image-57237\" srcset=\"https:\/\/royalfamily.org\/wp-content\/uploads\/2020\/04\/President-Roosevelt-page-002-200x283.jpg 200w, https:\/\/royalfamily.org\/wp-content\/uploads\/2020\/04\/President-Roosevelt-page-002-400x565.jpg 400w, https:\/\/royalfamily.org\/wp-content\/uploads\/2020\/04\/President-Roosevelt-page-002-600x848.jpg 600w, https:\/\/royalfamily.org\/wp-content\/uploads\/2020\/04\/President-Roosevelt-page-002-800x1131.jpg 800w, https:\/\/royalfamily.org\/wp-content\/uploads\/2020\/04\/President-Roosevelt-page-002-1200x1696.jpg 1200w, https:\/\/royalfamily.org\/wp-content\/uploads\/2020\/04\/President-Roosevelt-page-002-scaled.jpg 1811w\" sizes=\"(max-width: 1000px) 100vw, 1200px\" \/><\/span><\/div><\/div><div class=\"fusion-text fusion-text-1\"><p style=\"text-align: center;\"><strong>PISMO PREDSEDNIKA RUZVELTA<\/strong><\/p>\n<p>Frenklin D. Ruzvelt<br \/>\nPredsednik Sjedinjenih Ameri\u010dkih Dr\u017eava<\/p>\n<p>Njegovom Veli\u010danstvu,<\/p>\n<p>Kralju Petru II,<\/p>\n<p>Kralju Jugoslavije.<\/p>\n<p>Va\u0161e Veli\u010danstvo:<\/p>\n<p>\u017divi glas jugoslovenske nacije koji je najavio va\u0161e preuzimanje vlasti u kriti\u010dnom trenutku istorije va\u0161e dr\u017eave \u010duo se \u0161irom Amerike, kao glas nacije koja ostvaruje svoje suvereno pravo da \u017eivi u slobodi. Ta poruka i dalje odjekuje u srcima svih Amerikanaca, dok posmatraju hrabru odbranu Jugoslavije od bezobzirne agresije sila koje su odlu\u010dne da va\u0161u zemlju podvrgnu tiraniji.<\/p>\n<p>Pod va\u0161im odva\u017enim vo\u0111stvom, ta odsudna borba se nastavlja. Ona daje zna\u010dajan doprinos kona\u010dnoj pobedi. Neustra\u0161ivi ljudi iz va\u0161e zemlje dali su svetu primer neuni\u0161tive volje naroda koji se nec\u0301e predati. Stoga je vi\u0161e nego prikladno da Sjedinjene Dr\u017eave i Jugoslavija u ovom \u010dasu, kada su dva naroda ujedinjena u duhu kao nikada do sada, razmene diplomatske predstavnike u rangu ambasadora.<\/p>\n<p>Sa zadovoljstvom sam primio vest da ste pristali da primite Entonija Bidla, prvog, izvanrednog i opunomoc\u0301enog ambasadora vlade Sjedinjenih Dr\u017eava pri Kraljevskoj vladi Jugoslavije. Verujem da c\u0301e gospodin Bidl nastaviti da u\u017eiva poverenje Va\u0161eg Veli\u010danstva i da c\u0301ete dati punu podr\u0161ku svim akcijama koje on bude preduzimao u ime svoje vlade.<\/p>\n<p>Va\u0161 prijatelj,<\/p>\n<p>Frenklin D. Ruzvelt<\/p>\n<p>U ime predsednika:<\/p>\n<p>Vr\u0161ilac du\u017enosti Dr\u017eavnog sekretara<\/p>\n<p>Va\u0161ington 14. oktobar 1942.<\/p>\n<\/div><div class=\"fusion-clearfix\"><\/div><\/div><\/div><\/div><\/div>\n","protected":false},"excerpt":{"rendered":"","protected":false},"author":1,"featured_media":88167,"parent":60064,"menu_order":0,"comment_status":"closed","ping_status":"closed","template":"","meta":{"_acf_changed":false,"footnotes":""},"class_list":["post-57314","page","type-page","status-publish","has-post-thumbnail","hentry"],"acf":[],"yoast_head":"<!-- This site is optimized with the Yoast SEO Premium plugin v27.4 (Yoast SEO v27.4) - https:\/\/yoast.com\/product\/yoast-seo-premium-wordpress\/ -->\n<title>Pismo predsednika Ruzvelta - The Royal Family of Serbia<\/title>\n<meta name=\"robots\" content=\"index, follow, max-snippet:-1, max-image-preview:large, max-video-preview:-1\" \/>\n<link rel=\"canonical\" href=\"https:\/\/royalfamily.org\/lat\/dokumenti\/\u043f\u0438\u0441\u043c\u043e-\u043f\u0440\u0435\u0434\u0441\u0435\u0434\u043d\u0438\u043a\u0430-\u0440\u043e\u043e\u0441\u0435\u0432\u0435\u043b\u0442\u0430\/\" \/>\n<meta property=\"og:locale\" content=\"en_US\" \/>\n<meta property=\"og:type\" content=\"article\" \/>\n<meta property=\"og:title\" content=\"Pismo predsednika Ruzvelta\" \/>\n<meta property=\"og:url\" content=\"https:\/\/royalfamily.org\/lat\/dokumenti\/\u043f\u0438\u0441\u043c\u043e-\u043f\u0440\u0435\u0434\u0441\u0435\u0434\u043d\u0438\u043a\u0430-\u0440\u043e\u043e\u0441\u0435\u0432\u0435\u043b\u0442\u0430\/\" \/>\n<meta property=\"og:site_name\" content=\"The Royal Family of Serbia\" \/>\n<meta property=\"article:publisher\" content=\"https:\/\/www.facebook.com\/Prestolonaslednik.Aleksandar\" \/>\n<meta property=\"article:modified_time\" content=\"2023-12-08T14:40:55+00:00\" \/>\n<meta property=\"og:image\" content=\"https:\/\/royalfamily.org\/wp-content\/uploads\/2023\/12\/Cover-Vazna-Istorijska-Dokumenta.jpg\" \/>\n\t<meta property=\"og:image:width\" content=\"740\" \/>\n\t<meta property=\"og:image:height\" content=\"350\" \/>\n\t<meta property=\"og:image:type\" content=\"image\/jpeg\" \/>\n<meta name=\"twitter:card\" content=\"summary_large_image\" \/>\n<meta name=\"twitter:label1\" content=\"Est. reading time\" \/>\n\t<meta name=\"twitter:data1\" content=\"2 minutes\" \/>\n<script type=\"application\/ld+json\" class=\"yoast-schema-graph\">{\"@context\":\"https:\\\/\\\/schema.org\",\"@graph\":[{\"@type\":\"WebPage\",\"@id\":\"https:\\\/\\\/royalfamily.org\\\/lat\\\/dokumenti\\\/%d0%bf%d0%b8%d1%81%d0%bc%d0%be-%d0%bf%d1%80%d0%b5%d0%b4%d1%81%d0%b5%d0%b4%d0%bd%d0%b8%d0%ba%d0%b0-%d1%80%d0%be%d0%be%d1%81%d0%b5%d0%b2%d0%b5%d0%bb%d1%82%d0%b0\\\/\",\"url\":\"https:\\\/\\\/royalfamily.org\\\/lat\\\/dokumenti\\\/%d0%bf%d0%b8%d1%81%d0%bc%d0%be-%d0%bf%d1%80%d0%b5%d0%b4%d1%81%d0%b5%d0%b4%d0%bd%d0%b8%d0%ba%d0%b0-%d1%80%d0%be%d0%be%d1%81%d0%b5%d0%b2%d0%b5%d0%bb%d1%82%d0%b0\\\/\",\"name\":\"Pismo predsednika Ruzvelta - The Royal Family of Serbia\",\"isPartOf\":{\"@id\":\"https:\\\/\\\/royalfamily.org\\\/#website\"},\"primaryImageOfPage\":{\"@id\":\"https:\\\/\\\/royalfamily.org\\\/lat\\\/dokumenti\\\/%d0%bf%d0%b8%d1%81%d0%bc%d0%be-%d0%bf%d1%80%d0%b5%d0%b4%d1%81%d0%b5%d0%b4%d0%bd%d0%b8%d0%ba%d0%b0-%d1%80%d0%be%d0%be%d1%81%d0%b5%d0%b2%d0%b5%d0%bb%d1%82%d0%b0\\\/#primaryimage\"},\"image\":{\"@id\":\"https:\\\/\\\/royalfamily.org\\\/lat\\\/dokumenti\\\/%d0%bf%d0%b8%d1%81%d0%bc%d0%be-%d0%bf%d1%80%d0%b5%d0%b4%d1%81%d0%b5%d0%b4%d0%bd%d0%b8%d0%ba%d0%b0-%d1%80%d0%be%d0%be%d1%81%d0%b5%d0%b2%d0%b5%d0%bb%d1%82%d0%b0\\\/#primaryimage\"},\"thumbnailUrl\":\"https:\\\/\\\/royalfamily.org\\\/wp-content\\\/uploads\\\/2023\\\/12\\\/Cover-Vazna-Istorijska-Dokumenta.jpg\",\"datePublished\":\"2020-04-07T09:35:15+00:00\",\"dateModified\":\"2023-12-08T14:40:55+00:00\",\"breadcrumb\":{\"@id\":\"https:\\\/\\\/royalfamily.org\\\/lat\\\/dokumenti\\\/%d0%bf%d0%b8%d1%81%d0%bc%d0%be-%d0%bf%d1%80%d0%b5%d0%b4%d1%81%d0%b5%d0%b4%d0%bd%d0%b8%d0%ba%d0%b0-%d1%80%d0%be%d0%be%d1%81%d0%b5%d0%b2%d0%b5%d0%bb%d1%82%d0%b0\\\/#breadcrumb\"},\"inLanguage\":\"sr-LT\",\"potentialAction\":[{\"@type\":\"ReadAction\",\"target\":[\"https:\\\/\\\/royalfamily.org\\\/lat\\\/dokumenti\\\/%d0%bf%d0%b8%d1%81%d0%bc%d0%be-%d0%bf%d1%80%d0%b5%d0%b4%d1%81%d0%b5%d0%b4%d0%bd%d0%b8%d0%ba%d0%b0-%d1%80%d0%be%d0%be%d1%81%d0%b5%d0%b2%d0%b5%d0%bb%d1%82%d0%b0\\\/\"]}]},{\"@type\":\"ImageObject\",\"inLanguage\":\"sr-LT\",\"@id\":\"https:\\\/\\\/royalfamily.org\\\/lat\\\/dokumenti\\\/%d0%bf%d0%b8%d1%81%d0%bc%d0%be-%d0%bf%d1%80%d0%b5%d0%b4%d1%81%d0%b5%d0%b4%d0%bd%d0%b8%d0%ba%d0%b0-%d1%80%d0%be%d0%be%d1%81%d0%b5%d0%b2%d0%b5%d0%bb%d1%82%d0%b0\\\/#primaryimage\",\"url\":\"https:\\\/\\\/royalfamily.org\\\/wp-content\\\/uploads\\\/2023\\\/12\\\/Cover-Vazna-Istorijska-Dokumenta.jpg\",\"contentUrl\":\"https:\\\/\\\/royalfamily.org\\\/wp-content\\\/uploads\\\/2023\\\/12\\\/Cover-Vazna-Istorijska-Dokumenta.jpg\",\"width\":740,\"height\":350,\"caption\":\"Coat the Arm of the Royal Family\"},{\"@type\":\"BreadcrumbList\",\"@id\":\"https:\\\/\\\/royalfamily.org\\\/lat\\\/dokumenti\\\/%d0%bf%d0%b8%d1%81%d0%bc%d0%be-%d0%bf%d1%80%d0%b5%d0%b4%d1%81%d0%b5%d0%b4%d0%bd%d0%b8%d0%ba%d0%b0-%d1%80%d0%be%d0%be%d1%81%d0%b5%d0%b2%d0%b5%d0%bb%d1%82%d0%b0\\\/#breadcrumb\",\"itemListElement\":[{\"@type\":\"ListItem\",\"position\":1,\"name\":\"Home\",\"item\":\"https:\\\/\\\/royalfamily.org\\\/lat\\\/\"},{\"@type\":\"ListItem\",\"position\":2,\"name\":\"Dokumenti\",\"item\":\"https:\\\/\\\/royalfamily.org\\\/lat\\\/dokumenti\\\/\"},{\"@type\":\"ListItem\",\"position\":3,\"name\":\"Pismo predsednika Ruzvelta\"}]},{\"@type\":\"WebSite\",\"@id\":\"https:\\\/\\\/royalfamily.org\\\/#website\",\"url\":\"https:\\\/\\\/royalfamily.org\\\/\",\"name\":\"The Royal Family of Serbia\",\"description\":\"From the people, for the people\",\"publisher\":{\"@id\":\"https:\\\/\\\/royalfamily.org\\\/#organization\"},\"potentialAction\":[{\"@type\":\"SearchAction\",\"target\":{\"@type\":\"EntryPoint\",\"urlTemplate\":\"https:\\\/\\\/royalfamily.org\\\/?s={search_term_string}\"},\"query-input\":{\"@type\":\"PropertyValueSpecification\",\"valueRequired\":true,\"valueName\":\"search_term_string\"}}],\"inLanguage\":\"sr-LT\"},{\"@type\":\"Organization\",\"@id\":\"https:\\\/\\\/royalfamily.org\\\/#organization\",\"name\":\"Royal Family\",\"url\":\"https:\\\/\\\/royalfamily.org\\\/\",\"logo\":{\"@type\":\"ImageObject\",\"inLanguage\":\"sr-LT\",\"@id\":\"https:\\\/\\\/royalfamily.org\\\/#\\\/schema\\\/logo\\\/image\\\/\",\"url\":\"https:\\\/\\\/royalfamily.org\\\/wp-content\\\/uploads\\\/2019\\\/04\\\/logo-vector-02-V-latinica.png\",\"contentUrl\":\"https:\\\/\\\/royalfamily.org\\\/wp-content\\\/uploads\\\/2019\\\/04\\\/logo-vector-02-V-latinica.png\",\"width\":552,\"height\":99,\"caption\":\"Royal Family\"},\"image\":{\"@id\":\"https:\\\/\\\/royalfamily.org\\\/#\\\/schema\\\/logo\\\/image\\\/\"},\"sameAs\":[\"https:\\\/\\\/www.facebook.com\\\/Prestolonaslednik.Aleksandar\"]}]}<\/script>\n<!-- \/ Yoast SEO Premium plugin. -->","yoast_head_json":{"title":"Pismo predsednika Ruzvelta - The Royal Family of Serbia","robots":{"index":"index","follow":"follow","max-snippet":"max-snippet:-1","max-image-preview":"max-image-preview:large","max-video-preview":"max-video-preview:-1"},"canonical":"https:\/\/royalfamily.org\/lat\/dokumenti\/\u043f\u0438\u0441\u043c\u043e-\u043f\u0440\u0435\u0434\u0441\u0435\u0434\u043d\u0438\u043a\u0430-\u0440\u043e\u043e\u0441\u0435\u0432\u0435\u043b\u0442\u0430\/","og_locale":"en_US","og_type":"article","og_title":"Pismo predsednika Ruzvelta","og_url":"https:\/\/royalfamily.org\/lat\/dokumenti\/\u043f\u0438\u0441\u043c\u043e-\u043f\u0440\u0435\u0434\u0441\u0435\u0434\u043d\u0438\u043a\u0430-\u0440\u043e\u043e\u0441\u0435\u0432\u0435\u043b\u0442\u0430\/","og_site_name":"The Royal Family of Serbia","article_publisher":"https:\/\/www.facebook.com\/Prestolonaslednik.Aleksandar","article_modified_time":"2023-12-08T14:40:55+00:00","og_image":[{"width":740,"height":350,"url":"https:\/\/royalfamily.org\/wp-content\/uploads\/2023\/12\/Cover-Vazna-Istorijska-Dokumenta.jpg","type":"image\/jpeg"}],"twitter_card":"summary_large_image","twitter_misc":{"Est. reading time":"2 minutes"},"schema":{"@context":"https:\/\/schema.org","@graph":[{"@type":"WebPage","@id":"https:\/\/royalfamily.org\/lat\/dokumenti\/%d0%bf%d0%b8%d1%81%d0%bc%d0%be-%d0%bf%d1%80%d0%b5%d0%b4%d1%81%d0%b5%d0%b4%d0%bd%d0%b8%d0%ba%d0%b0-%d1%80%d0%be%d0%be%d1%81%d0%b5%d0%b2%d0%b5%d0%bb%d1%82%d0%b0\/","url":"https:\/\/royalfamily.org\/lat\/dokumenti\/%d0%bf%d0%b8%d1%81%d0%bc%d0%be-%d0%bf%d1%80%d0%b5%d0%b4%d1%81%d0%b5%d0%b4%d0%bd%d0%b8%d0%ba%d0%b0-%d1%80%d0%be%d0%be%d1%81%d0%b5%d0%b2%d0%b5%d0%bb%d1%82%d0%b0\/","name":"Pismo predsednika Ruzvelta - The Royal Family of Serbia","isPartOf":{"@id":"https:\/\/royalfamily.org\/#website"},"primaryImageOfPage":{"@id":"https:\/\/royalfamily.org\/lat\/dokumenti\/%d0%bf%d0%b8%d1%81%d0%bc%d0%be-%d0%bf%d1%80%d0%b5%d0%b4%d1%81%d0%b5%d0%b4%d0%bd%d0%b8%d0%ba%d0%b0-%d1%80%d0%be%d0%be%d1%81%d0%b5%d0%b2%d0%b5%d0%bb%d1%82%d0%b0\/#primaryimage"},"image":{"@id":"https:\/\/royalfamily.org\/lat\/dokumenti\/%d0%bf%d0%b8%d1%81%d0%bc%d0%be-%d0%bf%d1%80%d0%b5%d0%b4%d1%81%d0%b5%d0%b4%d0%bd%d0%b8%d0%ba%d0%b0-%d1%80%d0%be%d0%be%d1%81%d0%b5%d0%b2%d0%b5%d0%bb%d1%82%d0%b0\/#primaryimage"},"thumbnailUrl":"https:\/\/royalfamily.org\/wp-content\/uploads\/2023\/12\/Cover-Vazna-Istorijska-Dokumenta.jpg","datePublished":"2020-04-07T09:35:15+00:00","dateModified":"2023-12-08T14:40:55+00:00","breadcrumb":{"@id":"https:\/\/royalfamily.org\/lat\/dokumenti\/%d0%bf%d0%b8%d1%81%d0%bc%d0%be-%d0%bf%d1%80%d0%b5%d0%b4%d1%81%d0%b5%d0%b4%d0%bd%d0%b8%d0%ba%d0%b0-%d1%80%d0%be%d0%be%d1%81%d0%b5%d0%b2%d0%b5%d0%bb%d1%82%d0%b0\/#breadcrumb"},"inLanguage":"sr-LT","potentialAction":[{"@type":"ReadAction","target":["https:\/\/royalfamily.org\/lat\/dokumenti\/%d0%bf%d0%b8%d1%81%d0%bc%d0%be-%d0%bf%d1%80%d0%b5%d0%b4%d1%81%d0%b5%d0%b4%d0%bd%d0%b8%d0%ba%d0%b0-%d1%80%d0%be%d0%be%d1%81%d0%b5%d0%b2%d0%b5%d0%bb%d1%82%d0%b0\/"]}]},{"@type":"ImageObject","inLanguage":"sr-LT","@id":"https:\/\/royalfamily.org\/lat\/dokumenti\/%d0%bf%d0%b8%d1%81%d0%bc%d0%be-%d0%bf%d1%80%d0%b5%d0%b4%d1%81%d0%b5%d0%b4%d0%bd%d0%b8%d0%ba%d0%b0-%d1%80%d0%be%d0%be%d1%81%d0%b5%d0%b2%d0%b5%d0%bb%d1%82%d0%b0\/#primaryimage","url":"https:\/\/royalfamily.org\/wp-content\/uploads\/2023\/12\/Cover-Vazna-Istorijska-Dokumenta.jpg","contentUrl":"https:\/\/royalfamily.org\/wp-content\/uploads\/2023\/12\/Cover-Vazna-Istorijska-Dokumenta.jpg","width":740,"height":350,"caption":"Coat the Arm of the Royal Family"},{"@type":"BreadcrumbList","@id":"https:\/\/royalfamily.org\/lat\/dokumenti\/%d0%bf%d0%b8%d1%81%d0%bc%d0%be-%d0%bf%d1%80%d0%b5%d0%b4%d1%81%d0%b5%d0%b4%d0%bd%d0%b8%d0%ba%d0%b0-%d1%80%d0%be%d0%be%d1%81%d0%b5%d0%b2%d0%b5%d0%bb%d1%82%d0%b0\/#breadcrumb","itemListElement":[{"@type":"ListItem","position":1,"name":"Home","item":"https:\/\/royalfamily.org\/lat\/"},{"@type":"ListItem","position":2,"name":"Dokumenti","item":"https:\/\/royalfamily.org\/lat\/dokumenti\/"},{"@type":"ListItem","position":3,"name":"Pismo predsednika Ruzvelta"}]},{"@type":"WebSite","@id":"https:\/\/royalfamily.org\/#website","url":"https:\/\/royalfamily.org\/","name":"The Royal Family of Serbia","description":"From the people, for the people","publisher":{"@id":"https:\/\/royalfamily.org\/#organization"},"potentialAction":[{"@type":"SearchAction","target":{"@type":"EntryPoint","urlTemplate":"https:\/\/royalfamily.org\/?s={search_term_string}"},"query-input":{"@type":"PropertyValueSpecification","valueRequired":true,"valueName":"search_term_string"}}],"inLanguage":"sr-LT"},{"@type":"Organization","@id":"https:\/\/royalfamily.org\/#organization","name":"Royal Family","url":"https:\/\/royalfamily.org\/","logo":{"@type":"ImageObject","inLanguage":"sr-LT","@id":"https:\/\/royalfamily.org\/#\/schema\/logo\/image\/","url":"https:\/\/royalfamily.org\/wp-content\/uploads\/2019\/04\/logo-vector-02-V-latinica.png","contentUrl":"https:\/\/royalfamily.org\/wp-content\/uploads\/2019\/04\/logo-vector-02-V-latinica.png","width":552,"height":99,"caption":"Royal Family"},"image":{"@id":"https:\/\/royalfamily.org\/#\/schema\/logo\/image\/"},"sameAs":["https:\/\/www.facebook.com\/Prestolonaslednik.Aleksandar"]}]}},"_links":{"self":[{"href":"https:\/\/royalfamily.org\/lat\/wp-json\/wp\/v2\/pages\/57314","targetHints":{"allow":["GET"]}}],"collection":[{"href":"https:\/\/royalfamily.org\/lat\/wp-json\/wp\/v2\/pages"}],"about":[{"href":"https:\/\/royalfamily.org\/lat\/wp-json\/wp\/v2\/types\/page"}],"author":[{"embeddable":true,"href":"https:\/\/royalfamily.org\/lat\/wp-json\/wp\/v2\/users\/1"}],"replies":[{"embeddable":true,"href":"https:\/\/royalfamily.org\/lat\/wp-json\/wp\/v2\/comments?post=57314"}],"version-history":[{"count":9,"href":"https:\/\/royalfamily.org\/lat\/wp-json\/wp\/v2\/pages\/57314\/revisions"}],"predecessor-version":[{"id":88181,"href":"https:\/\/royalfamily.org\/lat\/wp-json\/wp\/v2\/pages\/57314\/revisions\/88181"}],"up":[{"embeddable":true,"href":"https:\/\/royalfamily.org\/lat\/wp-json\/wp\/v2\/pages\/60064"}],"wp:featuredmedia":[{"embeddable":true,"href":"https:\/\/royalfamily.org\/lat\/wp-json\/wp\/v2\/media\/88167"}],"wp:attachment":[{"href":"https:\/\/royalfamily.org\/lat\/wp-json\/wp\/v2\/media?parent=57314"}],"curies":[{"name":"wp","href":"https:\/\/api.w.org\/{rel}","templated":true}]}}