{"id":59533,"date":"2020-06-23T12:11:55","date_gmt":"2020-06-23T10:11:55","guid":{"rendered":"https:\/\/royalfamily.org\/?page_id=59533"},"modified":"2023-12-08T15:20:16","modified_gmt":"2023-12-08T14:20:16","slug":"porodicni-pravilnik-kralja-petra-i","status":"publish","type":"page","link":"https:\/\/royalfamily.org\/lat\/dokumenti\/porodicni-pravilnik-kralja-petra-i\/","title":{"rendered":"Porodi\u010dni Pravilnik za \u010clanove Srpskog Kraljevskog Doma, stupio u \u017eivot kada ga je primila k znanju Narodna Skup\u0161tina, 30. avgusta 1909. godine"},"content":{"rendered":"<div class=\"fusion-fullwidth fullwidth-box fusion-builder-row-1 fusion-flex-container nonhundred-percent-fullwidth non-hundred-percent-height-scrolling\" style=\"--awb-border-radius-top-left:0px;--awb-border-radius-top-right:0px;--awb-border-radius-bottom-right:0px;--awb-border-radius-bottom-left:0px;--awb-flex-wrap:wrap;\" ><div class=\"fusion-builder-row fusion-row fusion-flex-align-items-flex-start fusion-flex-content-wrap\" style=\"max-width:1227.2px;margin-left: calc(-4% \/ 2 );margin-right: calc(-4% \/ 2 );\"><div class=\"fusion-layout-column fusion_builder_column fusion-builder-column-0 fusion_builder_column_1_1 1_1 fusion-flex-column\" style=\"--awb-bg-size:cover;--awb-width-large:100%;--awb-margin-top-large:0px;--awb-spacing-right-large:1.92%;--awb-margin-bottom-large:0px;--awb-spacing-left-large:1.92%;--awb-width-medium:100%;--awb-spacing-right-medium:1.92%;--awb-spacing-left-medium:1.92%;--awb-width-small:100%;--awb-spacing-right-small:1.92%;--awb-spacing-left-small:1.92%;\"><div class=\"fusion-column-wrapper fusion-flex-justify-content-flex-start fusion-content-layout-column\"><div class=\"fusion-image-element \" style=\"text-align:center;--awb-caption-title-font-family:var(--h2_typography-font-family);--awb-caption-title-font-weight:var(--h2_typography-font-weight);--awb-caption-title-font-style:var(--h2_typography-font-style);--awb-caption-title-size:var(--h2_typography-font-size);--awb-caption-title-transform:var(--h2_typography-text-transform);--awb-caption-title-line-height:var(--h2_typography-line-height);--awb-caption-title-letter-spacing:var(--h2_typography-letter-spacing);\"><span class=\" fusion-imageframe imageframe-none imageframe-1 hover-type-none\"><img decoding=\"async\" width=\"740\" height=\"350\" alt=\"Coat the Arm of the Royal Family\" title=\"Coat the Arm of the Royal Family\" src=\"https:\/\/royalfamily.org\/wp-content\/uploads\/2023\/12\/Cover-Vazna-Istorijska-Dokumenta.jpg\" class=\"img-responsive wp-image-88167\" srcset=\"https:\/\/royalfamily.org\/wp-content\/uploads\/2023\/12\/Cover-Vazna-Istorijska-Dokumenta-200x95.jpg 200w, https:\/\/royalfamily.org\/wp-content\/uploads\/2023\/12\/Cover-Vazna-Istorijska-Dokumenta-400x189.jpg 400w, https:\/\/royalfamily.org\/wp-content\/uploads\/2023\/12\/Cover-Vazna-Istorijska-Dokumenta-600x284.jpg 600w, https:\/\/royalfamily.org\/wp-content\/uploads\/2023\/12\/Cover-Vazna-Istorijska-Dokumenta.jpg 740w\" sizes=\"(max-width: 1024px) 100vw, (max-width: 640px) 100vw, 740px\" \/><\/span><\/div><div class=\"fusion-text fusion-text-1\"><p style=\"text-align: center;\"><strong>MI<br \/>\n<\/strong><strong>Petar I po milosti Bo\u017ejoj i volji narodnoj<br \/>\n<\/strong><strong>Kralj Srbije<br \/>\n<\/strong>Nalazimo se pobu\u0111eni da za sve \u010dlanove Svoga Kraljevskog doma utvrdimo<br \/>\nPorodi\u010dni Pravilnik<br \/>\nza<br \/>\n\u010clanove Srpskog Kraljevskog Doma<\/p>\n<p style=\"text-align: center;\"><strong>\u010clan 1.<\/strong><\/p>\n<p style=\"text-align: center;\">\u010clanovi Kraljevskog Doma dinastije Kara-\u0110or\u0111eve:<\/p>\n<p style=\"text-align: center;\">a) Kralj Petar I<\/p>\n<p style=\"text-align: center;\">b) Njegovi sinovi: Prestolonaslednik Aleksandar i Kraljevi\u0107 \u0110or\u0111e;<\/p>\n<p style=\"text-align: center;\">47<\/p>\n<p style=\"text-align: center;\">v) Njegova k\u0107i Jelena, do udaje njene;<\/p>\n<p style=\"text-align: center;\">g) Njegov brat Knez Arsen Kara-\u0110or\u0111evi\u0107 sa sinom Knezom Pavlom A. Kara-\u0110or\u0107evi\u0107em;<\/p>\n<p style=\"text-align: center;\">d) Potomstvo Prestolonaslednika Aleksandra, Kraljevi\u0107a \u0110or\u0111a i Kneza Pavla.<\/p>\n<p style=\"text-align: center;\"><strong>\u010clan 2.<\/strong><\/p>\n<p style=\"text-align: center;\">Po \u010dlanu 57. zemaljskog ustava Kralja nasle\u0111uje njegovo mu\u0161ko potomstvo iz zakonitog braka po redu prvoro\u0111enja.<\/p>\n<p style=\"text-align: center;\"><strong>\u010clan 3.<\/strong><\/p>\n<p style=\"text-align: center;\">Kako se Kraljevi\u0107 \u0110or\u0111e, najstariji sin Kralja Petra I odrekao prestolonasle\u0111a i svih prava istoga, ostavkom od 12. marta 1909. godine koja je primljena i objavljena aktom dr\u017eavnim od 14. marta 1909. godine i proklamacijom od 15. marta 1909. god., nasledstvo je prestola sa svima pravima pre\u0161lo po \u010dlanu 57. Ustava na drugoga sina Kralja Petra I<\/p>\n<p style=\"text-align: center;\">sada\u0161njeg Prestolonaslednika Kraljevi\u0107a Aleksandra.<\/p>\n<p style=\"text-align: center;\"><strong>\u010clan 4.<\/strong><\/p>\n<p style=\"text-align: center;\">\u010clanovi Kraljevskoga Doma iz ku\u0107e Kralja Vladaoca i Prestolonaslednika imaju titulu Kraljevskoga Viso\u010danstva.<\/p>\n<p style=\"text-align: center;\">Ostalim \u010dlanovima Kraljevskoga Doma pripada titula Viso\u010danstva.<\/p>\n<p style=\"text-align: center;\"><strong>\u010clan 5.<\/strong><\/p>\n<p style=\"text-align: center;\">Kralj Vladalac je vrhovni stare\u0161ina i za\u0161titnik svima \u010dlanovima Kraljevskog Doma.<\/p>\n<p style=\"text-align: center;\">Bez njegovog naro\u010ditog odobrenja ni jedan \u010dlan Kraljevskog Doma ne mo\u017ee izvr\u0161iti nikakvo delo ili postupak javnoga zna\u010daja, niti stupiti u kakve god trajne obaveze prema kome bilo.<\/p>\n<p style=\"text-align: center;\">Kralj se stara svima sredstvima da u Kraljevskom Domu, uvek bez izuzetka, vladaju pravila i obziri \u010dasti, reda i primernog pona\u0161anja, dostojni Doma Kraljevskoga.<\/p>\n<p style=\"text-align: center;\"><strong>\u010clan 6.<\/strong><\/p>\n<p style=\"text-align: center;\">Svi \u010dlanovi Kraljevskog Doma du\u017eni su smatrati i po\u0161tovati u licu Kralja stare\u0161inu svoga doma i pomagati Mu u vr\u0161enju Njegovog stare\u0161inskog zadatka, savr\u0161enom i besprekornom odano\u0161\u0107u i poslu\u0161no\u0161\u0107u.<\/p>\n<p style=\"text-align: center;\"><strong>\u010clan 7.<\/strong><\/p>\n<p style=\"text-align: center;\">Nijedan \u010dlan Kraljevskoga Doma ne mo\u017ee stupiti u brak bez prethodnog pristanka i odobrenja Kraljeva.<\/p>\n<p style=\"text-align: center;\">48<\/p>\n<p style=\"text-align: center;\">Brak zaklju\u010den protivno ovom pravilu, nosi sobom isklju\u010denje iz Kraljevskog Doma.<\/p>\n<p style=\"text-align: center;\"><strong>\u010clan 8.<\/strong><\/p>\n<p style=\"text-align: center;\">Odobrenje Kraljevo za \u017eenidbu ili za udaju koga \u010dlana Kraljevskoga Doma izdaje se u obliku naro\u010ditog pisma, koje premapotpisuju Mitropolit i Ministar Predsednik.<\/p>\n<p style=\"text-align: center;\"><strong>\u010clan 9.<\/strong><\/p>\n<p style=\"text-align: center;\">Kad koji \u010dlan Kraljevskoga Doma osnuje zasebnu ku\u0107u i dobije svoje zasebno imanje, ne mo\u017ee, toga radi, iza\u0107i ispod vlasti Kraljevske, propisane ovim Pravilnikom, i du\u017ean je poslove svoje ku\u0107e voditi uredno ne daju\u0107i povoda nikakvim \u017ealbama.<\/p>\n<p style=\"text-align: center;\">U protivnom slu\u010daju Kralj ima pravo, da naredi sve potrebne mere za pravilno vo\u0111enje doti\u010dne ku\u0107e.<\/p>\n<p style=\"text-align: center;\"><strong>\u010clan 10.<\/strong><\/p>\n<p style=\"text-align: center;\">Bez odobrenja ili pristanka Kraljeva nijedan \u010dlan Kraljevskog Doma ne sme se zadu\u017eivati preko mogu\u0107nosti otplate koja se obele\u017eava tromese\u010dnim redovnim prihodima doti\u010dnoga \u010dlana.<\/p>\n<p style=\"text-align: center;\"><strong>\u010clan 11.<\/strong><\/p>\n<p style=\"text-align: center;\">Nijedan \u010dlan Kraljevskoga Doma ne mo\u017ee primati niti nasledstvo niti kakvu dotaciju bez pristanka i odobrenja Kraljeva.<\/p>\n<p style=\"text-align: center;\"><strong>\u010clan 12.<\/strong><\/p>\n<p style=\"text-align: center;\">\u010cinovnici u Dvoru, pridodati ma kome \u010dlanu Kraljevskoga Doma ili u zasebnim ku\u0107ama Kraljevskoga Doma, bi\u0107e postavljeni s pristankom ili odobrenjem Kraljevim.<\/p>\n<p style=\"text-align: center;\"><strong>\u010clan 13.<\/strong><\/p>\n<p style=\"text-align: center;\">Kralj \u0107e Svojom naredbom odre\u0111ivati u kome \u0107e mestu koji \u010dlan Kraljevskoga Doma stanovati.<\/p>\n<p style=\"text-align: center;\">Promena mesta stanovanja tako\u0111e \u0107e se odobravati ili odre\u0111ivati naredbom Kraljevom.<\/p>\n<p style=\"text-align: center;\"><strong>\u010clan 14.<\/strong><\/p>\n<p style=\"text-align: center;\">Nijedan \u010dlan Kraljevskog Doma ne sme se, bez odobrenja Kraljeva, stalno nastaniti,<\/p>\n<p style=\"text-align: center;\">primiti slu\u017ebe kakve na strani.<\/p>\n<p style=\"text-align: center;\">49<\/p>\n<p style=\"text-align: center;\">I kra\u0107a putovanja \u010dlanova Kraljevskoga Doma na stranu ne mogu se preduzimati bez prethodnog odobrenja Kraljeva.<\/p>\n<p style=\"text-align: center;\"><strong>\u010clan 15<\/strong>.<\/p>\n<p style=\"text-align: center;\">Prema odredbi \u010dl. 133. Ustava zemaljskog, po kojoj ni jedan \u010dlan Kraljevskoga Doma ne mo\u017ee biti ministar, \u010dlanovi Kraljevskoga Doma imaju se spremati za slu\u017ebu ili rad u vojsci, u prosveti, u umetnosti ili u crkvi, prema svojim naro\u010ditim naklonostima.<\/p>\n<p style=\"text-align: center;\"><strong>\u010clan 16.<\/strong><\/p>\n<p style=\"text-align: center;\">Prema vrhovnom pravilu Kralj, kao stare\u0161ina Kraljevskoga Doma, upravlja vaspitanjem<\/p>\n<p style=\"text-align: center;\">sviju \u010dlanova Kraljevskoga Doma i onda kad op\u0161te staranje o vaspitanju dece pripada<\/p>\n<p style=\"text-align: center;\">njihovim roditeljima.<\/p>\n<p style=\"text-align: center;\"><strong>\u010clan 17.<\/strong><\/p>\n<p style=\"text-align: center;\">Kralj je du\u017ean starati se o svima potrebama dece Kraljevoga Doma na slu\u010daj da bi ostala bez roditelja.<\/p>\n<p style=\"text-align: center;\"><strong>\u010clan 18.<\/strong><\/p>\n<p style=\"text-align: center;\">Kralj ima neograni\u010deno pravo da u Kraljevskom Domu dr\u017ei red Kraljevskoga Doma dostojan svima sredstvima kojim raspola\u017ee.<\/p>\n<p style=\"text-align: center;\"><strong>\u010clan 19.<\/strong><\/p>\n<p style=\"text-align: center;\">Ustanovljava se za ocenu i raspravu disciplinskih istupa Dvorski Savet: U Dvorski Savet ulazi Kralj, Prestolonaslednik (ako je punoletan), \u010dlanovi Kraljevskoga Doma, koji su navr\u0161ili 21. godinu, Mitropolit, Ministar Predsednik, Ministar Pravde, Predsednik Dr\u017eavnog Saveta, Predsednik Kasacionog Suda. Kralju se ostavlja pravo da disciplinske istupe, po propisima ovog pravilnika, ili kad to sam saveta radi na\u0111e za potrebno, iznese, saveta radi na procenu i raspravu ovoga Dvorskoga Saveta.<\/p>\n<p style=\"text-align: center;\"><strong>\u010clan 20.<\/strong><\/p>\n<p style=\"text-align: center;\">Disciplinske kazne, kojima \u0107e se Kralj slu\u017eiti u upravi Kraljevskoga Doma ove su:<\/p>\n<p style=\"text-align: center;\">a) Opomena, poverljiva ili javna za sve \u010dlanove Kraljevskoga Doma, koja se zapisuje;<\/p>\n<p style=\"text-align: center;\">b) Ukor, poverljiv ili javan za sve \u010dlanove Kraljevskoga Doma, koji se zapisuje;<\/p>\n<p style=\"text-align: center;\">v) Isklju\u010denje iz svih po\u010dasti na kra\u0107e ili du\u017ee vreme, poverljivo ili javno, za sve<\/p>\n<p style=\"text-align: center;\">\u010dlanove Kraljevskoga Doma.<\/p>\n<p style=\"text-align: center;\">g) Isklju\u010denje iz Dvora na kra\u0107e ili du\u017ee vreme, po odredbi, poverljivo, poznato<\/p>\n<p style=\"text-align: center;\">50<\/p>\n<p style=\"text-align: center;\">samo \u010dlanovima Kraljevskoga Doma, ili potpuno javno, koje se s pobudama<\/p>\n<p style=\"text-align: center;\">\u0161tampa u slu\u017ebenim novinama;<\/p>\n<p style=\"text-align: center;\">d) Isklju\u010denje iz Dvora za navek. U slu\u010daju ovakve kazne neophodno je saslu\u0161anje<\/p>\n<p style=\"text-align: center;\">Dvorskog Saveta.<\/p>\n<p style=\"text-align: center;\">Javnost me\u0111u \u010dlanovima Kraljevskog Doma izvr\u0161i\u0107e se saop\u0161tenjem doti\u010dne disciplinske kazne svima \u010dlanovima Kraljevskoga Doma.<\/p>\n<p style=\"text-align: center;\"><strong>\u010clan 21.<\/strong><\/p>\n<p style=\"text-align: center;\">Svaku kaznu koju Kralj izre\u010de nad \u010dlanom Svoga Kraljevskog Doma, Kralj mo\u017ee i opozvati kad se ta mera opravdava razlozima popravke ili uni\u0161tenjem uzroka koji su tu kaznu izazvali. Dvorski se Savet u ovom slu\u010daju saslu\u0161ava, ako je slu\u010daj gore pomenut u \u010dl. 20 pod d).<\/p>\n<p style=\"text-align: center;\"><strong>\u010clan 22.<\/strong><\/p>\n<p style=\"text-align: center;\">Kao stare\u0161ina Kraljevskoga Doma, Kralj raspola\u017ee svima materijalnim sredstvima istoga i izdaje sve naredbe, koje su potrebne po ekonomskim i nov\u010danim poslovima.<\/p>\n<p style=\"text-align: center;\"><strong>\u010clan 23.<\/strong><\/p>\n<p style=\"text-align: center;\">Svima \u010dlanovima Kraljevskoga Doma saop\u0161tava se ovaj pravilnik na potpis znanja i upravljanja radi.<\/p>\n<p style=\"text-align: center;\">Ko pravilnik svojim potpisom ne bi priznao i usvojio, li\u0161ava se prava Kraljevskoga<\/p>\n<p style=\"text-align: center;\">Doma, kao \u010dlan istoga, po propisima ta\u010dke d) \u010dlana 20 ovog pravilnika.<\/p>\n<p style=\"text-align: center;\"><strong>\u010clan 24.<\/strong><\/p>\n<p style=\"text-align: center;\">Kralju ostaje pravo da u ovom pravilniku prema prilikama, \u010dini izmene i dopune, kad na\u0111e za dobro, ili kad se za njih potreba poka\u017ee, kao i da za sve va\u017enije nepredvi\u0111ene slu\u010dajeve izdaje odluke u sporazumu sa Dvorskim Savetom.<\/p>\n<p style=\"text-align: center;\"><strong>\u010clan 25.<\/strong><\/p>\n<p style=\"text-align: center;\">Ovaj Pravilnik kao i sve njegove eventualne izmene i dopune stupa u \u017eivot kad ga primi k znanju Narodna Skup\u0161tina.<\/p>\n<p style=\"text-align: center;\">30. avgusta 1909. god.<\/p>\n<p style=\"text-align: center;\">U Beogradu<\/p>\n<p style=\"text-align: center;\">Predsednik Petar s.r.<\/p>\n<p style=\"text-align: center;\">Ministraskog Saveta Aleksandar s.r.<\/p>\n<p style=\"text-align: center;\">51<\/p>\n<p style=\"text-align: center;\">St. Novakovi\u0107, s.r. \u0110or\u0111e s.r.<\/p>\n<p style=\"text-align: center;\">Jelena s.r.<\/p>\n<p style=\"text-align: center;\">Arsenije s.r.<\/p>\n<p style=\"text-align: center;\">Pavle s.r.<\/p>\n<\/div><\/div><\/div><\/div><\/div>\n","protected":false},"excerpt":{"rendered":"","protected":false},"author":1,"featured_media":88167,"parent":60064,"menu_order":0,"comment_status":"closed","ping_status":"closed","template":"","meta":{"_acf_changed":false,"footnotes":""},"class_list":["post-59533","page","type-page","status-publish","has-post-thumbnail","hentry"],"acf":[],"yoast_head":"<!-- This site is optimized with the Yoast SEO Premium plugin v27.5 (Yoast SEO v27.5) - https:\/\/yoast.com\/product\/yoast-seo-premium-wordpress\/ -->\n<title>Porodi\u010dni Pravilnik za \u010clanove Srpskog Kraljevskog Doma, stupio u \u017eivot kada ga je primila k znanju Narodna Skup\u0161tina, 30. avgusta 1909. godine - The Royal Family of Serbia<\/title>\n<meta name=\"robots\" content=\"index, follow, max-snippet:-1, max-image-preview:large, max-video-preview:-1\" \/>\n<link rel=\"canonical\" href=\"https:\/\/royalfamily.org\/lat\/dokumenti\/porodicni-pravilnik-kralja-petra-i\/\" \/>\n<meta property=\"og:locale\" content=\"en_US\" \/>\n<meta property=\"og:type\" content=\"article\" \/>\n<meta property=\"og:title\" content=\"Porodi\u010dni Pravilnik za \u010clanove Srpskog Kraljevskog Doma, stupio u \u017eivot kada ga je primila k znanju Narodna Skup\u0161tina, 30. avgusta 1909. godine\" \/>\n<meta property=\"og:url\" content=\"https:\/\/royalfamily.org\/lat\/dokumenti\/porodicni-pravilnik-kralja-petra-i\/\" \/>\n<meta property=\"og:site_name\" content=\"The Royal Family of Serbia\" \/>\n<meta property=\"article:publisher\" content=\"https:\/\/www.facebook.com\/Prestolonaslednik.Aleksandar\" \/>\n<meta property=\"article:modified_time\" content=\"2023-12-08T14:20:16+00:00\" \/>\n<meta property=\"og:image\" content=\"https:\/\/royalfamily.org\/wp-content\/uploads\/2023\/12\/Cover-Vazna-Istorijska-Dokumenta.jpg\" \/>\n\t<meta property=\"og:image:width\" content=\"740\" \/>\n\t<meta property=\"og:image:height\" content=\"350\" \/>\n\t<meta property=\"og:image:type\" content=\"image\/jpeg\" \/>\n<meta name=\"twitter:card\" content=\"summary_large_image\" \/>\n<meta name=\"twitter:label1\" content=\"Est. reading time\" \/>\n\t<meta name=\"twitter:data1\" content=\"5 minutes\" \/>\n<script type=\"application\/ld+json\" class=\"yoast-schema-graph\">{\"@context\":\"https:\\\/\\\/schema.org\",\"@graph\":[{\"@type\":\"WebPage\",\"@id\":\"https:\\\/\\\/royalfamily.org\\\/lat\\\/dokumenti\\\/porodicni-pravilnik-kralja-petra-i\\\/\",\"url\":\"https:\\\/\\\/royalfamily.org\\\/lat\\\/dokumenti\\\/porodicni-pravilnik-kralja-petra-i\\\/\",\"name\":\"Porodi\u010dni Pravilnik za \u010clanove Srpskog Kraljevskog Doma, stupio u \u017eivot kada ga je primila k znanju Narodna Skup\u0161tina, 30. avgusta 1909. godine - The Royal Family of Serbia\",\"isPartOf\":{\"@id\":\"https:\\\/\\\/royalfamily.org\\\/#website\"},\"primaryImageOfPage\":{\"@id\":\"https:\\\/\\\/royalfamily.org\\\/lat\\\/dokumenti\\\/porodicni-pravilnik-kralja-petra-i\\\/#primaryimage\"},\"image\":{\"@id\":\"https:\\\/\\\/royalfamily.org\\\/lat\\\/dokumenti\\\/porodicni-pravilnik-kralja-petra-i\\\/#primaryimage\"},\"thumbnailUrl\":\"https:\\\/\\\/royalfamily.org\\\/wp-content\\\/uploads\\\/2023\\\/12\\\/Cover-Vazna-Istorijska-Dokumenta.jpg\",\"datePublished\":\"2020-06-23T10:11:55+00:00\",\"dateModified\":\"2023-12-08T14:20:16+00:00\",\"breadcrumb\":{\"@id\":\"https:\\\/\\\/royalfamily.org\\\/lat\\\/dokumenti\\\/porodicni-pravilnik-kralja-petra-i\\\/#breadcrumb\"},\"inLanguage\":\"sr-LT\",\"potentialAction\":[{\"@type\":\"ReadAction\",\"target\":[\"https:\\\/\\\/royalfamily.org\\\/lat\\\/dokumenti\\\/porodicni-pravilnik-kralja-petra-i\\\/\"]}]},{\"@type\":\"ImageObject\",\"inLanguage\":\"sr-LT\",\"@id\":\"https:\\\/\\\/royalfamily.org\\\/lat\\\/dokumenti\\\/porodicni-pravilnik-kralja-petra-i\\\/#primaryimage\",\"url\":\"https:\\\/\\\/royalfamily.org\\\/wp-content\\\/uploads\\\/2023\\\/12\\\/Cover-Vazna-Istorijska-Dokumenta.jpg\",\"contentUrl\":\"https:\\\/\\\/royalfamily.org\\\/wp-content\\\/uploads\\\/2023\\\/12\\\/Cover-Vazna-Istorijska-Dokumenta.jpg\",\"width\":740,\"height\":350,\"caption\":\"Coat the Arm of the Royal Family\"},{\"@type\":\"BreadcrumbList\",\"@id\":\"https:\\\/\\\/royalfamily.org\\\/lat\\\/dokumenti\\\/porodicni-pravilnik-kralja-petra-i\\\/#breadcrumb\",\"itemListElement\":[{\"@type\":\"ListItem\",\"position\":1,\"name\":\"Home\",\"item\":\"https:\\\/\\\/royalfamily.org\\\/lat\\\/\"},{\"@type\":\"ListItem\",\"position\":2,\"name\":\"Dokumenti\",\"item\":\"https:\\\/\\\/royalfamily.org\\\/lat\\\/dokumenti\\\/\"},{\"@type\":\"ListItem\",\"position\":3,\"name\":\"Porodi\u010dni Pravilnik za \u010clanove Srpskog Kraljevskog Doma, stupio u \u017eivot kada ga je primila k znanju Narodna Skup\u0161tina, 30. avgusta 1909. godine\"}]},{\"@type\":\"WebSite\",\"@id\":\"https:\\\/\\\/royalfamily.org\\\/#website\",\"url\":\"https:\\\/\\\/royalfamily.org\\\/\",\"name\":\"The Royal Family of Serbia\",\"description\":\"From the people, for the people\",\"publisher\":{\"@id\":\"https:\\\/\\\/royalfamily.org\\\/#organization\"},\"potentialAction\":[{\"@type\":\"SearchAction\",\"target\":{\"@type\":\"EntryPoint\",\"urlTemplate\":\"https:\\\/\\\/royalfamily.org\\\/?s={search_term_string}\"},\"query-input\":{\"@type\":\"PropertyValueSpecification\",\"valueRequired\":true,\"valueName\":\"search_term_string\"}}],\"inLanguage\":\"sr-LT\"},{\"@type\":\"Organization\",\"@id\":\"https:\\\/\\\/royalfamily.org\\\/#organization\",\"name\":\"Royal Family\",\"url\":\"https:\\\/\\\/royalfamily.org\\\/\",\"logo\":{\"@type\":\"ImageObject\",\"inLanguage\":\"sr-LT\",\"@id\":\"https:\\\/\\\/royalfamily.org\\\/#\\\/schema\\\/logo\\\/image\\\/\",\"url\":\"https:\\\/\\\/royalfamily.org\\\/wp-content\\\/uploads\\\/2019\\\/04\\\/logo-vector-02-V-latinica.png\",\"contentUrl\":\"https:\\\/\\\/royalfamily.org\\\/wp-content\\\/uploads\\\/2019\\\/04\\\/logo-vector-02-V-latinica.png\",\"width\":552,\"height\":99,\"caption\":\"Royal Family\"},\"image\":{\"@id\":\"https:\\\/\\\/royalfamily.org\\\/#\\\/schema\\\/logo\\\/image\\\/\"},\"sameAs\":[\"https:\\\/\\\/www.facebook.com\\\/Prestolonaslednik.Aleksandar\"]}]}<\/script>\n<!-- \/ Yoast SEO Premium plugin. -->","yoast_head_json":{"title":"Porodi\u010dni Pravilnik za \u010clanove Srpskog Kraljevskog Doma, stupio u \u017eivot kada ga je primila k znanju Narodna Skup\u0161tina, 30. avgusta 1909. godine - The Royal Family of Serbia","robots":{"index":"index","follow":"follow","max-snippet":"max-snippet:-1","max-image-preview":"max-image-preview:large","max-video-preview":"max-video-preview:-1"},"canonical":"https:\/\/royalfamily.org\/lat\/dokumenti\/porodicni-pravilnik-kralja-petra-i\/","og_locale":"en_US","og_type":"article","og_title":"Porodi\u010dni Pravilnik za \u010clanove Srpskog Kraljevskog Doma, stupio u \u017eivot kada ga je primila k znanju Narodna Skup\u0161tina, 30. avgusta 1909. godine","og_url":"https:\/\/royalfamily.org\/lat\/dokumenti\/porodicni-pravilnik-kralja-petra-i\/","og_site_name":"The Royal Family of Serbia","article_publisher":"https:\/\/www.facebook.com\/Prestolonaslednik.Aleksandar","article_modified_time":"2023-12-08T14:20:16+00:00","og_image":[{"width":740,"height":350,"url":"https:\/\/royalfamily.org\/wp-content\/uploads\/2023\/12\/Cover-Vazna-Istorijska-Dokumenta.jpg","type":"image\/jpeg"}],"twitter_card":"summary_large_image","twitter_misc":{"Est. reading time":"5 minutes"},"schema":{"@context":"https:\/\/schema.org","@graph":[{"@type":"WebPage","@id":"https:\/\/royalfamily.org\/lat\/dokumenti\/porodicni-pravilnik-kralja-petra-i\/","url":"https:\/\/royalfamily.org\/lat\/dokumenti\/porodicni-pravilnik-kralja-petra-i\/","name":"Porodi\u010dni Pravilnik za \u010clanove Srpskog Kraljevskog Doma, stupio u \u017eivot kada ga je primila k znanju Narodna Skup\u0161tina, 30. avgusta 1909. godine - The Royal Family of Serbia","isPartOf":{"@id":"https:\/\/royalfamily.org\/#website"},"primaryImageOfPage":{"@id":"https:\/\/royalfamily.org\/lat\/dokumenti\/porodicni-pravilnik-kralja-petra-i\/#primaryimage"},"image":{"@id":"https:\/\/royalfamily.org\/lat\/dokumenti\/porodicni-pravilnik-kralja-petra-i\/#primaryimage"},"thumbnailUrl":"https:\/\/royalfamily.org\/wp-content\/uploads\/2023\/12\/Cover-Vazna-Istorijska-Dokumenta.jpg","datePublished":"2020-06-23T10:11:55+00:00","dateModified":"2023-12-08T14:20:16+00:00","breadcrumb":{"@id":"https:\/\/royalfamily.org\/lat\/dokumenti\/porodicni-pravilnik-kralja-petra-i\/#breadcrumb"},"inLanguage":"sr-LT","potentialAction":[{"@type":"ReadAction","target":["https:\/\/royalfamily.org\/lat\/dokumenti\/porodicni-pravilnik-kralja-petra-i\/"]}]},{"@type":"ImageObject","inLanguage":"sr-LT","@id":"https:\/\/royalfamily.org\/lat\/dokumenti\/porodicni-pravilnik-kralja-petra-i\/#primaryimage","url":"https:\/\/royalfamily.org\/wp-content\/uploads\/2023\/12\/Cover-Vazna-Istorijska-Dokumenta.jpg","contentUrl":"https:\/\/royalfamily.org\/wp-content\/uploads\/2023\/12\/Cover-Vazna-Istorijska-Dokumenta.jpg","width":740,"height":350,"caption":"Coat the Arm of the Royal Family"},{"@type":"BreadcrumbList","@id":"https:\/\/royalfamily.org\/lat\/dokumenti\/porodicni-pravilnik-kralja-petra-i\/#breadcrumb","itemListElement":[{"@type":"ListItem","position":1,"name":"Home","item":"https:\/\/royalfamily.org\/lat\/"},{"@type":"ListItem","position":2,"name":"Dokumenti","item":"https:\/\/royalfamily.org\/lat\/dokumenti\/"},{"@type":"ListItem","position":3,"name":"Porodi\u010dni Pravilnik za \u010clanove Srpskog Kraljevskog Doma, stupio u \u017eivot kada ga je primila k znanju Narodna Skup\u0161tina, 30. avgusta 1909. godine"}]},{"@type":"WebSite","@id":"https:\/\/royalfamily.org\/#website","url":"https:\/\/royalfamily.org\/","name":"The Royal Family of Serbia","description":"From the people, for the people","publisher":{"@id":"https:\/\/royalfamily.org\/#organization"},"potentialAction":[{"@type":"SearchAction","target":{"@type":"EntryPoint","urlTemplate":"https:\/\/royalfamily.org\/?s={search_term_string}"},"query-input":{"@type":"PropertyValueSpecification","valueRequired":true,"valueName":"search_term_string"}}],"inLanguage":"sr-LT"},{"@type":"Organization","@id":"https:\/\/royalfamily.org\/#organization","name":"Royal Family","url":"https:\/\/royalfamily.org\/","logo":{"@type":"ImageObject","inLanguage":"sr-LT","@id":"https:\/\/royalfamily.org\/#\/schema\/logo\/image\/","url":"https:\/\/royalfamily.org\/wp-content\/uploads\/2019\/04\/logo-vector-02-V-latinica.png","contentUrl":"https:\/\/royalfamily.org\/wp-content\/uploads\/2019\/04\/logo-vector-02-V-latinica.png","width":552,"height":99,"caption":"Royal Family"},"image":{"@id":"https:\/\/royalfamily.org\/#\/schema\/logo\/image\/"},"sameAs":["https:\/\/www.facebook.com\/Prestolonaslednik.Aleksandar"]}]}},"_links":{"self":[{"href":"https:\/\/royalfamily.org\/lat\/wp-json\/wp\/v2\/pages\/59533","targetHints":{"allow":["GET"]}}],"collection":[{"href":"https:\/\/royalfamily.org\/lat\/wp-json\/wp\/v2\/pages"}],"about":[{"href":"https:\/\/royalfamily.org\/lat\/wp-json\/wp\/v2\/types\/page"}],"author":[{"embeddable":true,"href":"https:\/\/royalfamily.org\/lat\/wp-json\/wp\/v2\/users\/1"}],"replies":[{"embeddable":true,"href":"https:\/\/royalfamily.org\/lat\/wp-json\/wp\/v2\/comments?post=59533"}],"version-history":[{"count":5,"href":"https:\/\/royalfamily.org\/lat\/wp-json\/wp\/v2\/pages\/59533\/revisions"}],"predecessor-version":[{"id":88187,"href":"https:\/\/royalfamily.org\/lat\/wp-json\/wp\/v2\/pages\/59533\/revisions\/88187"}],"up":[{"embeddable":true,"href":"https:\/\/royalfamily.org\/lat\/wp-json\/wp\/v2\/pages\/60064"}],"wp:featuredmedia":[{"embeddable":true,"href":"https:\/\/royalfamily.org\/lat\/wp-json\/wp\/v2\/media\/88167"}],"wp:attachment":[{"href":"https:\/\/royalfamily.org\/lat\/wp-json\/wp\/v2\/media?parent=59533"}],"curies":[{"name":"wp","href":"https:\/\/api.w.org\/{rel}","templated":true}]}}