{"id":59538,"date":"2020-06-23T12:18:05","date_gmt":"2020-06-23T10:18:05","guid":{"rendered":"https:\/\/royalfamily.org\/?page_id=59538"},"modified":"2023-12-08T15:22:46","modified_gmt":"2023-12-08T14:22:46","slug":"porodicni-pravilnik-kralja-aleksandra-i","status":"publish","type":"page","link":"https:\/\/royalfamily.org\/lat\/dokumenti\/porodicni-pravilnik-kralja-aleksandra-i\/","title":{"rendered":"Porodi\u010dni pravilnik za \u010dlanove Kraljevskog Doma Kraljevine Jugoslavije, Br. 3031 od 5. aprila 1930. godine"},"content":{"rendered":"<div class=\"fusion-fullwidth fullwidth-box fusion-builder-row-1 fusion-flex-container nonhundred-percent-fullwidth non-hundred-percent-height-scrolling\" style=\"--awb-border-radius-top-left:0px;--awb-border-radius-top-right:0px;--awb-border-radius-bottom-right:0px;--awb-border-radius-bottom-left:0px;--awb-flex-wrap:wrap;\" ><div class=\"fusion-builder-row fusion-row fusion-flex-align-items-flex-start fusion-flex-content-wrap\" style=\"max-width:1227.2px;margin-left: calc(-4% \/ 2 );margin-right: calc(-4% \/ 2 );\"><div class=\"fusion-layout-column fusion_builder_column fusion-builder-column-0 fusion_builder_column_1_1 1_1 fusion-flex-column\" style=\"--awb-bg-size:cover;--awb-width-large:100%;--awb-margin-top-large:0px;--awb-spacing-right-large:1.92%;--awb-margin-bottom-large:0px;--awb-spacing-left-large:1.92%;--awb-width-medium:100%;--awb-spacing-right-medium:1.92%;--awb-spacing-left-medium:1.92%;--awb-width-small:100%;--awb-spacing-right-small:1.92%;--awb-spacing-left-small:1.92%;\"><div class=\"fusion-column-wrapper fusion-flex-justify-content-flex-start fusion-content-layout-column\"><div class=\"fusion-image-element \" style=\"text-align:center;--awb-caption-title-font-family:var(--h2_typography-font-family);--awb-caption-title-font-weight:var(--h2_typography-font-weight);--awb-caption-title-font-style:var(--h2_typography-font-style);--awb-caption-title-size:var(--h2_typography-font-size);--awb-caption-title-transform:var(--h2_typography-text-transform);--awb-caption-title-line-height:var(--h2_typography-line-height);--awb-caption-title-letter-spacing:var(--h2_typography-letter-spacing);\"><span class=\" fusion-imageframe imageframe-none imageframe-1 hover-type-none\"><img decoding=\"async\" width=\"740\" height=\"350\" alt=\"Coat the Arm of the Royal Family\" title=\"Coat the Arm of the Royal Family\" src=\"https:\/\/royalfamily.org\/wp-content\/uploads\/2023\/12\/Cover-Vazna-Istorijska-Dokumenta.jpg\" class=\"img-responsive wp-image-88167\" srcset=\"https:\/\/royalfamily.org\/wp-content\/uploads\/2023\/12\/Cover-Vazna-Istorijska-Dokumenta-200x95.jpg 200w, https:\/\/royalfamily.org\/wp-content\/uploads\/2023\/12\/Cover-Vazna-Istorijska-Dokumenta-400x189.jpg 400w, https:\/\/royalfamily.org\/wp-content\/uploads\/2023\/12\/Cover-Vazna-Istorijska-Dokumenta-600x284.jpg 600w, https:\/\/royalfamily.org\/wp-content\/uploads\/2023\/12\/Cover-Vazna-Istorijska-Dokumenta.jpg 740w\" sizes=\"(max-width: 1024px) 100vw, (max-width: 640px) 100vw, 740px\" \/><\/span><\/div><div class=\"fusion-text fusion-text-1\"><p style=\"text-align: center;\"><strong>Porodi\u010dni pravilnik za \u010dlanove Kraljevskog Doma Kraljevine<\/strong><\/p>\n<p style=\"text-align: center;\"><strong>Jugoslavije, Br. 3031 od 5. Aprila 1930. godine<\/strong><\/p>\n<p><strong>\u010clan 1.<\/strong> \u010clanovi Kraljevskog Doma Dinastije Kara\u0111or\u0111eve jesu: Kraljica supruga, \u017eivi preci Kraljevi u pravoj liniji, a iz iste Dinastije sa svojim suprugama; ro\u0111ena bra\u0107a Kraljeva i njihovi potomci sa svojim suprugama; sestre Kralja Vladaoca i svi \u017eenski potomci do udaje. Stric Kralja Aleksandra I Knez Arsen; Knez Pavle sa suprugom i potomcima, \u017eenskim potomcima do udaje.<\/p>\n<p><strong>\u010clan 2.<\/strong> Saobrazno \u010dl. 7 Zakona o Kraljevskoj Vlasti i o Vrhovnoj dr\u017eavnoj upravi od 6. januara 1929., Kralja nasle\u0111uje Njegovo mu\u0161ko potomstvo iz zakonitog braka po redu prvoro\u0111enja.<\/p>\n<p><strong>\u010clan 3.<\/strong> Kralj Vladalac je vrhovni stare\u0161ina i za\u0161titnik svima \u010dlanovima Kraljevskog Doma.<\/p>\n<p>Kralj odre\u0111uje rang \u010dlanovima Kraljevskog Doma.<\/p>\n<p><strong>\u010clan 4<\/strong>. Sinovi Kralja Vladaoca su Kraljevi\u0107i, a svi ostali \u010dlanovi Kraljevskog Doma su Kne\u017eevi\u0107i i Kneginje od Jugoslavije. Svi nose titulu Kraljevskog Viso\u010danstva.<\/p>\n<p><strong>\u010clan 5.<\/strong> Bez Kraljevog naro\u010ditog odobrenja i pristanka ni jedan \u010dlan Kraljevskog Doma ne mo\u017ee izvr\u0161iti nikakvo delo ili postupak javnog zna\u010daja, niti stupiti u kakve god trajne obaveze ma prema kome.<\/p>\n<p>Kralj se stara svima sredstvima da u Kraljevskom Domu uvek bez izuzetaka vladaju pravila i obziri \u010dasti, reda i primernog pona\u0161anja, dostojni Doma Kraljevskog.<\/p>\n<p><strong>\u010clan 6<\/strong>. Svi \u010dlanovi Kraljevskog Doma du\u017eni su smatrati i po\u0161tovati u licu Kralja stare\u0161inu Svoga Doma i pomagati Mu u vr\u0161enju njegovog stare\u0161inskog zadatka, savr\u0161enom i besprekornom odano\u0161\u0107u i poslu\u0161no\u0161\u0107u.<\/p>\n<p>52<\/p>\n<p><strong>\u010clan 7.<\/strong> Ni jedan \u010dlan Kraljevskog Doma ne sme stupiti u brak bez prethodnog pristanka i odobrenja Kraljeva.<\/p>\n<p>Brak zaklju\u010den protivno gornjem pravilu nosi sobom isklju\u010denje iz Kraljevskog Doma, li\u0161enje po\u010dasti i povlastica danih \u010dlanovima Kraljevskog Doma.<\/p>\n<p><strong>\u010clan 8<\/strong>. Odobrenje Kraljevo za \u017eenidbu ili za udaju koga \u010dlana Kraljevskog Doma izdaje se u obliku naro\u010ditog pisma koje premapotpisuju Patrijarh i Predsednik Vlade.<\/p>\n<p><strong>\u010clan 9.<\/strong> Kad koji \u010dlan Kraljevskog Doma osnuje zasebnu ku\u0107u i dobije zasebno imanje, ne mo\u017ee, toga radi, izi\u0107i ispod vlasti Kraljevske, propisane ovim Pravilnikom i du\u017ean je poslove svoje ku\u0107e voditi uredno, ne daju\u0107i povoda nikakvim \u017ealbama.<\/p>\n<p>U protivnom Kralj ima pravo da naredi sve potrebne mere za pravilno vo\u0111enje doti\u010dne ku\u0107e.<\/p>\n<p><strong>\u010clan 10.<\/strong> Bez odobrenja ili pristanka Kraljeva, nijedan \u010dlan Kraljevskog Doma ne mo\u017ee se zadu\u017eivati preko mogu\u0107nosti otplate, koja se obele\u017eava \u010detvoromese\u010dnim redovnim prihodima doti\u010dnog \u010dlana.<\/p>\n<p><strong>\u010clan 11<\/strong>. Nijedan \u010dlan Kraljevskog Doma ne mo\u017ee primiti niti nasledstvo niti kakvu dotaciju bez pristanka i odobrenja Kraljeva.<\/p>\n<p><strong>\u010clan 12.<\/strong> \u010cinovnici u Dvoru, pridodati ma kome \u010dlanu Kraljevskog Doma, ili u zasebnim ku\u0107ama Kraljevskog Doma, bi\u0107e postavljeni tek po\u0161to Kralj to postavljenje<\/p>\n<p>odobri.<\/p>\n<p><strong>\u010clan 13.<\/strong> Kralj \u0107e svojom naredbom odre\u0111ivati u kojem \u0107e mestu koji \u010dlan Kraljevskog Doma stanovati.<\/p>\n<p>Promena mesta stanovanja tako\u0111e \u0107e se odobravati ili odre\u0111ivati naredbom<\/p>\n<p>Kraljevom.<\/p>\n<p><strong>\u010clan 14.<\/strong> Nijedan \u010dlan Kraljevskoga Doma ne sme se bez odobrenja Kraljeva stalno nastaniti niti se primiti slu\u017ebe kakve na strani.<\/p>\n<p>I kra\u0107a putovanja \u010dlanova Kraljevskog Doma na stranu ne mogu se preduzimati bez prethodnog odobrenja Kraljeva.<\/p>\n<p><strong>\u010clan 15.<\/strong> \u010clanovi Kraljevskoga Doma imaju se spremiti za slu\u017ebu ili rad u vojsci, u prosveti, u umetnosti ili crkvi, prema svojim naro\u010ditim naklonostima.<\/p>\n<p><strong>\u010clan 16<\/strong>. Prema vrhovnom pravilu Kralj, kao stare\u0161ina Kraljevskog Doma, upravlja vaspitanjem sviju \u010dlanova Kraljevskoga Doma i onda kada op\u0161te staranje o vaspitanju dece pripada njihovim roditeljima.<\/p>\n<p>53<\/p>\n<p><strong>\u010clan 17.<\/strong> Kralj \u0107e se starati o svima potrebama dece Kraljevskog Doma na slu\u010daj da bi<\/p>\n<p>ostala bez roditelja.<\/p>\n<p><strong>\u010clan 18.<\/strong> Kralj ima neograni\u010deno pravo da u Kraljevskom Domu dr\u017ei red Kraljevskoga Doma dostojan, svima sredstvima kojima raspola\u017ee.<\/p>\n<p><strong>\u010clan 19<\/strong>. Ustanovljava se za ocenu i ispravu disciplinskih istupa Dvorski Savet. U Dvorski Savet ulaze, pod predsedni\u0161tvom Kraljevim, Prestolonaslednik (ako je punoletan), \u010dlanovi Kraljevskog Doma koji su navr\u0161ili 21 godinu, Patrijarh, Ministar Predsednik, Ministar Pravde, Predsednik Dr\u017eavnog Saveta, predsednik Kasacionog Suda. U Kraljevoj je vlasti da disciplinske istupe po propisima ovoga Pravilnika, ili kada sam to na\u0111e za potrebno, iznese, saveta radi, na procenu i raspravu ovoga Dvorskoga Saveta.<\/p>\n<p><strong>\u010clan 20<\/strong>. Disciplinske kazne, kojima \u0107e se Kralj slu\u017eiti u upravi Kraljevskog Doma, jesu:<\/p>\n<p>a) Opomena, poverljiva ili javna za sve \u010dlanove Kraljevskog Doma, koja se zapisuje;<\/p>\n<p>b) Ukor, poverljiv ili javan za sve \u010dlanove Kraljevskog Doma, koji se zapisuje;<\/p>\n<p>v) Oduzimanje jedne tre\u0107ine apana\u017ee za vreme jednog do \u0161est meseci;<\/p>\n<p>g) Isklju\u010denje iz svih po\u010dasti na kra\u0107e ili du\u017ee vreme, poverljivo ili javno;<\/p>\n<p>d) Isklju\u010denje iz Kraljevskog Doma na kra\u0107e ili du\u017ee vreme, po odredbi, poverljivo, poznato samo \u010dlanovima Kraljevskog Doma, ili potpuno javno, koje se sa pobudama \u0161tampa u slu\u017ebenom listu;<\/p>\n<p>\u0111) Isklju\u010denje iz Kraljevskog Doma. U slu\u010daju ovakve kazne, neophodno je saslu\u0161anje Dvorskog Saveta.<\/p>\n<p>Pod javnosti me\u0111u \u010dlanovima Kraljevskog Doma razume se saop\u0161tenje doti\u010dne disciplinske kazne svima \u010dlanovima Kraljevskog Doma.<\/p>\n<p><strong>\u010clan 21<\/strong>. Svaku kaznu koju Kralj izrekne nad \u010dlanom Svoga Kraljevskog Doma, Kralj mo\u017ee po svome naho\u0111enju i opozvati, kad se takva mera opravdava razlozima popravke ili uni\u0161tenjem uzroka koju su tu kaznu izazvali. Dvorski Savet se i u ovom slu\u010daju saslu\u0161ava, ako je slu\u010daj gore pomenut u \u010dlanu 20., pod \u0111).<\/p>\n<p><strong>\u010clan 22<\/strong>. Sporovi izme\u0111u \u010dlanova Kraljevskog Doma ne mogu i\u0107i pred sud. Dvorski Savet ima du\u017enost da u\u010dini sve da se taj spor izravna. Ako se spor ne mo\u017ee na taj na\u010din okon\u010dati, naro\u010diti izborni sud, sastavljen od tri sudije, od kojih Predsednika odre\u0111uje Kralj, a po jednog sudiju svaka parni\u010dna strana iz redova \u010dlanova Kraljevskog Doma ili \u010dlanova Dvorskog Saveta, presu\u0111uje kona\u010dno spor. Ona strana koja se presudi ne pokori ima biti ka\u017enjena kaznama pod d) i \u0111) \u010dlana 20., prema Kraljevom naho\u0111enju.<\/p>\n<p>54<\/p>\n<p><strong>\u010clan 23.<\/strong> Kada je Kralj maloletan, Njegova prava i du\u017enosti kao Stare\u0161ine Kraljevskog Doma vr\u0161i\u0107e do Njegova punoletstva Kraljica Mati. Ako bi Kralj bio bez \u017eivih roditelja, vlast stare\u0161ine Kraljevskog Doma vr\u0161i\u0107e \u010dlan Kraljevskog Doma, koga je Kralj odredio. Kaznu pod \u0111) \u010dlana 20. samo Kralj mo\u017ee izricati.<\/p>\n<p><strong>\u010clan 24.<\/strong> Kao stare\u0161ina Kraljevskog Doma Kralj raspola\u017ee svim materijalnim sredstvima istoga, i izdaje sve naredbe koje su potrebne po ekonomskim i nov\u010danim poslovima.<\/p>\n<p><strong>\u010clan 25.<\/strong> Kralju ostaje pravo da u ovom Pravilniku prema prilikama \u010dini izmene i dopune kada na\u0111e za dobro, kao i da za sve va\u017enije, a nepredvi\u0111ene slu\u010dajeve, izdaje odluke u sporazumu sa Dvorskim Savetom.<\/p>\n<p><strong>\u010clan 26.<\/strong> Ovaj Pravilnik stupa u \u017eivot od dana\u0161nje dana i obaveznu snagu dobija odmah.<\/p>\n<p><strong>(Slu\u017ebene novine Br. 92. XXXVI od 24. aprila, 1930 god.)<\/strong><\/p>\n<\/div><\/div><\/div><\/div><\/div>\n","protected":false},"excerpt":{"rendered":"","protected":false},"author":1,"featured_media":88167,"parent":60064,"menu_order":0,"comment_status":"closed","ping_status":"closed","template":"","meta":{"_acf_changed":false,"footnotes":""},"class_list":["post-59538","page","type-page","status-publish","has-post-thumbnail","hentry"],"acf":[],"yoast_head":"<!-- This site is optimized with the Yoast SEO Premium plugin v27.4 (Yoast SEO v27.4) - https:\/\/yoast.com\/product\/yoast-seo-premium-wordpress\/ -->\n<title>Porodi\u010dni pravilnik za \u010dlanove Kraljevskog Doma Kraljevine Jugoslavije, Br. 3031 od 5. aprila 1930. godine - The Royal Family of Serbia<\/title>\n<meta name=\"robots\" content=\"index, follow, max-snippet:-1, max-image-preview:large, max-video-preview:-1\" \/>\n<link rel=\"canonical\" href=\"https:\/\/royalfamily.org\/lat\/dokumenti\/porodicni-pravilnik-kralja-aleksandra-i\/\" \/>\n<meta property=\"og:locale\" content=\"en_US\" \/>\n<meta property=\"og:type\" content=\"article\" \/>\n<meta property=\"og:title\" content=\"Porodi\u010dni pravilnik za \u010dlanove Kraljevskog Doma Kraljevine Jugoslavije, Br. 3031 od 5. aprila 1930. godine\" \/>\n<meta property=\"og:url\" content=\"https:\/\/royalfamily.org\/lat\/dokumenti\/porodicni-pravilnik-kralja-aleksandra-i\/\" \/>\n<meta property=\"og:site_name\" content=\"The Royal Family of Serbia\" \/>\n<meta property=\"article:publisher\" content=\"https:\/\/www.facebook.com\/Prestolonaslednik.Aleksandar\" \/>\n<meta property=\"article:modified_time\" content=\"2023-12-08T14:22:46+00:00\" \/>\n<meta property=\"og:image\" content=\"https:\/\/royalfamily.org\/wp-content\/uploads\/2023\/12\/Cover-Vazna-Istorijska-Dokumenta.jpg\" \/>\n\t<meta property=\"og:image:width\" content=\"740\" \/>\n\t<meta property=\"og:image:height\" content=\"350\" \/>\n\t<meta property=\"og:image:type\" content=\"image\/jpeg\" \/>\n<meta name=\"twitter:card\" content=\"summary_large_image\" \/>\n<meta name=\"twitter:label1\" content=\"Est. reading time\" \/>\n\t<meta name=\"twitter:data1\" content=\"5 minutes\" \/>\n<script type=\"application\/ld+json\" class=\"yoast-schema-graph\">{\"@context\":\"https:\\\/\\\/schema.org\",\"@graph\":[{\"@type\":\"WebPage\",\"@id\":\"https:\\\/\\\/royalfamily.org\\\/lat\\\/dokumenti\\\/porodicni-pravilnik-kralja-aleksandra-i\\\/\",\"url\":\"https:\\\/\\\/royalfamily.org\\\/lat\\\/dokumenti\\\/porodicni-pravilnik-kralja-aleksandra-i\\\/\",\"name\":\"Porodi\u010dni pravilnik za \u010dlanove Kraljevskog Doma Kraljevine Jugoslavije, Br. 3031 od 5. aprila 1930. godine - The Royal Family of Serbia\",\"isPartOf\":{\"@id\":\"https:\\\/\\\/royalfamily.org\\\/#website\"},\"primaryImageOfPage\":{\"@id\":\"https:\\\/\\\/royalfamily.org\\\/lat\\\/dokumenti\\\/porodicni-pravilnik-kralja-aleksandra-i\\\/#primaryimage\"},\"image\":{\"@id\":\"https:\\\/\\\/royalfamily.org\\\/lat\\\/dokumenti\\\/porodicni-pravilnik-kralja-aleksandra-i\\\/#primaryimage\"},\"thumbnailUrl\":\"https:\\\/\\\/royalfamily.org\\\/wp-content\\\/uploads\\\/2023\\\/12\\\/Cover-Vazna-Istorijska-Dokumenta.jpg\",\"datePublished\":\"2020-06-23T10:18:05+00:00\",\"dateModified\":\"2023-12-08T14:22:46+00:00\",\"breadcrumb\":{\"@id\":\"https:\\\/\\\/royalfamily.org\\\/lat\\\/dokumenti\\\/porodicni-pravilnik-kralja-aleksandra-i\\\/#breadcrumb\"},\"inLanguage\":\"sr-LT\",\"potentialAction\":[{\"@type\":\"ReadAction\",\"target\":[\"https:\\\/\\\/royalfamily.org\\\/lat\\\/dokumenti\\\/porodicni-pravilnik-kralja-aleksandra-i\\\/\"]}]},{\"@type\":\"ImageObject\",\"inLanguage\":\"sr-LT\",\"@id\":\"https:\\\/\\\/royalfamily.org\\\/lat\\\/dokumenti\\\/porodicni-pravilnik-kralja-aleksandra-i\\\/#primaryimage\",\"url\":\"https:\\\/\\\/royalfamily.org\\\/wp-content\\\/uploads\\\/2023\\\/12\\\/Cover-Vazna-Istorijska-Dokumenta.jpg\",\"contentUrl\":\"https:\\\/\\\/royalfamily.org\\\/wp-content\\\/uploads\\\/2023\\\/12\\\/Cover-Vazna-Istorijska-Dokumenta.jpg\",\"width\":740,\"height\":350,\"caption\":\"Coat the Arm of the Royal Family\"},{\"@type\":\"BreadcrumbList\",\"@id\":\"https:\\\/\\\/royalfamily.org\\\/lat\\\/dokumenti\\\/porodicni-pravilnik-kralja-aleksandra-i\\\/#breadcrumb\",\"itemListElement\":[{\"@type\":\"ListItem\",\"position\":1,\"name\":\"Home\",\"item\":\"https:\\\/\\\/royalfamily.org\\\/lat\\\/\"},{\"@type\":\"ListItem\",\"position\":2,\"name\":\"Dokumenti\",\"item\":\"https:\\\/\\\/royalfamily.org\\\/lat\\\/dokumenti\\\/\"},{\"@type\":\"ListItem\",\"position\":3,\"name\":\"Porodi\u010dni pravilnik za \u010dlanove Kraljevskog Doma Kraljevine Jugoslavije, Br. 3031 od 5. aprila 1930. godine\"}]},{\"@type\":\"WebSite\",\"@id\":\"https:\\\/\\\/royalfamily.org\\\/#website\",\"url\":\"https:\\\/\\\/royalfamily.org\\\/\",\"name\":\"The Royal Family of Serbia\",\"description\":\"From the people, for the people\",\"publisher\":{\"@id\":\"https:\\\/\\\/royalfamily.org\\\/#organization\"},\"potentialAction\":[{\"@type\":\"SearchAction\",\"target\":{\"@type\":\"EntryPoint\",\"urlTemplate\":\"https:\\\/\\\/royalfamily.org\\\/?s={search_term_string}\"},\"query-input\":{\"@type\":\"PropertyValueSpecification\",\"valueRequired\":true,\"valueName\":\"search_term_string\"}}],\"inLanguage\":\"sr-LT\"},{\"@type\":\"Organization\",\"@id\":\"https:\\\/\\\/royalfamily.org\\\/#organization\",\"name\":\"Royal Family\",\"url\":\"https:\\\/\\\/royalfamily.org\\\/\",\"logo\":{\"@type\":\"ImageObject\",\"inLanguage\":\"sr-LT\",\"@id\":\"https:\\\/\\\/royalfamily.org\\\/#\\\/schema\\\/logo\\\/image\\\/\",\"url\":\"https:\\\/\\\/royalfamily.org\\\/wp-content\\\/uploads\\\/2019\\\/04\\\/logo-vector-02-V-latinica.png\",\"contentUrl\":\"https:\\\/\\\/royalfamily.org\\\/wp-content\\\/uploads\\\/2019\\\/04\\\/logo-vector-02-V-latinica.png\",\"width\":552,\"height\":99,\"caption\":\"Royal Family\"},\"image\":{\"@id\":\"https:\\\/\\\/royalfamily.org\\\/#\\\/schema\\\/logo\\\/image\\\/\"},\"sameAs\":[\"https:\\\/\\\/www.facebook.com\\\/Prestolonaslednik.Aleksandar\"]}]}<\/script>\n<!-- \/ Yoast SEO Premium plugin. -->","yoast_head_json":{"title":"Porodi\u010dni pravilnik za \u010dlanove Kraljevskog Doma Kraljevine Jugoslavije, Br. 3031 od 5. aprila 1930. godine - The Royal Family of Serbia","robots":{"index":"index","follow":"follow","max-snippet":"max-snippet:-1","max-image-preview":"max-image-preview:large","max-video-preview":"max-video-preview:-1"},"canonical":"https:\/\/royalfamily.org\/lat\/dokumenti\/porodicni-pravilnik-kralja-aleksandra-i\/","og_locale":"en_US","og_type":"article","og_title":"Porodi\u010dni pravilnik za \u010dlanove Kraljevskog Doma Kraljevine Jugoslavije, Br. 3031 od 5. aprila 1930. godine","og_url":"https:\/\/royalfamily.org\/lat\/dokumenti\/porodicni-pravilnik-kralja-aleksandra-i\/","og_site_name":"The Royal Family of Serbia","article_publisher":"https:\/\/www.facebook.com\/Prestolonaslednik.Aleksandar","article_modified_time":"2023-12-08T14:22:46+00:00","og_image":[{"width":740,"height":350,"url":"https:\/\/royalfamily.org\/wp-content\/uploads\/2023\/12\/Cover-Vazna-Istorijska-Dokumenta.jpg","type":"image\/jpeg"}],"twitter_card":"summary_large_image","twitter_misc":{"Est. reading time":"5 minutes"},"schema":{"@context":"https:\/\/schema.org","@graph":[{"@type":"WebPage","@id":"https:\/\/royalfamily.org\/lat\/dokumenti\/porodicni-pravilnik-kralja-aleksandra-i\/","url":"https:\/\/royalfamily.org\/lat\/dokumenti\/porodicni-pravilnik-kralja-aleksandra-i\/","name":"Porodi\u010dni pravilnik za \u010dlanove Kraljevskog Doma Kraljevine Jugoslavije, Br. 3031 od 5. aprila 1930. godine - The Royal Family of Serbia","isPartOf":{"@id":"https:\/\/royalfamily.org\/#website"},"primaryImageOfPage":{"@id":"https:\/\/royalfamily.org\/lat\/dokumenti\/porodicni-pravilnik-kralja-aleksandra-i\/#primaryimage"},"image":{"@id":"https:\/\/royalfamily.org\/lat\/dokumenti\/porodicni-pravilnik-kralja-aleksandra-i\/#primaryimage"},"thumbnailUrl":"https:\/\/royalfamily.org\/wp-content\/uploads\/2023\/12\/Cover-Vazna-Istorijska-Dokumenta.jpg","datePublished":"2020-06-23T10:18:05+00:00","dateModified":"2023-12-08T14:22:46+00:00","breadcrumb":{"@id":"https:\/\/royalfamily.org\/lat\/dokumenti\/porodicni-pravilnik-kralja-aleksandra-i\/#breadcrumb"},"inLanguage":"sr-LT","potentialAction":[{"@type":"ReadAction","target":["https:\/\/royalfamily.org\/lat\/dokumenti\/porodicni-pravilnik-kralja-aleksandra-i\/"]}]},{"@type":"ImageObject","inLanguage":"sr-LT","@id":"https:\/\/royalfamily.org\/lat\/dokumenti\/porodicni-pravilnik-kralja-aleksandra-i\/#primaryimage","url":"https:\/\/royalfamily.org\/wp-content\/uploads\/2023\/12\/Cover-Vazna-Istorijska-Dokumenta.jpg","contentUrl":"https:\/\/royalfamily.org\/wp-content\/uploads\/2023\/12\/Cover-Vazna-Istorijska-Dokumenta.jpg","width":740,"height":350,"caption":"Coat the Arm of the Royal Family"},{"@type":"BreadcrumbList","@id":"https:\/\/royalfamily.org\/lat\/dokumenti\/porodicni-pravilnik-kralja-aleksandra-i\/#breadcrumb","itemListElement":[{"@type":"ListItem","position":1,"name":"Home","item":"https:\/\/royalfamily.org\/lat\/"},{"@type":"ListItem","position":2,"name":"Dokumenti","item":"https:\/\/royalfamily.org\/lat\/dokumenti\/"},{"@type":"ListItem","position":3,"name":"Porodi\u010dni pravilnik za \u010dlanove Kraljevskog Doma Kraljevine Jugoslavije, Br. 3031 od 5. aprila 1930. godine"}]},{"@type":"WebSite","@id":"https:\/\/royalfamily.org\/#website","url":"https:\/\/royalfamily.org\/","name":"The Royal Family of Serbia","description":"From the people, for the people","publisher":{"@id":"https:\/\/royalfamily.org\/#organization"},"potentialAction":[{"@type":"SearchAction","target":{"@type":"EntryPoint","urlTemplate":"https:\/\/royalfamily.org\/?s={search_term_string}"},"query-input":{"@type":"PropertyValueSpecification","valueRequired":true,"valueName":"search_term_string"}}],"inLanguage":"sr-LT"},{"@type":"Organization","@id":"https:\/\/royalfamily.org\/#organization","name":"Royal Family","url":"https:\/\/royalfamily.org\/","logo":{"@type":"ImageObject","inLanguage":"sr-LT","@id":"https:\/\/royalfamily.org\/#\/schema\/logo\/image\/","url":"https:\/\/royalfamily.org\/wp-content\/uploads\/2019\/04\/logo-vector-02-V-latinica.png","contentUrl":"https:\/\/royalfamily.org\/wp-content\/uploads\/2019\/04\/logo-vector-02-V-latinica.png","width":552,"height":99,"caption":"Royal Family"},"image":{"@id":"https:\/\/royalfamily.org\/#\/schema\/logo\/image\/"},"sameAs":["https:\/\/www.facebook.com\/Prestolonaslednik.Aleksandar"]}]}},"_links":{"self":[{"href":"https:\/\/royalfamily.org\/lat\/wp-json\/wp\/v2\/pages\/59538","targetHints":{"allow":["GET"]}}],"collection":[{"href":"https:\/\/royalfamily.org\/lat\/wp-json\/wp\/v2\/pages"}],"about":[{"href":"https:\/\/royalfamily.org\/lat\/wp-json\/wp\/v2\/types\/page"}],"author":[{"embeddable":true,"href":"https:\/\/royalfamily.org\/lat\/wp-json\/wp\/v2\/users\/1"}],"replies":[{"embeddable":true,"href":"https:\/\/royalfamily.org\/lat\/wp-json\/wp\/v2\/comments?post=59538"}],"version-history":[{"count":5,"href":"https:\/\/royalfamily.org\/lat\/wp-json\/wp\/v2\/pages\/59538\/revisions"}],"predecessor-version":[{"id":88191,"href":"https:\/\/royalfamily.org\/lat\/wp-json\/wp\/v2\/pages\/59538\/revisions\/88191"}],"up":[{"embeddable":true,"href":"https:\/\/royalfamily.org\/lat\/wp-json\/wp\/v2\/pages\/60064"}],"wp:featuredmedia":[{"embeddable":true,"href":"https:\/\/royalfamily.org\/lat\/wp-json\/wp\/v2\/media\/88167"}],"wp:attachment":[{"href":"https:\/\/royalfamily.org\/lat\/wp-json\/wp\/v2\/media?parent=59538"}],"curies":[{"name":"wp","href":"https:\/\/api.w.org\/{rel}","templated":true}]}}