{"id":82792,"date":"2022-06-08T12:02:16","date_gmt":"2022-06-08T10:02:16","guid":{"rendered":"https:\/\/royalfamily.org\/?page_id=82792"},"modified":"2022-06-08T12:02:17","modified_gmt":"2022-06-08T10:02:17","slug":"borislav-pekic","status":"publish","type":"page","link":"https:\/\/royalfamily.org\/lat\/krunski-savet\/borislav-pekic\/","title":{"rendered":"Borislav V. Peki\u0107"},"content":{"rendered":"<div class=\"fusion-fullwidth fullwidth-box fusion-builder-row-1 fusion-flex-container nonhundred-percent-fullwidth non-hundred-percent-height-scrolling\" style=\"--awb-border-radius-top-left:0px;--awb-border-radius-top-right:0px;--awb-border-radius-bottom-right:0px;--awb-border-radius-bottom-left:0px;--awb-flex-wrap:wrap;\" ><div class=\"fusion-builder-row fusion-row fusion-flex-align-items-flex-start fusion-flex-content-wrap\" style=\"max-width:1227.2px;margin-left: calc(-4% \/ 2 );margin-right: calc(-4% \/ 2 );\"><div class=\"fusion-layout-column fusion_builder_column fusion-builder-column-0 fusion_builder_column_1_4 1_4 fusion-flex-column\" style=\"--awb-bg-size:cover;--awb-width-large:25%;--awb-margin-top-large:0px;--awb-spacing-right-large:7.68%;--awb-margin-bottom-large:20px;--awb-spacing-left-large:7.68%;--awb-width-medium:100%;--awb-order-medium:0;--awb-spacing-right-medium:1.92%;--awb-spacing-left-medium:1.92%;--awb-width-small:100%;--awb-order-small:0;--awb-spacing-right-small:1.92%;--awb-spacing-left-small:1.92%;\"><div class=\"fusion-column-wrapper fusion-column-has-shadow fusion-flex-justify-content-flex-start fusion-content-layout-column\"><div class=\"fusion-widget-area awb-widget-area-element fusion-widget-area-1 fusion-content-widget-area fusion-no-small-visibility fusion-no-medium-visibility\" style=\"--awb-background-color:#e8e8e8;--awb-title-color:#333333;--awb-padding:4% 4% 4% 4%;\"><div class=\"fusion-additional-widget-content\"><\/div><\/div><\/div><\/div><div class=\"fusion-layout-column fusion_builder_column fusion-builder-column-1 fusion_builder_column_3_4 3_4 fusion-flex-column\" style=\"--awb-bg-size:cover;--awb-width-large:75%;--awb-margin-top-large:0px;--awb-spacing-right-large:2.56%;--awb-margin-bottom-large:20px;--awb-spacing-left-large:2.56%;--awb-width-medium:100%;--awb-order-medium:0;--awb-spacing-right-medium:1.92%;--awb-spacing-left-medium:1.92%;--awb-width-small:100%;--awb-order-small:0;--awb-spacing-right-small:1.92%;--awb-spacing-left-small:1.92%;\"><div class=\"fusion-column-wrapper fusion-column-has-shadow fusion-flex-justify-content-flex-start fusion-content-layout-column\"><div class=\"fusion-image-element \" style=\"--awb-caption-title-font-family:var(--h2_typography-font-family);--awb-caption-title-font-weight:var(--h2_typography-font-weight);--awb-caption-title-font-style:var(--h2_typography-font-style);--awb-caption-title-size:var(--h2_typography-font-size);--awb-caption-title-transform:var(--h2_typography-text-transform);--awb-caption-title-line-height:var(--h2_typography-line-height);--awb-caption-title-letter-spacing:var(--h2_typography-letter-spacing);\"><span class=\" fusion-imageframe imageframe-none imageframe-1 hover-type-none\"><img decoding=\"async\" width=\"740\" height=\"360\" alt=\"Pekic\" title=\"Pekic\" src=\"https:\/\/royalfamily.org\/wp-content\/uploads\/2022\/05\/cover-Pekic.jpg\" class=\"img-responsive wp-image-82391\" srcset=\"https:\/\/royalfamily.org\/wp-content\/uploads\/2022\/05\/cover-Pekic-200x97.jpg 200w, https:\/\/royalfamily.org\/wp-content\/uploads\/2022\/05\/cover-Pekic-400x195.jpg 400w, https:\/\/royalfamily.org\/wp-content\/uploads\/2022\/05\/cover-Pekic-600x292.jpg 600w, https:\/\/royalfamily.org\/wp-content\/uploads\/2022\/05\/cover-Pekic.jpg 740w\" sizes=\"(max-width: 1024px) 100vw, (max-width: 640px) 100vw, 740px\" \/><\/span><\/div><div class=\"fusion-separator fusion-full-width-sep\" style=\"align-self: center;margin-left: auto;margin-right: auto;margin-top:10px;margin-bottom:10px;width:100%;\"><\/div><div class=\"fusion-text fusion-text-1\"><p><strong>Borislav V. Peki\u0107<\/strong> (Podgorica, 4. februar 1930 \u2014 London, 2. jul 1992) bio je jedan od najzna\u010dajnijih srpskih knji\u017eevnika 20. veka, romansijer, dramski pisac, filmski scenarista, akademik i \u010dlan Krunskog saveta.<\/p>\n<p>Dobitnik je NIN-ove nagrade za roman Hodo\u010da\u0161\u0107e Arsenija Njegovana iz 1970. godine i niza drugih priznanja: Nagrada Sterijinog pozorja (1972); nagrada udru\u017eenja izdava\u010da, (1977); Nagrada Radio-Zagreba, (1982); Godi\u0161nja nagrada Udru\u017eenja knji\u017eevnika Srbije za Sabrana dela (1985); Njego\u0161eva nagrada, (1987); Nagrada Zadu\u017ebine Jakova Ignjatovi\u0107a, 1991. Orden zasluga za narod sa srebrnom zvezdom za doprinos u kulturnom stvarala\u0161tvu.<\/p>\n<p>Kao pripadnik Saveza demokratske omladine Jugoslavije, nakon Drugog svetskog rata je osu\u0111en na petnaest godina robije sa prinudnim radom. Izdr\u017eavao je kaznu u KPD Sremska Mitrovica i KPD Ni\u0161. Pomilovan je posle pet godina 1953. godine. Za vreme tamnovanja za\u010dete su mnoge ideje koje je posle razvio u svojim glavnim romanima. Nakon Peki\u0107eve emigracije u London 1971, jugoslovenske vlasti su ga smatrale personom non grata i niz godina su osuje\u0107ivali izdavanje njegovih dela u Jugoslaviji. Njegova najpoznatija dela su Zlatno runo, Besnilo, Odbrana i poslednji dani, Kako upokojiti vampira, Atlantida i Vreme \u010duda. Od 12. decembra 1985. bio je dopisni \u010dlan Srpske akademije nauka i umetnosti.<\/p>\n<p><strong>Priznanja:<\/strong> NIN-ova nagrada (1970); Nagrada Sterijinog pozorja (1972); Nagrada Udru\u017eenja izdava\u010da (1977); Nagrada Radio Zagreba (1982); Godi\u0161nja nagrada Udru\u017eenja knji\u017eevnika Srbije za Sabrana dela (1985); Njego\u0161eva nagrada (1987); Nagrada Zadu\u017ebine Jakova Ignjatovi\u0107a (1991); Orden zasluga za narod sa srebrnom zvezdom za doprinos u kulturnom stvarala\u0161tvu<\/p>\n<\/div><\/div><\/div><\/div><\/div>\n","protected":false},"excerpt":{"rendered":"","protected":false},"author":1001015,"featured_media":0,"parent":1060,"menu_order":0,"comment_status":"closed","ping_status":"closed","template":"","meta":{"_acf_changed":false,"footnotes":""},"class_list":["post-82792","page","type-page","status-publish","hentry"],"acf":[],"yoast_head":"<!-- This site is optimized with the Yoast SEO Premium plugin v27.4 (Yoast SEO v27.4) - https:\/\/yoast.com\/product\/yoast-seo-premium-wordpress\/ -->\n<title>Borislav V. Peki\u0107 - The Royal Family of Serbia<\/title>\n<meta name=\"robots\" content=\"index, follow, max-snippet:-1, max-image-preview:large, max-video-preview:-1\" \/>\n<link rel=\"canonical\" href=\"https:\/\/royalfamily.org\/lat\/krunski-savet\/borislav-pekic\/\" \/>\n<meta property=\"og:locale\" content=\"en_US\" \/>\n<meta property=\"og:type\" content=\"article\" \/>\n<meta property=\"og:title\" content=\"Borislav V. Peki\u0107\" \/>\n<meta property=\"og:url\" content=\"https:\/\/royalfamily.org\/lat\/krunski-savet\/borislav-pekic\/\" \/>\n<meta property=\"og:site_name\" content=\"The Royal Family of Serbia\" \/>\n<meta property=\"article:publisher\" content=\"https:\/\/www.facebook.com\/Prestolonaslednik.Aleksandar\" \/>\n<meta property=\"article:modified_time\" content=\"2022-06-08T10:02:17+00:00\" \/>\n<meta name=\"twitter:card\" content=\"summary_large_image\" \/>\n<meta name=\"twitter:label1\" content=\"Est. reading time\" \/>\n\t<meta name=\"twitter:data1\" content=\"7 minutes\" \/>\n<script type=\"application\/ld+json\" class=\"yoast-schema-graph\">{\"@context\":\"https:\\\/\\\/schema.org\",\"@graph\":[{\"@type\":\"WebPage\",\"@id\":\"https:\\\/\\\/royalfamily.org\\\/lat\\\/krunski-savet\\\/borislav-pekic\\\/\",\"url\":\"https:\\\/\\\/royalfamily.org\\\/lat\\\/krunski-savet\\\/borislav-pekic\\\/\",\"name\":\"Borislav V. Peki\u0107 - The Royal Family of Serbia\",\"isPartOf\":{\"@id\":\"https:\\\/\\\/royalfamily.org\\\/#website\"},\"datePublished\":\"2022-06-08T10:02:16+00:00\",\"dateModified\":\"2022-06-08T10:02:17+00:00\",\"breadcrumb\":{\"@id\":\"https:\\\/\\\/royalfamily.org\\\/lat\\\/krunski-savet\\\/borislav-pekic\\\/#breadcrumb\"},\"inLanguage\":\"sr-LT\",\"potentialAction\":[{\"@type\":\"ReadAction\",\"target\":[\"https:\\\/\\\/royalfamily.org\\\/lat\\\/krunski-savet\\\/borislav-pekic\\\/\"]}]},{\"@type\":\"BreadcrumbList\",\"@id\":\"https:\\\/\\\/royalfamily.org\\\/lat\\\/krunski-savet\\\/borislav-pekic\\\/#breadcrumb\",\"itemListElement\":[{\"@type\":\"ListItem\",\"position\":1,\"name\":\"Home\",\"item\":\"https:\\\/\\\/royalfamily.org\\\/lat\\\/\"},{\"@type\":\"ListItem\",\"position\":2,\"name\":\"Krunski savet\",\"item\":\"https:\\\/\\\/royalfamily.org\\\/lat\\\/krunski-savet\\\/\"},{\"@type\":\"ListItem\",\"position\":3,\"name\":\"Borislav V. Peki\u0107\"}]},{\"@type\":\"WebSite\",\"@id\":\"https:\\\/\\\/royalfamily.org\\\/#website\",\"url\":\"https:\\\/\\\/royalfamily.org\\\/\",\"name\":\"The Royal Family of Serbia\",\"description\":\"From the people, for the people\",\"publisher\":{\"@id\":\"https:\\\/\\\/royalfamily.org\\\/#organization\"},\"potentialAction\":[{\"@type\":\"SearchAction\",\"target\":{\"@type\":\"EntryPoint\",\"urlTemplate\":\"https:\\\/\\\/royalfamily.org\\\/?s={search_term_string}\"},\"query-input\":{\"@type\":\"PropertyValueSpecification\",\"valueRequired\":true,\"valueName\":\"search_term_string\"}}],\"inLanguage\":\"sr-LT\"},{\"@type\":\"Organization\",\"@id\":\"https:\\\/\\\/royalfamily.org\\\/#organization\",\"name\":\"Royal Family\",\"url\":\"https:\\\/\\\/royalfamily.org\\\/\",\"logo\":{\"@type\":\"ImageObject\",\"inLanguage\":\"sr-LT\",\"@id\":\"https:\\\/\\\/royalfamily.org\\\/#\\\/schema\\\/logo\\\/image\\\/\",\"url\":\"https:\\\/\\\/royalfamily.org\\\/wp-content\\\/uploads\\\/2019\\\/04\\\/logo-vector-02-V-latinica.png\",\"contentUrl\":\"https:\\\/\\\/royalfamily.org\\\/wp-content\\\/uploads\\\/2019\\\/04\\\/logo-vector-02-V-latinica.png\",\"width\":552,\"height\":99,\"caption\":\"Royal Family\"},\"image\":{\"@id\":\"https:\\\/\\\/royalfamily.org\\\/#\\\/schema\\\/logo\\\/image\\\/\"},\"sameAs\":[\"https:\\\/\\\/www.facebook.com\\\/Prestolonaslednik.Aleksandar\"]}]}<\/script>\n<!-- \/ Yoast SEO Premium plugin. -->","yoast_head_json":{"title":"Borislav V. Peki\u0107 - The Royal Family of Serbia","robots":{"index":"index","follow":"follow","max-snippet":"max-snippet:-1","max-image-preview":"max-image-preview:large","max-video-preview":"max-video-preview:-1"},"canonical":"https:\/\/royalfamily.org\/lat\/krunski-savet\/borislav-pekic\/","og_locale":"en_US","og_type":"article","og_title":"Borislav V. Peki\u0107","og_url":"https:\/\/royalfamily.org\/lat\/krunski-savet\/borislav-pekic\/","og_site_name":"The Royal Family of Serbia","article_publisher":"https:\/\/www.facebook.com\/Prestolonaslednik.Aleksandar","article_modified_time":"2022-06-08T10:02:17+00:00","twitter_card":"summary_large_image","twitter_misc":{"Est. reading time":"7 minutes"},"schema":{"@context":"https:\/\/schema.org","@graph":[{"@type":"WebPage","@id":"https:\/\/royalfamily.org\/lat\/krunski-savet\/borislav-pekic\/","url":"https:\/\/royalfamily.org\/lat\/krunski-savet\/borislav-pekic\/","name":"Borislav V. Peki\u0107 - The Royal Family of Serbia","isPartOf":{"@id":"https:\/\/royalfamily.org\/#website"},"datePublished":"2022-06-08T10:02:16+00:00","dateModified":"2022-06-08T10:02:17+00:00","breadcrumb":{"@id":"https:\/\/royalfamily.org\/lat\/krunski-savet\/borislav-pekic\/#breadcrumb"},"inLanguage":"sr-LT","potentialAction":[{"@type":"ReadAction","target":["https:\/\/royalfamily.org\/lat\/krunski-savet\/borislav-pekic\/"]}]},{"@type":"BreadcrumbList","@id":"https:\/\/royalfamily.org\/lat\/krunski-savet\/borislav-pekic\/#breadcrumb","itemListElement":[{"@type":"ListItem","position":1,"name":"Home","item":"https:\/\/royalfamily.org\/lat\/"},{"@type":"ListItem","position":2,"name":"Krunski savet","item":"https:\/\/royalfamily.org\/lat\/krunski-savet\/"},{"@type":"ListItem","position":3,"name":"Borislav V. Peki\u0107"}]},{"@type":"WebSite","@id":"https:\/\/royalfamily.org\/#website","url":"https:\/\/royalfamily.org\/","name":"The Royal Family of Serbia","description":"From the people, for the people","publisher":{"@id":"https:\/\/royalfamily.org\/#organization"},"potentialAction":[{"@type":"SearchAction","target":{"@type":"EntryPoint","urlTemplate":"https:\/\/royalfamily.org\/?s={search_term_string}"},"query-input":{"@type":"PropertyValueSpecification","valueRequired":true,"valueName":"search_term_string"}}],"inLanguage":"sr-LT"},{"@type":"Organization","@id":"https:\/\/royalfamily.org\/#organization","name":"Royal Family","url":"https:\/\/royalfamily.org\/","logo":{"@type":"ImageObject","inLanguage":"sr-LT","@id":"https:\/\/royalfamily.org\/#\/schema\/logo\/image\/","url":"https:\/\/royalfamily.org\/wp-content\/uploads\/2019\/04\/logo-vector-02-V-latinica.png","contentUrl":"https:\/\/royalfamily.org\/wp-content\/uploads\/2019\/04\/logo-vector-02-V-latinica.png","width":552,"height":99,"caption":"Royal Family"},"image":{"@id":"https:\/\/royalfamily.org\/#\/schema\/logo\/image\/"},"sameAs":["https:\/\/www.facebook.com\/Prestolonaslednik.Aleksandar"]}]}},"_links":{"self":[{"href":"https:\/\/royalfamily.org\/lat\/wp-json\/wp\/v2\/pages\/82792","targetHints":{"allow":["GET"]}}],"collection":[{"href":"https:\/\/royalfamily.org\/lat\/wp-json\/wp\/v2\/pages"}],"about":[{"href":"https:\/\/royalfamily.org\/lat\/wp-json\/wp\/v2\/types\/page"}],"author":[{"embeddable":true,"href":"https:\/\/royalfamily.org\/lat\/wp-json\/wp\/v2\/users\/1001015"}],"replies":[{"embeddable":true,"href":"https:\/\/royalfamily.org\/lat\/wp-json\/wp\/v2\/comments?post=82792"}],"version-history":[{"count":2,"href":"https:\/\/royalfamily.org\/lat\/wp-json\/wp\/v2\/pages\/82792\/revisions"}],"predecessor-version":[{"id":82794,"href":"https:\/\/royalfamily.org\/lat\/wp-json\/wp\/v2\/pages\/82792\/revisions\/82794"}],"up":[{"embeddable":true,"href":"https:\/\/royalfamily.org\/lat\/wp-json\/wp\/v2\/pages\/1060"}],"wp:attachment":[{"href":"https:\/\/royalfamily.org\/lat\/wp-json\/wp\/v2\/media?parent=82792"}],"curies":[{"name":"wp","href":"https:\/\/api.w.org\/{rel}","templated":true}]}}