{"id":83084,"date":"2022-06-20T10:01:00","date_gmt":"2022-06-20T08:01:00","guid":{"rendered":"https:\/\/royalfamily.org\/?page_id=83084"},"modified":"2022-06-20T10:01:01","modified_gmt":"2022-06-20T08:01:01","slug":"borislav-mihajlovic-mihiz","status":"publish","type":"page","link":"https:\/\/royalfamily.org\/lat\/krunski-savet\/borislav-mihajlovic-mihiz\/","title":{"rendered":"Borislav Mihajlovi\u0107-Mihiz"},"content":{"rendered":"<div class=\"fusion-fullwidth fullwidth-box fusion-builder-row-1 fusion-flex-container nonhundred-percent-fullwidth non-hundred-percent-height-scrolling\" style=\"--awb-border-radius-top-left:0px;--awb-border-radius-top-right:0px;--awb-border-radius-bottom-right:0px;--awb-border-radius-bottom-left:0px;--awb-flex-wrap:wrap;\" ><div class=\"fusion-builder-row fusion-row fusion-flex-align-items-flex-start fusion-flex-content-wrap\" style=\"max-width:1227.2px;margin-left: calc(-4% \/ 2 );margin-right: calc(-4% \/ 2 );\"><div class=\"fusion-layout-column fusion_builder_column fusion-builder-column-0 fusion_builder_column_1_4 1_4 fusion-flex-column\" style=\"--awb-bg-size:cover;--awb-width-large:25%;--awb-margin-top-large:0px;--awb-spacing-right-large:7.68%;--awb-margin-bottom-large:20px;--awb-spacing-left-large:7.68%;--awb-width-medium:100%;--awb-order-medium:0;--awb-spacing-right-medium:1.92%;--awb-spacing-left-medium:1.92%;--awb-width-small:100%;--awb-order-small:0;--awb-spacing-right-small:1.92%;--awb-spacing-left-small:1.92%;\"><div class=\"fusion-column-wrapper fusion-column-has-shadow fusion-flex-justify-content-flex-start fusion-content-layout-column\"><div class=\"fusion-widget-area awb-widget-area-element fusion-widget-area-1 fusion-content-widget-area fusion-no-small-visibility fusion-no-medium-visibility\" style=\"--awb-background-color:#e8e8e8;--awb-title-color:#333333;--awb-padding:4% 4% 4% 4%;\"><div id=\"text-8\" class=\"widget widget_text\" style=\"border-style: solid;border-color:transparent;border-width:0px;\">\t\t\t<div class=\"textwidget\"><p><a href=\"https:\/\/royalfamily.org\/lat\/krunski-savet\/prof-dr-aleksandar-simic\/\">Aleksandar P. Simi\u0107<\/a><\/p>\n<p><a href=\"https:\/\/royalfamily.org\/lat\/krunski-savet\/bogoljub-sijakovic-lat\/\">Bogoljub \u0160ijakovi\u0107<\/a><\/p>\n<p><a href=\"https:\/\/royalfamily.org\/lat\/krunski-savet\/bojan-sudjic\/\">Bojan Su\u0111i\u0107<\/a><\/p>\n<p><a href=\"https:\/\/royalfamily.org\/lat\/krunski-savet\/cedomir-antic-lat\/\">\u010cedomir Anti\u0107<\/a><\/p>\n<p><a href=\"https:\/\/royalfamily.org\/lat\/krunski-savet\/darko-spasic\/\">Darko Spasi\u0107<\/a><\/p>\n<p><a href=\"https:\/\/royalfamily.org\/lat\/krunski-savet\/dusan-kovacevic-lat\/\">Du\u0161an Kova\u010devi\u0107<\/a><\/p>\n<p><a href=\"https:\/\/royalfamily.org\/lat\/krunski-savet\/emir-kusturica-lat\/\">Emir Kusturica<\/a><\/p>\n<p><a href=\"https:\/\/royalfamily.org\/lat\/krunski-savet\/kosta-cavoski-lat\/\">Kosta \u010cavo\u0161ki<\/a><\/p>\n<p><a href=\"https:\/\/royalfamily.org\/lat\/krunski-savet\/matija-beckovic-lat\/\">Matija Be\u0107kovi\u0107<\/a><\/p>\n<p><a href=\"https:\/\/royalfamily.org\/lat\/krunski-savet\/marko-bumbasirevic\/\">Marko Bumba\u0161irevi\u0107<\/a><\/p>\n<p><a href=\"https:\/\/royalfamily.org\/lat\/krunski-savet\/milan-parivodic-lat\/\">Milan Parivodi\u0107<\/a><\/p>\n<p><a href=\"https:\/\/royalfamily.org\/lat\/krunski-savet\/milosav-tesic\/\">Milosav Te\u0161i\u0107<\/a><\/p>\n<p><a href=\"https:\/\/royalfamily.org\/lat\/krunski-savet\/nikola-moravcevic-lat\/\">Nikola Morav\u010devi\u0107<\/a><\/p>\n<p><a href=\"https:\/\/royalfamily.org\/lat\/krunski-savet\/predrag-markovic-lat\/\">Predrag Markovi\u0107<\/a><\/p>\n<p><a href=\"https:\/\/royalfamily.org\/lat\/krunski-savet\/slobodan-g-markovich-lat\/\">Slobodan G. Markovi\u0107<\/a><\/p>\n<p><a href=\"https:\/\/royalfamily.org\/lat\/krunski-savet\/vladan-vukosavljevic-lat\/\">Vladan Vukosavljevi\u0107<\/a><\/p>\n<p><a href=\"https:\/\/royalfamily.org\/lat\/krunski-savet\/vladan-zivulovic-lat\/\">Vladan \u017divulovi\u0107<\/a><\/p>\n<p><a href=\"https:\/\/royalfamily.org\/lat\/krunski-savet\/zoran-zivanovic\/\">Zoran \u017divanovi\u0107<\/a><\/p>\n<p><strong>Preminuli \u010dlanovi Krunskog saveta<\/strong><\/p>\n<p><a href=\"https:\/\/royalfamily.org\/lat\/krunski-savet\/prof-ivan-antic\/\">Prof. Ivan Anti\u0107<\/a><\/p>\n<p><a href=\"https:\/\/royalfamily.org\/dusan-t-batakovic\/\">Prof. dr Du\u0161an Batakovi\u0107<\/a><\/p>\n<p><a href=\"https:\/\/royalfamily.org\/lat\/krunski-savet\/prof-dr-zivojin-bumbasirevic\/\">Prof. dr \u017divojin Bumba\u0161irevi\u0107<\/a><\/p>\n<p><a href=\"https:\/\/royalfamily.org\/svetlana-velmar-jankovic\">Svetlana Velmar-Jankovi\u0107<\/a><\/p>\n<p><a href=\"https:\/\/royalfamily.org\/lat\/krunski-savet\/prof-dr-slobodan-vitanovic\/\">Prof. dr Slobodan Vitanovi\u0107<\/a><\/p>\n<p><a href=\"https:\/\/royalfamily.org\/lat\/krunski-savet\/dragomir-vitorovic\/\">Prof. dr Dragomir Vitorovi\u0107<\/a><\/p>\n<p><a href=\"https:\/\/royalfamily.org\/lat\/krunski-savet\/miroslav-gasic-lat\/\">Prof. dr Miroslav Ga\u0161i\u0107<\/a><\/p>\n<p><a href=\"https:\/\/royalfamily.org\/lat\/krunski-savet\/milovan-danojlic\/\">Milovan Danojli\u0107<\/a><\/p>\n<p><a href=\"https:\/\/royalfamily.org\/lat\/krunski-savet\/prof-dr-aleks-dragnic\/\">Prof. dr Aleks Dragni\u0107<\/a><\/p>\n<p><a href=\"https:\/\/royalfamily.org\/wp-content\/uploads\/2022\/05\/cover-Stepan-Dragojlovic.jpg\">Stepan Dragojlovi\u0107<\/a><\/p>\n<p><a href=\"https:\/\/royalfamily.org\/lat\/krunski-savet\/dorde-durisic\/\">\u0110or\u0111e \u0110uri\u0161i\u0107<\/a><\/p>\n<p><a href=\"https:\/\/royalfamily.org\/wp-content\/uploads\/2022\/05\/Cover-Milorad-Ilic-blank.jpg\">Milorad Ili\u0107<\/a><\/p>\n<p><a href=\"https:\/\/royalfamily.org\/crown-council\/dragoljub-kavran\">Prof. dr Dragoljub Kavran<\/a><\/p>\n<p><a href=\"https:\/\/royalfamily.org\/lat\/krunski-savet\/borislav-mihajlovic-mihiz\/\">Borislav Mihajlovi\u0107-Mihiz<\/a><\/p>\n<p><a href=\"https:\/\/royalfamily.org\/crown-council\/pavle-nikolic\/\">Prof. dr Pavle Nikoli\u0107<\/a><\/p>\n<p><a href=\"https:\/\/royalfamily.org\/lat\/krunski-savet\/prof-dr-milorad-pavic\/\">Prof. dr Milorad Pavi\u0107<\/a><\/p>\n<p><a href=\"https:\/\/royalfamily.org\/lat\/predrag-palavestra\/\">Prof. dr Predrag Palavestra<\/a><\/p>\n<p><a href=\"https:\/\/royalfamily.org\/lat\/krunski-savet\/borislav-pekic\/\">Borislav Peki\u0107<\/a><\/p>\n<p><a href=\"https:\/\/royalfamily.org\/lat\/slobodan-perovic-lat\/\">Prof. dr Slobodan Perovi\u0107<\/a><\/p>\n<p><a href=\"https:\/\/royalfamily.org\/lat\/krunski-savet\/prof-branko-pesic\/\">Prof. Branko Pe\u0161i\u0107<\/a><\/p>\n<p><a href=\"https:\/\/royalfamily.org\/lat\/krunski-savet\/prof-dr-branko-popovic\/\">Prof. dr Branko Popovi\u0107<\/a><\/p>\n<p><a href=\"https:\/\/royalfamily.org\/lat\/krunski-savet\/miodrag-mica-popovic\/\">Miodrag-Mi\u0107a Popovi\u0107<\/a><\/p>\n<p><a href=\"https:\/\/royalfamily.org\/milorad-savicevic\">Milorad Savi\u0107evi\u0107<\/a><\/p>\n<p><a href=\"https:\/\/royalfamily.org\/lat\/krunski-savet\/prof-dr-mladen-srbinovic\/\">Mladen Srbinovi\u0107<\/a><\/p>\n<p><a href=\"https:\/\/royalfamily.org\/lat\/krunski-savet\/prof-dr-dorde-vid-tomasevic\/\">Prof. dr \u0110or\u0111e-Vid Toma\u0161evi\u0107<\/a><\/p>\n<\/div>\n\t\t<\/div><div class=\"fusion-additional-widget-content\"><\/div><\/div><\/div><\/div><div class=\"fusion-layout-column fusion_builder_column fusion-builder-column-1 fusion_builder_column_3_4 3_4 fusion-flex-column\" style=\"--awb-bg-size:cover;--awb-width-large:75%;--awb-margin-top-large:0px;--awb-spacing-right-large:2.56%;--awb-margin-bottom-large:20px;--awb-spacing-left-large:2.56%;--awb-width-medium:100%;--awb-order-medium:0;--awb-spacing-right-medium:1.92%;--awb-spacing-left-medium:1.92%;--awb-width-small:100%;--awb-order-small:0;--awb-spacing-right-small:1.92%;--awb-spacing-left-small:1.92%;\"><div class=\"fusion-column-wrapper fusion-column-has-shadow fusion-flex-justify-content-flex-start fusion-content-layout-column\"><div class=\"fusion-image-element \" style=\"--awb-caption-title-font-family:var(--h2_typography-font-family);--awb-caption-title-font-weight:var(--h2_typography-font-weight);--awb-caption-title-font-style:var(--h2_typography-font-style);--awb-caption-title-size:var(--h2_typography-font-size);--awb-caption-title-transform:var(--h2_typography-text-transform);--awb-caption-title-line-height:var(--h2_typography-line-height);--awb-caption-title-letter-spacing:var(--h2_typography-letter-spacing);\"><span class=\" fusion-imageframe imageframe-none imageframe-1 hover-type-none\"><img decoding=\"async\" width=\"740\" height=\"360\" alt=\"Borislav Mihajlovic-Mihiz \" title=\"Borislav Mihajlovic-Mihiz\" src=\"https:\/\/royalfamily.org\/wp-content\/uploads\/2022\/05\/over-Mihiz.jpg\" class=\"img-responsive wp-image-82412\" srcset=\"https:\/\/royalfamily.org\/wp-content\/uploads\/2022\/05\/over-Mihiz-200x97.jpg 200w, https:\/\/royalfamily.org\/wp-content\/uploads\/2022\/05\/over-Mihiz-400x195.jpg 400w, https:\/\/royalfamily.org\/wp-content\/uploads\/2022\/05\/over-Mihiz-600x292.jpg 600w, https:\/\/royalfamily.org\/wp-content\/uploads\/2022\/05\/over-Mihiz.jpg 740w\" sizes=\"(max-width: 1024px) 100vw, (max-width: 640px) 100vw, 740px\" \/><\/span><\/div><div class=\"fusion-separator fusion-full-width-sep\" style=\"align-self: center;margin-left: auto;margin-right: auto;margin-top:10px;margin-bottom:10px;width:100%;\"><\/div><div class=\"fusion-text fusion-text-1\"><p><strong>Borislav Mihajlovi\u0107-Mihiz<\/strong> (Irig, 17. oktobar 1922 \u2014 Beograd, 15. decembar 1997) bio je srpski i jugoslovenski knji\u017eevni kriti\u010dar, knji\u017eevnik, dramaturg, scenarista, esejista, putopisac, pesnik, dramski pisac i \u010dlan Krunskog saveta.<\/p>\n<p>Klasi\u010dnu gimnaziju je zavr\u0161io u Sremskim Karlovcima. Po zavr\u0161etku rata upisuje Filozofski fakultet, grupu za srpskohrvatski jezik i knji\u017eevnost u Beogradu. Posle zavr\u0161etka studija 1949. godine zapo\u0161ljava se kao asistent u Muzeju Vuka i Dositeja gde ostaje oko godinu dana. Od 1951. do 1954. radi kao knji\u017eevni kriti\u010dar NIN-a, ali zbog dru\u017eenja sa tada nepodobnim Milovanom \u0110ilasom biva prinu\u0111en da napusti ovaj posao. Godine 1956. postaje upravnik biblioteke Matice srpske. Od 1960. do 1963, godine radi kao umetni\u010dki direktor Avala filma. Urednik izdava\u010dkog preduze\u0107a Prosveta postaje 1967. da bi posle \u010detiri meseca zbog neslaganja sa uredni\u010dkom politikom napustio ovaj posao. Sa Mirom Trailovi\u0107 stvara pozori\u0161te Atelje 212 i biva njegov umetni\u010dki savetnik od 1971. do 1983. godine.<\/p>\n<p>Sara\u0111ivao je u listovima: NIN, Politika, Knji\u017eevne novine, Knji\u017eevna re\u010d, Dnevnik, zagreba\u010dki Vjesnik, ljubljansko Delo, be\u010dki Die Presse, Duga itd.; u \u010dasopisima Letopis Matice srpske, Knji\u017eevnost, Savremenik, Delo i mnogim drugim u kojima je objavljivao \u010dlanke, eseje, kritike, putopise, feljtone, intervjue.<\/p>\n<p>Nosilac je mnogih knji\u017eevnih nagrada: Sterijina nagrada za dramu Banovi\u0107 Strahinja; Sterijina nagrada za dramatizaciju Nu\u0161i\u0107eve Autobiografije, Sterijina nagrada za adaptaciju Peki\u0107eve Kore\u0161podencije, Nagrada Marin Dr\u017ei\u0107 udru\u017eenja dramskih umetnika Jugoslavije za dramu Banovi\u0107 Strahinja; nagradu Biblioteke &#8220;\u0110or\u0111e Jovanovi\u0107&#8221; za knjigu kritike Portreti, nagradu &#8220;Milo\u0161 Crnjanski&#8221; za prvu knjigu &#8220;Autobiografija \u2014 o drugima&#8221;; nagrada &#8220;\u010calabr\u010dak&#8221; za esej &#8220;U znaku kukuruza&#8221;.<\/p>\n<p>Objavljivao je pesme, knji\u017eevne kritike, eseje, putopise, polemike, drame. Iz njegovog pera iza\u0161lo je vi\u0161e dramatizacija poznatih knji\u017eevnih dela. Beogradska pozori\u0161ta, kao i vi\u0161e drugih scena, \u0161irom zemlje, izvodile su Mihizove drame.<\/p>\n<p>Matica srpska od 2021. objavljuje sabrana dela Borislava Mihajlovi\u0107a Mihiza.<\/p>\n<\/div><\/div><\/div><\/div><\/div>\n","protected":false},"excerpt":{"rendered":"","protected":false},"author":1001015,"featured_media":0,"parent":1060,"menu_order":0,"comment_status":"closed","ping_status":"closed","template":"","meta":{"_acf_changed":false,"footnotes":""},"class_list":["post-83084","page","type-page","status-publish","hentry"],"acf":[],"yoast_head":"<!-- This site is optimized with the Yoast SEO Premium plugin v27.4 (Yoast SEO v27.4) - https:\/\/yoast.com\/product\/yoast-seo-premium-wordpress\/ -->\n<title>Borislav Mihajlovi\u0107-Mihiz - The Royal Family of Serbia<\/title>\n<meta name=\"robots\" content=\"index, follow, max-snippet:-1, max-image-preview:large, max-video-preview:-1\" \/>\n<link rel=\"canonical\" href=\"https:\/\/royalfamily.org\/lat\/krunski-savet\/borislav-mihajlovic-mihiz\/\" \/>\n<meta property=\"og:locale\" content=\"en_US\" \/>\n<meta property=\"og:type\" content=\"article\" \/>\n<meta property=\"og:title\" content=\"Borislav Mihajlovi\u0107-Mihiz\" \/>\n<meta property=\"og:url\" content=\"https:\/\/royalfamily.org\/lat\/krunski-savet\/borislav-mihajlovic-mihiz\/\" \/>\n<meta property=\"og:site_name\" content=\"The Royal Family of Serbia\" \/>\n<meta property=\"article:publisher\" content=\"https:\/\/www.facebook.com\/Prestolonaslednik.Aleksandar\" \/>\n<meta property=\"article:modified_time\" content=\"2022-06-20T08:01:01+00:00\" \/>\n<meta name=\"twitter:card\" content=\"summary_large_image\" \/>\n<meta name=\"twitter:label1\" content=\"Est. reading time\" \/>\n\t<meta name=\"twitter:data1\" content=\"8 minutes\" \/>\n<script type=\"application\/ld+json\" class=\"yoast-schema-graph\">{\"@context\":\"https:\\\/\\\/schema.org\",\"@graph\":[{\"@type\":\"WebPage\",\"@id\":\"https:\\\/\\\/royalfamily.org\\\/lat\\\/krunski-savet\\\/borislav-mihajlovic-mihiz\\\/\",\"url\":\"https:\\\/\\\/royalfamily.org\\\/lat\\\/krunski-savet\\\/borislav-mihajlovic-mihiz\\\/\",\"name\":\"Borislav Mihajlovi\u0107-Mihiz - The Royal Family of Serbia\",\"isPartOf\":{\"@id\":\"https:\\\/\\\/royalfamily.org\\\/#website\"},\"datePublished\":\"2022-06-20T08:01:00+00:00\",\"dateModified\":\"2022-06-20T08:01:01+00:00\",\"breadcrumb\":{\"@id\":\"https:\\\/\\\/royalfamily.org\\\/lat\\\/krunski-savet\\\/borislav-mihajlovic-mihiz\\\/#breadcrumb\"},\"inLanguage\":\"sr-LT\",\"potentialAction\":[{\"@type\":\"ReadAction\",\"target\":[\"https:\\\/\\\/royalfamily.org\\\/lat\\\/krunski-savet\\\/borislav-mihajlovic-mihiz\\\/\"]}]},{\"@type\":\"BreadcrumbList\",\"@id\":\"https:\\\/\\\/royalfamily.org\\\/lat\\\/krunski-savet\\\/borislav-mihajlovic-mihiz\\\/#breadcrumb\",\"itemListElement\":[{\"@type\":\"ListItem\",\"position\":1,\"name\":\"Home\",\"item\":\"https:\\\/\\\/royalfamily.org\\\/lat\\\/\"},{\"@type\":\"ListItem\",\"position\":2,\"name\":\"Krunski savet\",\"item\":\"https:\\\/\\\/royalfamily.org\\\/lat\\\/krunski-savet\\\/\"},{\"@type\":\"ListItem\",\"position\":3,\"name\":\"Borislav Mihajlovi\u0107-Mihiz\"}]},{\"@type\":\"WebSite\",\"@id\":\"https:\\\/\\\/royalfamily.org\\\/#website\",\"url\":\"https:\\\/\\\/royalfamily.org\\\/\",\"name\":\"The Royal Family of Serbia\",\"description\":\"From the people, for the people\",\"publisher\":{\"@id\":\"https:\\\/\\\/royalfamily.org\\\/#organization\"},\"potentialAction\":[{\"@type\":\"SearchAction\",\"target\":{\"@type\":\"EntryPoint\",\"urlTemplate\":\"https:\\\/\\\/royalfamily.org\\\/?s={search_term_string}\"},\"query-input\":{\"@type\":\"PropertyValueSpecification\",\"valueRequired\":true,\"valueName\":\"search_term_string\"}}],\"inLanguage\":\"sr-LT\"},{\"@type\":\"Organization\",\"@id\":\"https:\\\/\\\/royalfamily.org\\\/#organization\",\"name\":\"Royal Family\",\"url\":\"https:\\\/\\\/royalfamily.org\\\/\",\"logo\":{\"@type\":\"ImageObject\",\"inLanguage\":\"sr-LT\",\"@id\":\"https:\\\/\\\/royalfamily.org\\\/#\\\/schema\\\/logo\\\/image\\\/\",\"url\":\"https:\\\/\\\/royalfamily.org\\\/wp-content\\\/uploads\\\/2019\\\/04\\\/logo-vector-02-V-latinica.png\",\"contentUrl\":\"https:\\\/\\\/royalfamily.org\\\/wp-content\\\/uploads\\\/2019\\\/04\\\/logo-vector-02-V-latinica.png\",\"width\":552,\"height\":99,\"caption\":\"Royal Family\"},\"image\":{\"@id\":\"https:\\\/\\\/royalfamily.org\\\/#\\\/schema\\\/logo\\\/image\\\/\"},\"sameAs\":[\"https:\\\/\\\/www.facebook.com\\\/Prestolonaslednik.Aleksandar\"]}]}<\/script>\n<!-- \/ Yoast SEO Premium plugin. -->","yoast_head_json":{"title":"Borislav Mihajlovi\u0107-Mihiz - The Royal Family of Serbia","robots":{"index":"index","follow":"follow","max-snippet":"max-snippet:-1","max-image-preview":"max-image-preview:large","max-video-preview":"max-video-preview:-1"},"canonical":"https:\/\/royalfamily.org\/lat\/krunski-savet\/borislav-mihajlovic-mihiz\/","og_locale":"en_US","og_type":"article","og_title":"Borislav Mihajlovi\u0107-Mihiz","og_url":"https:\/\/royalfamily.org\/lat\/krunski-savet\/borislav-mihajlovic-mihiz\/","og_site_name":"The Royal Family of Serbia","article_publisher":"https:\/\/www.facebook.com\/Prestolonaslednik.Aleksandar","article_modified_time":"2022-06-20T08:01:01+00:00","twitter_card":"summary_large_image","twitter_misc":{"Est. reading time":"8 minutes"},"schema":{"@context":"https:\/\/schema.org","@graph":[{"@type":"WebPage","@id":"https:\/\/royalfamily.org\/lat\/krunski-savet\/borislav-mihajlovic-mihiz\/","url":"https:\/\/royalfamily.org\/lat\/krunski-savet\/borislav-mihajlovic-mihiz\/","name":"Borislav Mihajlovi\u0107-Mihiz - The Royal Family of Serbia","isPartOf":{"@id":"https:\/\/royalfamily.org\/#website"},"datePublished":"2022-06-20T08:01:00+00:00","dateModified":"2022-06-20T08:01:01+00:00","breadcrumb":{"@id":"https:\/\/royalfamily.org\/lat\/krunski-savet\/borislav-mihajlovic-mihiz\/#breadcrumb"},"inLanguage":"sr-LT","potentialAction":[{"@type":"ReadAction","target":["https:\/\/royalfamily.org\/lat\/krunski-savet\/borislav-mihajlovic-mihiz\/"]}]},{"@type":"BreadcrumbList","@id":"https:\/\/royalfamily.org\/lat\/krunski-savet\/borislav-mihajlovic-mihiz\/#breadcrumb","itemListElement":[{"@type":"ListItem","position":1,"name":"Home","item":"https:\/\/royalfamily.org\/lat\/"},{"@type":"ListItem","position":2,"name":"Krunski savet","item":"https:\/\/royalfamily.org\/lat\/krunski-savet\/"},{"@type":"ListItem","position":3,"name":"Borislav Mihajlovi\u0107-Mihiz"}]},{"@type":"WebSite","@id":"https:\/\/royalfamily.org\/#website","url":"https:\/\/royalfamily.org\/","name":"The Royal Family of Serbia","description":"From the people, for the people","publisher":{"@id":"https:\/\/royalfamily.org\/#organization"},"potentialAction":[{"@type":"SearchAction","target":{"@type":"EntryPoint","urlTemplate":"https:\/\/royalfamily.org\/?s={search_term_string}"},"query-input":{"@type":"PropertyValueSpecification","valueRequired":true,"valueName":"search_term_string"}}],"inLanguage":"sr-LT"},{"@type":"Organization","@id":"https:\/\/royalfamily.org\/#organization","name":"Royal Family","url":"https:\/\/royalfamily.org\/","logo":{"@type":"ImageObject","inLanguage":"sr-LT","@id":"https:\/\/royalfamily.org\/#\/schema\/logo\/image\/","url":"https:\/\/royalfamily.org\/wp-content\/uploads\/2019\/04\/logo-vector-02-V-latinica.png","contentUrl":"https:\/\/royalfamily.org\/wp-content\/uploads\/2019\/04\/logo-vector-02-V-latinica.png","width":552,"height":99,"caption":"Royal Family"},"image":{"@id":"https:\/\/royalfamily.org\/#\/schema\/logo\/image\/"},"sameAs":["https:\/\/www.facebook.com\/Prestolonaslednik.Aleksandar"]}]}},"_links":{"self":[{"href":"https:\/\/royalfamily.org\/lat\/wp-json\/wp\/v2\/pages\/83084","targetHints":{"allow":["GET"]}}],"collection":[{"href":"https:\/\/royalfamily.org\/lat\/wp-json\/wp\/v2\/pages"}],"about":[{"href":"https:\/\/royalfamily.org\/lat\/wp-json\/wp\/v2\/types\/page"}],"author":[{"embeddable":true,"href":"https:\/\/royalfamily.org\/lat\/wp-json\/wp\/v2\/users\/1001015"}],"replies":[{"embeddable":true,"href":"https:\/\/royalfamily.org\/lat\/wp-json\/wp\/v2\/comments?post=83084"}],"version-history":[{"count":3,"href":"https:\/\/royalfamily.org\/lat\/wp-json\/wp\/v2\/pages\/83084\/revisions"}],"predecessor-version":[{"id":83087,"href":"https:\/\/royalfamily.org\/lat\/wp-json\/wp\/v2\/pages\/83084\/revisions\/83087"}],"up":[{"embeddable":true,"href":"https:\/\/royalfamily.org\/lat\/wp-json\/wp\/v2\/pages\/1060"}],"wp:attachment":[{"href":"https:\/\/royalfamily.org\/lat\/wp-json\/wp\/v2\/media?parent=83084"}],"curies":[{"name":"wp","href":"https:\/\/api.w.org\/{rel}","templated":true}]}}