{"id":83174,"date":"2022-06-23T14:52:29","date_gmt":"2022-06-23T12:52:29","guid":{"rendered":"https:\/\/royalfamily.org\/?page_id=83174"},"modified":"2022-06-23T14:52:30","modified_gmt":"2022-06-23T12:52:30","slug":"prof-dr-aleks-dragnic","status":"publish","type":"page","link":"https:\/\/royalfamily.org\/lat\/krunski-savet\/prof-dr-aleks-dragnic\/","title":{"rendered":"Prof. dr Aleks Dragni\u0107"},"content":{"rendered":"<div class=\"fusion-fullwidth fullwidth-box fusion-builder-row-1 fusion-flex-container nonhundred-percent-fullwidth non-hundred-percent-height-scrolling\" style=\"--awb-border-radius-top-left:0px;--awb-border-radius-top-right:0px;--awb-border-radius-bottom-right:0px;--awb-border-radius-bottom-left:0px;--awb-flex-wrap:wrap;\" ><div class=\"fusion-builder-row fusion-row fusion-flex-align-items-flex-start fusion-flex-content-wrap\" style=\"max-width:1227.2px;margin-left: calc(-4% \/ 2 );margin-right: calc(-4% \/ 2 );\"><div class=\"fusion-layout-column fusion_builder_column fusion-builder-column-0 fusion_builder_column_1_4 1_4 fusion-flex-column\" style=\"--awb-bg-size:cover;--awb-width-large:25%;--awb-margin-top-large:0px;--awb-spacing-right-large:7.68%;--awb-margin-bottom-large:20px;--awb-spacing-left-large:7.68%;--awb-width-medium:100%;--awb-order-medium:0;--awb-spacing-right-medium:1.92%;--awb-spacing-left-medium:1.92%;--awb-width-small:100%;--awb-order-small:0;--awb-spacing-right-small:1.92%;--awb-spacing-left-small:1.92%;\"><div class=\"fusion-column-wrapper fusion-column-has-shadow fusion-flex-justify-content-flex-start fusion-content-layout-column\"><div class=\"fusion-widget-area awb-widget-area-element fusion-widget-area-1 fusion-content-widget-area fusion-no-small-visibility fusion-no-medium-visibility\" style=\"--awb-background-color:#e8e8e8;--awb-title-color:#333333;--awb-padding:4% 4% 4% 4%;\"><div id=\"text-8\" class=\"widget widget_text\" style=\"border-style: solid;border-color:transparent;border-width:0px;\">\t\t\t<div class=\"textwidget\"><p><a href=\"https:\/\/royalfamily.org\/lat\/krunski-savet\/prof-dr-aleksandar-simic\/\">Aleksandar P. Simi\u0107<\/a><\/p>\n<p><a href=\"https:\/\/royalfamily.org\/lat\/krunski-savet\/bogoljub-sijakovic-lat\/\">Bogoljub \u0160ijakovi\u0107<\/a><\/p>\n<p><a href=\"https:\/\/royalfamily.org\/lat\/krunski-savet\/bojan-sudjic\/\">Bojan Su\u0111i\u0107<\/a><\/p>\n<p><a href=\"https:\/\/royalfamily.org\/lat\/krunski-savet\/cedomir-antic-lat\/\">\u010cedomir Anti\u0107<\/a><\/p>\n<p><a href=\"https:\/\/royalfamily.org\/lat\/krunski-savet\/darko-spasic\/\">Darko Spasi\u0107<\/a><\/p>\n<p><a href=\"https:\/\/royalfamily.org\/lat\/krunski-savet\/dusan-kovacevic-lat\/\">Du\u0161an Kova\u010devi\u0107<\/a><\/p>\n<p><a href=\"https:\/\/royalfamily.org\/lat\/krunski-savet\/emir-kusturica-lat\/\">Emir Kusturica<\/a><\/p>\n<p><a href=\"https:\/\/royalfamily.org\/lat\/krunski-savet\/kosta-cavoski-lat\/\">Kosta \u010cavo\u0161ki<\/a><\/p>\n<p><a href=\"https:\/\/royalfamily.org\/lat\/krunski-savet\/matija-beckovic-lat\/\">Matija Be\u0107kovi\u0107<\/a><\/p>\n<p><a href=\"https:\/\/royalfamily.org\/lat\/krunski-savet\/marko-bumbasirevic\/\">Marko Bumba\u0161irevi\u0107<\/a><\/p>\n<p><a href=\"https:\/\/royalfamily.org\/lat\/krunski-savet\/milan-parivodic-lat\/\">Milan Parivodi\u0107<\/a><\/p>\n<p><a href=\"https:\/\/royalfamily.org\/lat\/krunski-savet\/milosav-tesic\/\">Milosav Te\u0161i\u0107<\/a><\/p>\n<p><a href=\"https:\/\/royalfamily.org\/lat\/krunski-savet\/nikola-moravcevic-lat\/\">Nikola Morav\u010devi\u0107<\/a><\/p>\n<p><a href=\"https:\/\/royalfamily.org\/lat\/krunski-savet\/predrag-markovic-lat\/\">Predrag Markovi\u0107<\/a><\/p>\n<p><a href=\"https:\/\/royalfamily.org\/lat\/krunski-savet\/slobodan-g-markovich-lat\/\">Slobodan G. Markovi\u0107<\/a><\/p>\n<p><a href=\"https:\/\/royalfamily.org\/lat\/krunski-savet\/vladan-vukosavljevic-lat\/\">Vladan Vukosavljevi\u0107<\/a><\/p>\n<p><a href=\"https:\/\/royalfamily.org\/lat\/krunski-savet\/vladan-zivulovic-lat\/\">Vladan \u017divulovi\u0107<\/a><\/p>\n<p><a href=\"https:\/\/royalfamily.org\/lat\/krunski-savet\/zoran-zivanovic\/\">Zoran \u017divanovi\u0107<\/a><\/p>\n<p><strong>Preminuli \u010dlanovi Krunskog saveta<\/strong><\/p>\n<p><a href=\"https:\/\/royalfamily.org\/lat\/krunski-savet\/prof-ivan-antic\/\">Prof. Ivan Anti\u0107<\/a><\/p>\n<p><a href=\"https:\/\/royalfamily.org\/dusan-t-batakovic\/\">Prof. dr Du\u0161an Batakovi\u0107<\/a><\/p>\n<p><a href=\"https:\/\/royalfamily.org\/lat\/krunski-savet\/prof-dr-zivojin-bumbasirevic\/\">Prof. dr \u017divojin Bumba\u0161irevi\u0107<\/a><\/p>\n<p><a href=\"https:\/\/royalfamily.org\/svetlana-velmar-jankovic\">Svetlana Velmar-Jankovi\u0107<\/a><\/p>\n<p><a href=\"https:\/\/royalfamily.org\/lat\/krunski-savet\/prof-dr-slobodan-vitanovic\/\">Prof. dr Slobodan Vitanovi\u0107<\/a><\/p>\n<p><a href=\"https:\/\/royalfamily.org\/lat\/krunski-savet\/dragomir-vitorovic\/\">Prof. dr Dragomir Vitorovi\u0107<\/a><\/p>\n<p><a href=\"https:\/\/royalfamily.org\/lat\/krunski-savet\/miroslav-gasic-lat\/\">Prof. dr Miroslav Ga\u0161i\u0107<\/a><\/p>\n<p><a href=\"https:\/\/royalfamily.org\/lat\/krunski-savet\/milovan-danojlic\/\">Milovan Danojli\u0107<\/a><\/p>\n<p><a href=\"https:\/\/royalfamily.org\/lat\/krunski-savet\/prof-dr-aleks-dragnic\/\">Prof. dr Aleks Dragni\u0107<\/a><\/p>\n<p><a href=\"https:\/\/royalfamily.org\/wp-content\/uploads\/2022\/05\/cover-Stepan-Dragojlovic.jpg\">Stepan Dragojlovi\u0107<\/a><\/p>\n<p><a href=\"https:\/\/royalfamily.org\/lat\/krunski-savet\/dorde-durisic\/\">\u0110or\u0111e \u0110uri\u0161i\u0107<\/a><\/p>\n<p><a href=\"https:\/\/royalfamily.org\/wp-content\/uploads\/2022\/05\/Cover-Milorad-Ilic-blank.jpg\">Milorad Ili\u0107<\/a><\/p>\n<p><a href=\"https:\/\/royalfamily.org\/crown-council\/dragoljub-kavran\">Prof. dr Dragoljub Kavran<\/a><\/p>\n<p><a href=\"https:\/\/royalfamily.org\/lat\/krunski-savet\/borislav-mihajlovic-mihiz\/\">Borislav Mihajlovi\u0107-Mihiz<\/a><\/p>\n<p><a href=\"https:\/\/royalfamily.org\/crown-council\/pavle-nikolic\/\">Prof. dr Pavle Nikoli\u0107<\/a><\/p>\n<p><a href=\"https:\/\/royalfamily.org\/lat\/krunski-savet\/prof-dr-milorad-pavic\/\">Prof. dr Milorad Pavi\u0107<\/a><\/p>\n<p><a href=\"https:\/\/royalfamily.org\/lat\/predrag-palavestra\/\">Prof. dr Predrag Palavestra<\/a><\/p>\n<p><a href=\"https:\/\/royalfamily.org\/lat\/krunski-savet\/borislav-pekic\/\">Borislav Peki\u0107<\/a><\/p>\n<p><a href=\"https:\/\/royalfamily.org\/lat\/slobodan-perovic-lat\/\">Prof. dr Slobodan Perovi\u0107<\/a><\/p>\n<p><a href=\"https:\/\/royalfamily.org\/lat\/krunski-savet\/prof-branko-pesic\/\">Prof. Branko Pe\u0161i\u0107<\/a><\/p>\n<p><a href=\"https:\/\/royalfamily.org\/lat\/krunski-savet\/prof-dr-branko-popovic\/\">Prof. dr Branko Popovi\u0107<\/a><\/p>\n<p><a href=\"https:\/\/royalfamily.org\/lat\/krunski-savet\/miodrag-mica-popovic\/\">Miodrag-Mi\u0107a Popovi\u0107<\/a><\/p>\n<p><a href=\"https:\/\/royalfamily.org\/milorad-savicevic\">Milorad Savi\u0107evi\u0107<\/a><\/p>\n<p><a href=\"https:\/\/royalfamily.org\/lat\/krunski-savet\/prof-dr-mladen-srbinovic\/\">Mladen Srbinovi\u0107<\/a><\/p>\n<p><a href=\"https:\/\/royalfamily.org\/lat\/krunski-savet\/prof-dr-dorde-vid-tomasevic\/\">Prof. dr \u0110or\u0111e-Vid Toma\u0161evi\u0107<\/a><\/p>\n<\/div>\n\t\t<\/div><div class=\"fusion-additional-widget-content\"><\/div><\/div><\/div><\/div><div class=\"fusion-layout-column fusion_builder_column fusion-builder-column-1 fusion_builder_column_3_4 3_4 fusion-flex-column\" style=\"--awb-bg-size:cover;--awb-width-large:75%;--awb-margin-top-large:0px;--awb-spacing-right-large:2.56%;--awb-margin-bottom-large:20px;--awb-spacing-left-large:2.56%;--awb-width-medium:100%;--awb-order-medium:0;--awb-spacing-right-medium:1.92%;--awb-spacing-left-medium:1.92%;--awb-width-small:100%;--awb-order-small:0;--awb-spacing-right-small:1.92%;--awb-spacing-left-small:1.92%;\"><div class=\"fusion-column-wrapper fusion-column-has-shadow fusion-flex-justify-content-flex-start fusion-content-layout-column\"><div class=\"fusion-image-element \" style=\"--awb-caption-title-font-family:var(--h2_typography-font-family);--awb-caption-title-font-weight:var(--h2_typography-font-weight);--awb-caption-title-font-style:var(--h2_typography-font-style);--awb-caption-title-size:var(--h2_typography-font-size);--awb-caption-title-transform:var(--h2_typography-text-transform);--awb-caption-title-line-height:var(--h2_typography-line-height);--awb-caption-title-letter-spacing:var(--h2_typography-letter-spacing);\"><span class=\" fusion-imageframe imageframe-none imageframe-1 hover-type-none\"><img decoding=\"async\" width=\"740\" height=\"360\" alt=\"Dragnich_Alex\" title=\"Dragnich_Alex\" src=\"https:\/\/royalfamily.org\/wp-content\/uploads\/2022\/05\/cover-Dragnich_Alex.jpg\" class=\"img-responsive wp-image-82382\" srcset=\"https:\/\/royalfamily.org\/wp-content\/uploads\/2022\/05\/cover-Dragnich_Alex-200x97.jpg 200w, https:\/\/royalfamily.org\/wp-content\/uploads\/2022\/05\/cover-Dragnich_Alex-400x195.jpg 400w, https:\/\/royalfamily.org\/wp-content\/uploads\/2022\/05\/cover-Dragnich_Alex-600x292.jpg 600w, https:\/\/royalfamily.org\/wp-content\/uploads\/2022\/05\/cover-Dragnich_Alex.jpg 740w\" sizes=\"(max-width: 1024px) 100vw, (max-width: 640px) 100vw, 740px\" \/><\/span><\/div><div class=\"fusion-separator fusion-full-width-sep\" style=\"align-self: center;margin-left: auto;margin-right: auto;margin-top:10px;margin-bottom:10px;width:100%;\"><\/div><div class=\"fusion-text fusion-text-1\"><p><strong>Prof. dr Aleks Dragni\u0107<\/strong> (Repablik, Va\u0161ington, 22. februar 1912 \u2014 Mi\u010delvil, Merilend 10. avgust 2009) je bio akademik SANU kao inostrani \u010dlan, \u010dlan Krunskog saveta i nosilac Velikog krsta Kraljevskog ordena Belog orla. Radio je kao ameri\u010dki univerzitetski profesor politi\u010dkih nauka na univerzitetu Vanderbilt i bio je stru\u010dnjak za Jugoslaviju i Srbiju.<\/p>\n<p>Nakon predavanja na Kejs Vestern univerzitetu u Klivlendu, postao je ata\u0161e za kulturu i odnose sa javno\u0161\u0107u u ameri\u010dkoj ambasadi u Beogradu, od 1947. do 1950. Ovo mesto oblikovalo je \u010ditavu njegovu karijeru. Kancelar Univerziteta Vanderbilt Harvi Branskomb, u misiji vlade SAD, sastao se sa Dragni\u0107em u Beogradu. Bio je toliko impresioniran da mu je ponudio imenovanje za vanrednog profesora, ukoliko odlu\u010di da napusti vladinu slu\u017ebu.<\/p>\n<p>Predavao je na univerzitetu Vanderbilt u saveznoj dr\u017eavi Tenesi od 1950. do 1978. godine, a predsedavao je odeljenjem \u0455a politi\u010dke nauke od 1964. do 1969. godine. 1970. godine je dobio naradu Tomas D\u017eeferson za svoje izvanredne zasluge na Vanderbiltu.<\/p>\n<p>Nakon penzionisanja sa Vanderbilt univerziteta, Dragni\u0107 je predavao na Univerzitetu Va\u0161inton i Li u Leksington, Vird\u017einija, i bio istra\u017eiva\u010d na Huverovom institutu u Stanfordu, Kalifornija. Bio je predsednik Ju\u017enog udru\u017eenja politi\u010dkih nauka i potpredsednik Ameri\u010dkog udru\u017eenja za politi\u010dke nauke.<\/p>\n<p>Napisao je 11 knjiga me\u0111u kojima je najpoznatiji ud\u017ebenik \u201eGlavne evropske vlade\u201c (1961.) koji je do\u017eiveo devet izdanja. Veoma zna\u010dajna je i \u201eTitova obe\u0107ana zemlja\u201c &#8211; gde o\u0161tro kritikuj jugoslovenski komunisti\u010dki sistem, objavljena je 1954. godine, koja je usledila posle njegovog slu\u017ebovanja u ambasadi Sjedinjenih Ameri\u010dkih Dr\u017eava u Beogradu, izme\u0111u 1947. i 1950. godine. Nakon ove knjige usledila je o\u0161tra reakcija jugoslovenskih vlasti i njemu je zabranjen povratak u Jugoslaviju. 1992. objavio je knjigu \u201eSrbi i Hrvati &#8211; borba u Jugoslaviji\u201c, a svoju poslednju knjigu \u201eSrbija kroz vekove\u201c objavio je 2004. godine.<\/p>\n<p>Dragni\u0107 je bio stru\u010dnjak za slavistiku i poznavalac politi\u010dke situacije u Jugoslaviji od njenog osnivanja 1918. godine i objavio je niz knjiga, \u010dlanaka, komentara i prikaza o Jugoslaviji i Srbiji. \u010cesto je bio pozivan od strane ameri\u010dkih novinara da da komentar na trenutna zbivanja u Jugoslaviji. Javno je kritikovao bombardovanje Jugoslavije u Ameri\u010dkim televizijskih emisijama i svojim kolumnama.<\/p>\n<p>Prof. Dragni\u0107 je predavao i na Univerzitetu Va\u0161ington i Li, bio saradnik istra\u017eiva\u010d pri Huverovom institutu u Stefordu, u Kaliforniji, slu\u017eio kao predsednik Udru\u017eenja za politi\u010dke nauke Juga i potpredsednik Ameri\u010dkog udru\u017eenja za politi\u010dke nauke. Nakon penzionisanja postaje emeritus univerziteta Vanderbilt.<\/p>\n<p>Vlada Srbije Dragni\u0107u je 2002. godine dodelila orden \u201eJugoslovenske zvezde prvog reda\u201c, za zasluge na unapre\u0111enju imid\u017ea Srba i Srbije u SAD.<\/p>\n<\/div><\/div><\/div><\/div><\/div>\n","protected":false},"excerpt":{"rendered":"","protected":false},"author":1001015,"featured_media":0,"parent":1060,"menu_order":0,"comment_status":"closed","ping_status":"closed","template":"","meta":{"_acf_changed":false,"footnotes":""},"class_list":["post-83174","page","type-page","status-publish","hentry"],"acf":[],"yoast_head":"<!-- This site is optimized with the Yoast SEO Premium plugin v27.4 (Yoast SEO v27.4) - https:\/\/yoast.com\/product\/yoast-seo-premium-wordpress\/ -->\n<title>Prof. dr Aleks Dragni\u0107 - The Royal Family of Serbia<\/title>\n<meta name=\"robots\" content=\"index, follow, max-snippet:-1, max-image-preview:large, max-video-preview:-1\" \/>\n<link rel=\"canonical\" href=\"https:\/\/royalfamily.org\/lat\/krunski-savet\/prof-dr-aleks-dragnic\/\" \/>\n<meta property=\"og:locale\" content=\"en_US\" \/>\n<meta property=\"og:type\" content=\"article\" \/>\n<meta property=\"og:title\" content=\"Prof. dr Aleks Dragni\u0107\" \/>\n<meta property=\"og:url\" content=\"https:\/\/royalfamily.org\/lat\/krunski-savet\/prof-dr-aleks-dragnic\/\" \/>\n<meta property=\"og:site_name\" content=\"The Royal Family of Serbia\" \/>\n<meta property=\"article:publisher\" content=\"https:\/\/www.facebook.com\/Prestolonaslednik.Aleksandar\" \/>\n<meta property=\"article:modified_time\" content=\"2022-06-23T12:52:30+00:00\" \/>\n<meta name=\"twitter:card\" content=\"summary_large_image\" \/>\n<meta name=\"twitter:label1\" content=\"Est. reading time\" \/>\n\t<meta name=\"twitter:data1\" content=\"8 minutes\" \/>\n<script type=\"application\/ld+json\" class=\"yoast-schema-graph\">{\"@context\":\"https:\\\/\\\/schema.org\",\"@graph\":[{\"@type\":\"WebPage\",\"@id\":\"https:\\\/\\\/royalfamily.org\\\/lat\\\/krunski-savet\\\/prof-dr-aleks-dragnic\\\/\",\"url\":\"https:\\\/\\\/royalfamily.org\\\/lat\\\/krunski-savet\\\/prof-dr-aleks-dragnic\\\/\",\"name\":\"Prof. dr Aleks Dragni\u0107 - The Royal Family of Serbia\",\"isPartOf\":{\"@id\":\"https:\\\/\\\/royalfamily.org\\\/#website\"},\"datePublished\":\"2022-06-23T12:52:29+00:00\",\"dateModified\":\"2022-06-23T12:52:30+00:00\",\"breadcrumb\":{\"@id\":\"https:\\\/\\\/royalfamily.org\\\/lat\\\/krunski-savet\\\/prof-dr-aleks-dragnic\\\/#breadcrumb\"},\"inLanguage\":\"sr-LT\",\"potentialAction\":[{\"@type\":\"ReadAction\",\"target\":[\"https:\\\/\\\/royalfamily.org\\\/lat\\\/krunski-savet\\\/prof-dr-aleks-dragnic\\\/\"]}]},{\"@type\":\"BreadcrumbList\",\"@id\":\"https:\\\/\\\/royalfamily.org\\\/lat\\\/krunski-savet\\\/prof-dr-aleks-dragnic\\\/#breadcrumb\",\"itemListElement\":[{\"@type\":\"ListItem\",\"position\":1,\"name\":\"Home\",\"item\":\"https:\\\/\\\/royalfamily.org\\\/lat\\\/\"},{\"@type\":\"ListItem\",\"position\":2,\"name\":\"Krunski savet\",\"item\":\"https:\\\/\\\/royalfamily.org\\\/lat\\\/krunski-savet\\\/\"},{\"@type\":\"ListItem\",\"position\":3,\"name\":\"Prof. dr Aleks Dragni\u0107\"}]},{\"@type\":\"WebSite\",\"@id\":\"https:\\\/\\\/royalfamily.org\\\/#website\",\"url\":\"https:\\\/\\\/royalfamily.org\\\/\",\"name\":\"The Royal Family of Serbia\",\"description\":\"From the people, for the people\",\"publisher\":{\"@id\":\"https:\\\/\\\/royalfamily.org\\\/#organization\"},\"potentialAction\":[{\"@type\":\"SearchAction\",\"target\":{\"@type\":\"EntryPoint\",\"urlTemplate\":\"https:\\\/\\\/royalfamily.org\\\/?s={search_term_string}\"},\"query-input\":{\"@type\":\"PropertyValueSpecification\",\"valueRequired\":true,\"valueName\":\"search_term_string\"}}],\"inLanguage\":\"sr-LT\"},{\"@type\":\"Organization\",\"@id\":\"https:\\\/\\\/royalfamily.org\\\/#organization\",\"name\":\"Royal Family\",\"url\":\"https:\\\/\\\/royalfamily.org\\\/\",\"logo\":{\"@type\":\"ImageObject\",\"inLanguage\":\"sr-LT\",\"@id\":\"https:\\\/\\\/royalfamily.org\\\/#\\\/schema\\\/logo\\\/image\\\/\",\"url\":\"https:\\\/\\\/royalfamily.org\\\/wp-content\\\/uploads\\\/2019\\\/04\\\/logo-vector-02-V-latinica.png\",\"contentUrl\":\"https:\\\/\\\/royalfamily.org\\\/wp-content\\\/uploads\\\/2019\\\/04\\\/logo-vector-02-V-latinica.png\",\"width\":552,\"height\":99,\"caption\":\"Royal Family\"},\"image\":{\"@id\":\"https:\\\/\\\/royalfamily.org\\\/#\\\/schema\\\/logo\\\/image\\\/\"},\"sameAs\":[\"https:\\\/\\\/www.facebook.com\\\/Prestolonaslednik.Aleksandar\"]}]}<\/script>\n<!-- \/ Yoast SEO Premium plugin. -->","yoast_head_json":{"title":"Prof. dr Aleks Dragni\u0107 - The Royal Family of Serbia","robots":{"index":"index","follow":"follow","max-snippet":"max-snippet:-1","max-image-preview":"max-image-preview:large","max-video-preview":"max-video-preview:-1"},"canonical":"https:\/\/royalfamily.org\/lat\/krunski-savet\/prof-dr-aleks-dragnic\/","og_locale":"en_US","og_type":"article","og_title":"Prof. dr Aleks Dragni\u0107","og_url":"https:\/\/royalfamily.org\/lat\/krunski-savet\/prof-dr-aleks-dragnic\/","og_site_name":"The Royal Family of Serbia","article_publisher":"https:\/\/www.facebook.com\/Prestolonaslednik.Aleksandar","article_modified_time":"2022-06-23T12:52:30+00:00","twitter_card":"summary_large_image","twitter_misc":{"Est. reading time":"8 minutes"},"schema":{"@context":"https:\/\/schema.org","@graph":[{"@type":"WebPage","@id":"https:\/\/royalfamily.org\/lat\/krunski-savet\/prof-dr-aleks-dragnic\/","url":"https:\/\/royalfamily.org\/lat\/krunski-savet\/prof-dr-aleks-dragnic\/","name":"Prof. dr Aleks Dragni\u0107 - The Royal Family of Serbia","isPartOf":{"@id":"https:\/\/royalfamily.org\/#website"},"datePublished":"2022-06-23T12:52:29+00:00","dateModified":"2022-06-23T12:52:30+00:00","breadcrumb":{"@id":"https:\/\/royalfamily.org\/lat\/krunski-savet\/prof-dr-aleks-dragnic\/#breadcrumb"},"inLanguage":"sr-LT","potentialAction":[{"@type":"ReadAction","target":["https:\/\/royalfamily.org\/lat\/krunski-savet\/prof-dr-aleks-dragnic\/"]}]},{"@type":"BreadcrumbList","@id":"https:\/\/royalfamily.org\/lat\/krunski-savet\/prof-dr-aleks-dragnic\/#breadcrumb","itemListElement":[{"@type":"ListItem","position":1,"name":"Home","item":"https:\/\/royalfamily.org\/lat\/"},{"@type":"ListItem","position":2,"name":"Krunski savet","item":"https:\/\/royalfamily.org\/lat\/krunski-savet\/"},{"@type":"ListItem","position":3,"name":"Prof. dr Aleks Dragni\u0107"}]},{"@type":"WebSite","@id":"https:\/\/royalfamily.org\/#website","url":"https:\/\/royalfamily.org\/","name":"The Royal Family of Serbia","description":"From the people, for the people","publisher":{"@id":"https:\/\/royalfamily.org\/#organization"},"potentialAction":[{"@type":"SearchAction","target":{"@type":"EntryPoint","urlTemplate":"https:\/\/royalfamily.org\/?s={search_term_string}"},"query-input":{"@type":"PropertyValueSpecification","valueRequired":true,"valueName":"search_term_string"}}],"inLanguage":"sr-LT"},{"@type":"Organization","@id":"https:\/\/royalfamily.org\/#organization","name":"Royal Family","url":"https:\/\/royalfamily.org\/","logo":{"@type":"ImageObject","inLanguage":"sr-LT","@id":"https:\/\/royalfamily.org\/#\/schema\/logo\/image\/","url":"https:\/\/royalfamily.org\/wp-content\/uploads\/2019\/04\/logo-vector-02-V-latinica.png","contentUrl":"https:\/\/royalfamily.org\/wp-content\/uploads\/2019\/04\/logo-vector-02-V-latinica.png","width":552,"height":99,"caption":"Royal Family"},"image":{"@id":"https:\/\/royalfamily.org\/#\/schema\/logo\/image\/"},"sameAs":["https:\/\/www.facebook.com\/Prestolonaslednik.Aleksandar"]}]}},"_links":{"self":[{"href":"https:\/\/royalfamily.org\/lat\/wp-json\/wp\/v2\/pages\/83174","targetHints":{"allow":["GET"]}}],"collection":[{"href":"https:\/\/royalfamily.org\/lat\/wp-json\/wp\/v2\/pages"}],"about":[{"href":"https:\/\/royalfamily.org\/lat\/wp-json\/wp\/v2\/types\/page"}],"author":[{"embeddable":true,"href":"https:\/\/royalfamily.org\/lat\/wp-json\/wp\/v2\/users\/1001015"}],"replies":[{"embeddable":true,"href":"https:\/\/royalfamily.org\/lat\/wp-json\/wp\/v2\/comments?post=83174"}],"version-history":[{"count":2,"href":"https:\/\/royalfamily.org\/lat\/wp-json\/wp\/v2\/pages\/83174\/revisions"}],"predecessor-version":[{"id":83176,"href":"https:\/\/royalfamily.org\/lat\/wp-json\/wp\/v2\/pages\/83174\/revisions\/83176"}],"up":[{"embeddable":true,"href":"https:\/\/royalfamily.org\/lat\/wp-json\/wp\/v2\/pages\/1060"}],"wp:attachment":[{"href":"https:\/\/royalfamily.org\/lat\/wp-json\/wp\/v2\/media?parent=83174"}],"curies":[{"name":"wp","href":"https:\/\/api.w.org\/{rel}","templated":true}]}}